{"id":86900,"date":"2024-01-08T16:56:49","date_gmt":"2024-01-09T00:56:49","guid":{"rendered":"https:\/\/koronapos.com\/produkt-demo-videos\/"},"modified":"2026-03-31T08:18:03","modified_gmt":"2026-03-31T15:18:03","slug":"produkt-demo-videos","status":"publish","type":"page","link":"https:\/\/koronapos.com\/de\/produkt-demo-videos\/","title":{"rendered":"Produkt-Demo-Videos"},"content":{"rendered":"\n<div class=\"wp-block-cover alignfull is-light\" style=\"min-height:678px;aspect-ratio:unset;\"><img decoding=\"async\" width=\"1920\" height=\"1080\" class=\"wp-block-cover__image-background wp-image-41795\" alt=\"\" src=\"https:\/\/koronapos.com\/wp-content\/uploads\/2023\/03\/CoverBannerBG-01.png\" style=\"object-position:50% 97%\" data-object-fit=\"cover\" data-object-position=\"50% 97%\" srcset=\"https:\/\/koronapos.com\/wp-content\/uploads\/2023\/03\/CoverBannerBG-01.png 1920w, https:\/\/koronapos.com\/wp-content\/uploads\/2023\/03\/CoverBannerBG-01-300x169.png 300w, https:\/\/koronapos.com\/wp-content\/uploads\/2023\/03\/CoverBannerBG-01-1024x576.png 1024w, https:\/\/koronapos.com\/wp-content\/uploads\/2023\/03\/CoverBannerBG-01-768x432.png 768w, https:\/\/koronapos.com\/wp-content\/uploads\/2023\/03\/CoverBannerBG-01-1536x864.png 1536w\" sizes=\"(max-width: 1920px) 100vw, 1920px\" \/><span aria-hidden=\"true\" class=\"wp-block-cover__background has-background-dim-0 has-background-dim\"><\/span><div class=\"wp-block-cover__inner-container is-layout-flow wp-block-cover-is-layout-flow\"><div class=\"gb-container gb-container-80bf5672\">\n<div class=\"gb-grid-wrapper gb-grid-wrapper-681d2bf9\">\n<div class=\"gb-grid-column gb-grid-column-b1caf9a0\"><div class=\"gb-container gb-container-b1caf9a0\">\n\n<h1 class=\"gb-headline gb-headline-1e75eccf gb-headline-text\">KORONA POS Produktdemo<\/h1>\n\n\n\n<h2 class=\"gb-headline gb-headline-ebad4560 gb-headline-text\">Entdecken Sie die Leistungsf\u00e4higkeit von KORONA POS<\/h2>\n\n\n<div class=\"gb-container gb-container-b8c3e3f2\">\n\n<a class=\"gb-button gb-button-18b29907 gb-button-text gb-button-main\" href=\"https:\/\/koronapos.com\/de\/demo-vereinbaren\/\">Holen Sie sich eine personalisierte Demo  <\/a>\n\n<\/div>\n<\/div><\/div>\n\n<div class=\"gb-grid-column gb-grid-column-17ccac1a\"><div class=\"gb-container gb-container-17ccac1a\">\n\n<figure class=\"gb-block-image gb-block-image-9f9ead73\"><img decoding=\"async\" width=\"698\" height=\"565\" class=\"gb-image gb-image-9f9ead73\" src=\"https:\/\/koronapos.com\/wp-content\/uploads\/2025\/08\/Terminal_Mobile_Tablet-2025-1-1.png\" alt=\"\" title=\"Terminal_Mobile_Tablet 2025 (1)\" srcset=\"https:\/\/koronapos.com\/wp-content\/uploads\/2025\/08\/Terminal_Mobile_Tablet-2025-1-1.png 698w, https:\/\/koronapos.com\/wp-content\/uploads\/2025\/08\/Terminal_Mobile_Tablet-2025-1-1-300x243.png 300w\" sizes=\"(max-width: 698px) 100vw, 698px\" \/><\/figure>\n\n<\/div><\/div>\n<\/div>\n<\/div><\/div><\/div>\n\n\n<div class=\"gb-container gb-container-d01fb630 alignfull\">\n<div class=\"gb-container gb-container-2a22aa02\">\n\n<h2 class=\"gb-headline gb-headline-71152fe4\"><span class=\"gb-icon\"><svg xmlns=\"http:\/\/www.w3.org\/2000\/svg\" viewBox=\"0 0 36.7 3\"><path d=\"M0 0h36.7v3H0z\"><\/path><\/svg><\/span><span class=\"gb-headline-text\">POS-System f\u00fcr den Einzelhandel<\/span><\/h2>\n\n\n<div class=\"gb-grid-wrapper gb-grid-wrapper-0da560ee\">\n<div class=\"gb-grid-column gb-grid-column-f48ade97\"><div class=\"gb-container gb-container-f48ade97\">\n\n<figure class=\"wp-block-embed is-type-video is-provider-youtube wp-block-embed-youtube wp-embed-aspect-16-9 wp-has-aspect-ratio\"><div class=\"wp-block-embed__wrapper\">\n<iframe title=\"Retail Point of Sale Demo for KORONA POS - Part 1\" width=\"1200\" height=\"675\" src=\"https:\/\/www.youtube.com\/embed\/F9mc26iCjMA?feature=oembed\" frameborder=\"0\" allow=\"accelerometer; autoplay; clipboard-write; encrypted-media; gyroscope; picture-in-picture; web-share\" referrerpolicy=\"strict-origin-when-cross-origin\" allowfullscreen><\/iframe>\n<\/div><\/figure>\n\n\n\n<h3 class=\"gb-headline gb-headline-120fbf1c gb-headline-text\">Teil 1 \u2013 Front Point of Sale Demo<\/h3>\n\n<\/div><\/div>\n\n<div class=\"gb-grid-column gb-grid-column-9e4b1426\"><div class=\"gb-container gb-container-9e4b1426\">\n\n<figure class=\"wp-block-embed is-type-video is-provider-youtube wp-block-embed-youtube wp-embed-aspect-16-9 wp-has-aspect-ratio\"><div class=\"wp-block-embed__wrapper\">\n<iframe title=\"Retail Point of Sale Demo for KORONA POS - Part 2\" width=\"1200\" height=\"675\" src=\"https:\/\/www.youtube.com\/embed\/v_-zme-3eFk?feature=oembed\" frameborder=\"0\" allow=\"accelerometer; autoplay; clipboard-write; encrypted-media; gyroscope; picture-in-picture; web-share\" referrerpolicy=\"strict-origin-when-cross-origin\" allowfullscreen><\/iframe>\n<\/div><\/figure>\n\n\n\n<h3 class=\"gb-headline gb-headline-b9c08dea gb-headline-text\">Teil 2 \u2013 Back-Office-Demo zum Point-of-Sale<\/h3>\n\n<\/div><\/div>\n<\/div>\n<\/div>\n\n<div class=\"gb-container gb-container-4dcf5550\">\n<div class=\"gb-grid-wrapper gb-grid-wrapper-992b6fed\">\n<div class=\"gb-grid-column gb-grid-column-15ddc5ef\"><div class=\"gb-container gb-container-15ddc5ef\">\n\n<figure class=\"wp-block-embed is-type-video is-provider-youtube wp-block-embed-youtube wp-embed-aspect-16-9 wp-has-aspect-ratio\"><div class=\"wp-block-embed__wrapper\">\n<iframe title=\"KORONA POS Customer Testimonials: Hear the Experience of 7 Customers\" width=\"1200\" height=\"675\" src=\"https:\/\/www.youtube.com\/embed\/4lgVz269kZw?feature=oembed\" frameborder=\"0\" allow=\"accelerometer; autoplay; clipboard-write; encrypted-media; gyroscope; picture-in-picture; web-share\" referrerpolicy=\"strict-origin-when-cross-origin\" allowfullscreen><\/iframe>\n<\/div><\/figure>\n\n\n\n<h2 class=\"gb-headline gb-headline-3798ca7e\"><span class=\"gb-icon\"><svg xmlns=\"http:\/\/www.w3.org\/2000\/svg\" viewBox=\"0 0 448 512\" class=\"svg-inline--fa fa-long-arrow-alt-right fa-w-14\" data-icon=\"long-arrow-alt-right\" data-prefix=\"fas\" aria-hidden=\"true\"><path d=\"M313.941 216H12c-6.627 0-12 5.373-12 12v56c0 6.627 5.373 12 12 12h301.941v46.059c0 21.382 25.851 32.09 40.971 16.971l86.059-86.059c9.373-9.373 9.373-24.569 0-33.941l-86.059-86.059c-15.119-15.119-40.971-4.411-40.971 16.971V216z\" fill=\"currentColor\"><\/path><\/svg><\/span><span class=\"gb-headline-text\"><a href=\"https:\/\/koronapos.com\/de\/bewertungen-und-erfahrungsberichte-fuer-korona-pos-software\/\">Sehen Sie sich alle unsere Referenzen an<\/a><\/span><\/h2>\n\n<\/div><\/div>\n\n<div class=\"gb-grid-column gb-grid-column-47bd5ace\"><div class=\"gb-container gb-container-47bd5ace\">\n\n<p class=\"gb-headline gb-headline-fd7541f7 gb-headline-text\">&#8222;Ich habe noch nie mit einem Unternehmen zusammengearbeitet, das sich so sehr auf den Kundenservice konzentriert hat. Wenn wir KORONA POS anrufen, ist die Resonanz ph\u00e4nomenal.&#8220;<\/p>\n\n\n\n<p class=\"gb-headline gb-headline-9972483d gb-headline-text\"><em>\u2013 Jennifer B.  <\/em><\/p>\n\n\n\n<div class=\"wp-block-group is-content-justification-center is-nowrap is-layout-flex wp-container-core-group-is-layout-94bc23d7 wp-block-group-is-layout-flex\">\n<figure class=\"gb-block-image gb-block-image-8be42cef\"><a href=\"https:https:\/\/www.g2.com\/de\/products\/korona-pos\/reviews\/\/www.g2.com\/products\/korona-pos\/reviews#reviews\" target=\"_blank\" rel=\"noopener noreferrer sponsored\"><img decoding=\"async\" width=\"500\" height=\"500\" class=\"gb-image gb-image-8be42cef\" src=\"https:\/\/koronapos.com\/wp-content\/uploads\/2025\/08\/G2-Summer-High-Performer-Badge-2025.png\" alt=\"\" title=\"G2 Summer High Performer Badge 2025\" srcset=\"https:\/\/koronapos.com\/wp-content\/uploads\/2025\/08\/G2-Summer-High-Performer-Badge-2025.png 500w, https:\/\/koronapos.com\/wp-content\/uploads\/2025\/08\/G2-Summer-High-Performer-Badge-2025-300x300.png 300w, https:\/\/koronapos.com\/wp-content\/uploads\/2025\/08\/G2-Summer-High-Performer-Badge-2025-150x150.png 150w\" sizes=\"(max-width: 500px) 100vw, 500px\" \/><\/a><\/figure>\n\n\n\n<figure class=\"gb-block-image gb-block-image-b8fab264\"><a href=\"https:\/\/www.softwareadvice.de\/software\/13420\/korona#reviews\" target=\"_blank\" rel=\"noopener noreferrer nofollow\"><img decoding=\"async\" width=\"500\" height=\"500\" class=\"gb-image gb-image-b8fab264\" src=\"https:\/\/koronapos.com\/wp-content\/uploads\/2025\/03\/Software-Advice-2025-Badge.png\" alt=\"\" title=\"Software Advice 2025 Badge\" srcset=\"https:\/\/koronapos.com\/wp-content\/uploads\/2025\/03\/Software-Advice-2025-Badge.png 500w, https:\/\/koronapos.com\/wp-content\/uploads\/2025\/03\/Software-Advice-2025-Badge-300x300.png 300w, https:\/\/koronapos.com\/wp-content\/uploads\/2025\/03\/Software-Advice-2025-Badge-150x150.png 150w\" sizes=\"(max-width: 500px) 100vw, 500px\" \/><\/a><\/figure>\n\n\n\n<figure class=\"gb-block-image gb-block-image-b8292496\"><a href=\"https:\/\/www.capterra.com.de\/reviews\/142520\/korona\" target=\"_blank\" rel=\"noopener noreferrer\"><img decoding=\"async\" width=\"500\" height=\"500\" class=\"gb-image gb-image-b8292496\" src=\"https:\/\/koronapos.com\/wp-content\/uploads\/2023\/04\/Capterra.png\" alt=\"KORONA POS receives 2025 badge from Capterra\" title=\"Capterra\" srcset=\"https:\/\/koronapos.com\/wp-content\/uploads\/2023\/04\/Capterra.png 500w, https:\/\/koronapos.com\/wp-content\/uploads\/2023\/04\/Capterra-300x300.png 300w, https:\/\/koronapos.com\/wp-content\/uploads\/2023\/04\/Capterra-150x150.png 150w\" sizes=\"(max-width: 500px) 100vw, 500px\" \/><\/a><\/figure>\n<\/div>\n\n<\/div><\/div>\n<\/div>\n<\/div>\n\n<div class=\"gb-container gb-container-20c87fa1 alignfull\">\n<div class=\"gb-container gb-container-291645ed\">\n\n<h2 class=\"gb-headline gb-headline-4ca5e7e6 gb-headline-text\">Transformieren Sie Ihr Unternehmen mit KORONA POS. Der Einstieg ist einfach. Und kostenlos.  <\/h2>\n\n\n<div class=\"gb-grid-wrapper gb-grid-wrapper-27c08903\">\n<div class=\"gb-grid-column gb-grid-column-9dca584a\"><div class=\"gb-container gb-container-9dca584a\">\n<div class=\"gb-container gb-container-041550f3\">\n\n<h3 class=\"gb-headline gb-headline-7c765857\"><span class=\"gb-icon\"><svg xmlns=\"http:\/\/www.w3.org\/2000\/svg\" aria-hidden=\"true\" role=\"img\" height=\"1em\" width=\"1em\" viewBox=\"0 0 320 512\"><path fill=\"currentColor\" d=\"M296 160H180.6l42.6-129.8C227.2 15 215.7 0 200 0H56C44 0 33.8 8.9 32.2 20.8l-32 240C-1.7 275.2 9.5 288 24 288h118.7L96.6 482.5c-3.6 15.2 8 29.5 23.3 29.5 8.4 0 16.4-4.4 20.8-12l176-304c9.3-15.9-2.2-36-20.7-36z\"><\/path><\/svg><\/span><span class=\"gb-headline-text\"><a href=\"https:\/\/koronapos.com\/de\/fuer-testversion-registrieren\/\" data-type=\"page\" data-id=\"44384\">Unbegrenzte kostenlose Testversion<\/a><\/span><\/h3>\n\n<\/div>\n\n\n<p class=\"gb-headline gb-headline-3d1b5a16 gb-headline-text\">Probieren Sie KORONA POS selbst kostenlos aus. Sehen Sie sich die verschiedenen Point-of-Sale-Funktionen und -Tools an, die Sie f\u00fcr Ihr Unternehmen in KORONA Studio verwenden k\u00f6nnen. Sie ben\u00f6tigen keine Kreditkarte, sie ist v\u00f6llig kostenlos und ohne Verpflichtungen.  <\/p>\n\n<\/div><\/div>\n\n<div class=\"gb-grid-column gb-grid-column-cd92e6a7\"><div class=\"gb-container gb-container-cd92e6a7\">\n<div class=\"gb-container gb-container-a67491b9\">\n\n<h3 class=\"gb-headline gb-headline-67c86705\"><span class=\"gb-icon\"><svg xmlns=\"http:\/\/www.w3.org\/2000\/svg\" aria-hidden=\"true\" role=\"img\" height=\"1em\" width=\"1em\" viewBox=\"0 0 448 512\"><path fill=\"currentColor\" d=\"M148 288h-40c-6.6 0-12-5.4-12-12v-40c0-6.6 5.4-12 12-12h40c6.6 0 12 5.4 12 12v40c0 6.6-5.4 12-12 12zm108-12v-40c0-6.6-5.4-12-12-12h-40c-6.6 0-12 5.4-12 12v40c0 6.6 5.4 12 12 12h40c6.6 0 12-5.4 12-12zm96 0v-40c0-6.6-5.4-12-12-12h-40c-6.6 0-12 5.4-12 12v40c0 6.6 5.4 12 12 12h40c6.6 0 12-5.4 12-12zm-96 96v-40c0-6.6-5.4-12-12-12h-40c-6.6 0-12 5.4-12 12v40c0 6.6 5.4 12 12 12h40c6.6 0 12-5.4 12-12zm-96 0v-40c0-6.6-5.4-12-12-12h-40c-6.6 0-12 5.4-12 12v40c0 6.6 5.4 12 12 12h40c6.6 0 12-5.4 12-12zm192 0v-40c0-6.6-5.4-12-12-12h-40c-6.6 0-12 5.4-12 12v40c0 6.6 5.4 12 12 12h40c6.6 0 12-5.4 12-12zm96-260v352c0 26.5-21.5 48-48 48H48c-26.5 0-48-21.5-48-48V112c0-26.5 21.5-48 48-48h48V12c0-6.6 5.4-12 12-12h40c6.6 0 12 5.4 12 12v52h128V12c0-6.6 5.4-12 12-12h40c6.6 0 12 5.4 12 12v52h48c26.5 0 48 21.5 48 48zm-48 346V160H48v298c0 3.3 2.7 6 6 6h340c3.3 0 6-2.7 6-6z\"><\/path><\/svg><\/span><span class=\"gb-headline-text\"><a href=\"https:\/\/koronapos.com\/de\/demo-vereinbaren\/\" data-type=\"page\" data-id=\"47078\">Vereinbaren Sie eine Live-Demo<\/a><\/span><\/h3>\n\n<\/div>\n\n\n<p class=\"gb-headline gb-headline-8886b8cf gb-headline-text\">Sind Sie bereit, mit einem Produktspezialisten zu sprechen und eine vollst\u00e4ndige Live-Demonstration von KORONA POS zu erhalten? Lassen Sie uns Ihnen ausf\u00fchrlich zeigen, wie unsere Point-of-Sale-L\u00f6sung Ihr Gesch\u00e4ft verbessern kann. W\u00e4hlen Sie ein Datum und eine Uhrzeit aus, um eine Demo einzurichten.  <\/p>\n\n<\/div><\/div>\n\n<div class=\"gb-grid-column gb-grid-column-31f7045c\"><div class=\"gb-container gb-container-31f7045c\">\n<div class=\"gb-container gb-container-fdd00cd7\">\n\n<h3 class=\"gb-headline gb-headline-0295c461\"><span class=\"gb-icon\"><svg xmlns=\"http:\/\/www.w3.org\/2000\/svg\" viewBox=\"0 0 512 512\">    <path d=\"M64 0C46.3 0 32 14.3 32 32v64c0 17.7 14.3 32 32 32h80v32H87c-31.6 0-58.5 23.1-63.3 54.4L1.1 364.1c-.7 4.7-1.1 9.5-1.1 14.3V448c0 35.3 28.7 64 64 64h384c35.3 0 64-28.7 64-64v-69.6c0-4.8-.4-9.6-1.1-14.4l-22.7-149.6c-4.7-31.3-31.6-54.4-63.2-54.4H208v-32h80c17.7 0 32-14.3 32-32V32c0-17.7-14.3-32-32-32H64zm32 48h160c8.8 0 16 7.2 16 16s-7.2 16-16 16H96c-8.8 0-16-7.2-16-16s7.2-16 16-16zM64 432c0-8.8 7.2-16 16-16h352c8.8 0 16 7.2 16 16s-7.2 16-16 16H80c-8.8 0-16-7.2-16-16zm48-168a24 24 0 1 1 0-48 24 24 0 1 1 0 48zm120-24a24 24 0 1 1-48 0 24 24 0 1 1 48 0zm-72 104a24 24 0 1 1 0-48 24 24 0 1 1 0 48zm168-104a24 24 0 1 1-48 0 24 24 0 1 1 48 0zm-72 104a24 24 0 1 1 0-48 24 24 0 1 1 0 48zm168-104a24 24 0 1 1-48 0 24 24 0 1 1 48 0zm-72 104a24 24 0 1 1 0-48 24 24 0 1 1 0 48z\"><\/path> <\/svg><\/span><span class=\"gb-headline-text\"><a href=\"https:\/\/koronapos.com\/de\/preisgestaltung\/hardware-angebot\/\">Bauen Sie Ihren EIGENEN POS<\/a><\/span><\/h3>\n\n<\/div>\n\n\n<p class=\"gb-headline gb-headline-fb0472c5 gb-headline-text\">Koppeln Sie KORONA POS mit erstklassiger Hardware, um jedes Mal schnelle und zuverl\u00e4ssige Transaktionen zu gew\u00e4hrleisten. W\u00e4hlen Sie aus unseren vorgefertigten, geb\u00fcndelten Point-of-Sale-Kits oder w\u00e4hlen Sie einzelne Hardwareoptionen, um Ihren Gesch\u00e4ftsbetrieb zu unterst\u00fctzen. <\/p>\n\n<\/div><\/div>\n<\/div>\n<\/div>\n<\/div>\n<\/div>","protected":false},"excerpt":{"rendered":"","protected":false},"author":3,"featured_media":0,"parent":0,"menu_order":0,"comment_status":"closed","ping_status":"closed","template":"","meta":{"footnotes":""},"class_list":{"0":"post-86900","1":"page","2":"type-page","3":"status-publish","5":"infinite-scroll-item","6":"no-featured-image-padding"},"yoast_head":"<!-- This site is optimized with the Yoast SEO Premium plugin v27.4 (Yoast SEO v27.4) - https:\/\/yoast.com\/product\/yoast-seo-premium-wordpress\/ -->\n<title>Produkt-Demo-Videos | KORONA POS by COMBASE<\/title>\n<meta name=\"description\" content=\"Erfahren Sie mehr \u00fcber KORONA POS mit Produktdemonstrationsvideos oder vereinbaren Sie eine Live-Einzeldemo mit einem Produktspezialisten.\" \/>\n<meta name=\"robots\" content=\"index, follow, max-snippet:-1, max-image-preview:large, max-video-preview:-1\" \/>\n<link rel=\"canonical\" href=\"https:\/\/koronapos.com\/de\/produkt-demo-videos\/\" \/>\n<meta property=\"og:locale\" content=\"de_DE\" \/>\n<meta property=\"og:type\" content=\"article\" \/>\n<meta property=\"og:title\" content=\"Produkt-Demo-Videos\" \/>\n<meta property=\"og:description\" content=\"Erfahren Sie mehr \u00fcber KORONA POS mit Produktdemonstrationsvideos oder vereinbaren Sie eine Live-Einzeldemo mit einem Produktspezialisten.\" \/>\n<meta property=\"og:url\" content=\"https:\/\/koronapos.com\/de\/produkt-demo-videos\/\" \/>\n<meta property=\"og:site_name\" content=\"KORONA POS by COMBASE\" \/>\n<meta property=\"article:publisher\" content=\"https:\/\/www.facebook.com\/koronapos\" \/>\n<meta property=\"article:modified_time\" content=\"2026-03-31T15:18:03+00:00\" \/>\n<meta property=\"og:image\" content=\"https:\/\/koronapos.com\/wp-content\/uploads\/2023\/03\/CoverBannerBG-01.png\" \/>\n\t<meta property=\"og:image:width\" content=\"1920\" \/>\n\t<meta property=\"og:image:height\" content=\"1080\" \/>\n\t<meta property=\"og:image:type\" content=\"image\/png\" \/>\n<meta name=\"twitter:card\" content=\"summary_large_image\" \/>\n<meta name=\"twitter:site\" content=\"@CombaseUSA\" \/>\n<meta name=\"twitter:label1\" content=\"Gesch\u00e4tzte Lesezeit\" \/>\n\t<meta name=\"twitter:data1\" content=\"3\u00a0Minuten\" \/>\n<script type=\"application\/ld+json\" class=\"yoast-schema-graph\">{\"@context\":\"https:\\\/\\\/schema.org\",\"@graph\":[{\"@type\":\"WebPage\",\"@id\":\"https:\\\/\\\/koronapos.com\\\/de\\\/produkt-demo-videos\\\/\",\"url\":\"https:\\\/\\\/koronapos.com\\\/de\\\/produkt-demo-videos\\\/\",\"name\":\"Produkt-Demo-Videos | KORONA POS by COMBASE\",\"isPartOf\":{\"@id\":\"https:\\\/\\\/koronapos.com\\\/de\\\/#website\"},\"primaryImageOfPage\":{\"@id\":\"https:\\\/\\\/koronapos.com\\\/de\\\/produkt-demo-videos\\\/#primaryimage\"},\"image\":{\"@id\":\"https:\\\/\\\/koronapos.com\\\/de\\\/produkt-demo-videos\\\/#primaryimage\"},\"thumbnailUrl\":\"https:\\\/\\\/koronapos.com\\\/wp-content\\\/uploads\\\/2023\\\/03\\\/CoverBannerBG-01.png\",\"datePublished\":\"2024-01-09T00:56:49+00:00\",\"dateModified\":\"2026-03-31T15:18:03+00:00\",\"description\":\"Erfahren Sie mehr \u00fcber KORONA POS mit Produktdemonstrationsvideos oder vereinbaren Sie eine Live-Einzeldemo mit einem Produktspezialisten.\",\"breadcrumb\":{\"@id\":\"https:\\\/\\\/koronapos.com\\\/de\\\/produkt-demo-videos\\\/#breadcrumb\"},\"inLanguage\":\"de\",\"potentialAction\":[{\"@type\":\"ReadAction\",\"target\":[\"https:\\\/\\\/koronapos.com\\\/de\\\/produkt-demo-videos\\\/\"]}]},{\"@type\":\"ImageObject\",\"inLanguage\":\"de\",\"@id\":\"https:\\\/\\\/koronapos.com\\\/de\\\/produkt-demo-videos\\\/#primaryimage\",\"url\":\"https:\\\/\\\/koronapos.com\\\/wp-content\\\/uploads\\\/2023\\\/03\\\/CoverBannerBG-01.png\",\"contentUrl\":\"https:\\\/\\\/koronapos.com\\\/wp-content\\\/uploads\\\/2023\\\/03\\\/CoverBannerBG-01.png\"},{\"@type\":\"BreadcrumbList\",\"@id\":\"https:\\\/\\\/koronapos.com\\\/de\\\/produkt-demo-videos\\\/#breadcrumb\",\"itemListElement\":[{\"@type\":\"ListItem\",\"position\":1,\"name\":\"Home\",\"item\":\"https:\\\/\\\/koronapos.com\\\/de\\\/startseite\\\/\"},{\"@type\":\"ListItem\",\"position\":2,\"name\":\"Produkt-Demo-Videos\"}]},{\"@type\":\"WebSite\",\"@id\":\"https:\\\/\\\/koronapos.com\\\/de\\\/#website\",\"url\":\"https:\\\/\\\/koronapos.com\\\/de\\\/\",\"name\":\"KORONA POS by COMBASE\",\"description\":\"KORONA POS by COMBASE: Custom Point of Sale Software\",\"publisher\":{\"@id\":\"https:\\\/\\\/koronapos.com\\\/de\\\/#organization\"},\"alternateName\":\"KORONA POS\",\"potentialAction\":[{\"@type\":\"SearchAction\",\"target\":{\"@type\":\"EntryPoint\",\"urlTemplate\":\"https:\\\/\\\/koronapos.com\\\/de\\\/?s={search_term_string}\"},\"query-input\":{\"@type\":\"PropertyValueSpecification\",\"valueRequired\":true,\"valueName\":\"search_term_string\"}}],\"inLanguage\":\"de\"},{\"@type\":\"Organization\",\"@id\":\"https:\\\/\\\/koronapos.com\\\/de\\\/#organization\",\"name\":\"Korona POS\",\"alternateName\":\"KORONA POS\",\"url\":\"https:\\\/\\\/koronapos.com\\\/de\\\/\",\"logo\":{\"@type\":\"ImageObject\",\"inLanguage\":\"de\",\"@id\":\"https:\\\/\\\/koronapos.com\\\/de\\\/#\\\/schema\\\/logo\\\/image\\\/\",\"url\":\"https:\\\/\\\/koronapos.com\\\/wp-content\\\/uploads\\\/2025\\\/06\\\/KORONA-POS-NEW-LOGO-e1750866639197.png\",\"contentUrl\":\"https:\\\/\\\/koronapos.com\\\/wp-content\\\/uploads\\\/2025\\\/06\\\/KORONA-POS-NEW-LOGO-e1750866639197.png\",\"width\":1198,\"height\":344,\"caption\":\"Korona POS\"},\"image\":{\"@id\":\"https:\\\/\\\/koronapos.com\\\/de\\\/#\\\/schema\\\/logo\\\/image\\\/\"},\"sameAs\":[\"https:\\\/\\\/www.facebook.com\\\/koronapos\",\"https:\\\/\\\/x.com\\\/CombaseUSA\",\"https:\\\/\\\/www.instagram.com\\\/koronapos\\\/\",\"https:\\\/\\\/www.linkedin.com\\\/company\\\/combase-usa-inc-\",\"https:\\\/\\\/www.youtube.com\\\/c\\\/Combase-usa\\\/f\"],\"description\":\"KORONA POS is a modern cloud point of sale software developed by COMBASE USA with specialized features for retailers, inventory management, event ticketing, quick-service restaurants, and more.\",\"email\":\"inquiries@combase-usa.com\",\"telephone\":\"1(833)200-0213\",\"legalName\":\"COMBASE USA, Inc.\",\"foundingDate\":\"2012-08-01\",\"taxID\":\"1014657598\",\"numberOfEmployees\":{\"@type\":\"QuantitativeValue\",\"minValue\":\"11\",\"maxValue\":\"50\"}}]}<\/script>\n<!-- \/ Yoast SEO Premium plugin. -->","yoast_head_json":{"title":"Produkt-Demo-Videos | KORONA POS by COMBASE","description":"Erfahren Sie mehr \u00fcber KORONA POS mit Produktdemonstrationsvideos oder vereinbaren Sie eine Live-Einzeldemo mit einem Produktspezialisten.","robots":{"index":"index","follow":"follow","max-snippet":"max-snippet:-1","max-image-preview":"max-image-preview:large","max-video-preview":"max-video-preview:-1"},"canonical":"https:\/\/koronapos.com\/de\/produkt-demo-videos\/","og_locale":"de_DE","og_type":"article","og_title":"Produkt-Demo-Videos","og_description":"Erfahren Sie mehr \u00fcber KORONA POS mit Produktdemonstrationsvideos oder vereinbaren Sie eine Live-Einzeldemo mit einem Produktspezialisten.","og_url":"https:\/\/koronapos.com\/de\/produkt-demo-videos\/","og_site_name":"KORONA POS by COMBASE","article_publisher":"https:\/\/www.facebook.com\/koronapos","article_modified_time":"2026-03-31T15:18:03+00:00","og_image":[{"width":1920,"height":1080,"url":"https:\/\/koronapos.com\/wp-content\/uploads\/2023\/03\/CoverBannerBG-01.png","type":"image\/png"}],"twitter_card":"summary_large_image","twitter_site":"@CombaseUSA","twitter_misc":{"Gesch\u00e4tzte Lesezeit":"3\u00a0Minuten"},"schema":{"@context":"https:\/\/schema.org","@graph":[{"@type":"WebPage","@id":"https:\/\/koronapos.com\/de\/produkt-demo-videos\/","url":"https:\/\/koronapos.com\/de\/produkt-demo-videos\/","name":"Produkt-Demo-Videos | KORONA POS by COMBASE","isPartOf":{"@id":"https:\/\/koronapos.com\/de\/#website"},"primaryImageOfPage":{"@id":"https:\/\/koronapos.com\/de\/produkt-demo-videos\/#primaryimage"},"image":{"@id":"https:\/\/koronapos.com\/de\/produkt-demo-videos\/#primaryimage"},"thumbnailUrl":"https:\/\/koronapos.com\/wp-content\/uploads\/2023\/03\/CoverBannerBG-01.png","datePublished":"2024-01-09T00:56:49+00:00","dateModified":"2026-03-31T15:18:03+00:00","description":"Erfahren Sie mehr \u00fcber KORONA POS mit Produktdemonstrationsvideos oder vereinbaren Sie eine Live-Einzeldemo mit einem Produktspezialisten.","breadcrumb":{"@id":"https:\/\/koronapos.com\/de\/produkt-demo-videos\/#breadcrumb"},"inLanguage":"de","potentialAction":[{"@type":"ReadAction","target":["https:\/\/koronapos.com\/de\/produkt-demo-videos\/"]}]},{"@type":"ImageObject","inLanguage":"de","@id":"https:\/\/koronapos.com\/de\/produkt-demo-videos\/#primaryimage","url":"https:\/\/koronapos.com\/wp-content\/uploads\/2023\/03\/CoverBannerBG-01.png","contentUrl":"https:\/\/koronapos.com\/wp-content\/uploads\/2023\/03\/CoverBannerBG-01.png"},{"@type":"BreadcrumbList","@id":"https:\/\/koronapos.com\/de\/produkt-demo-videos\/#breadcrumb","itemListElement":[{"@type":"ListItem","position":1,"name":"Home","item":"https:\/\/koronapos.com\/de\/startseite\/"},{"@type":"ListItem","position":2,"name":"Produkt-Demo-Videos"}]},{"@type":"WebSite","@id":"https:\/\/koronapos.com\/de\/#website","url":"https:\/\/koronapos.com\/de\/","name":"KORONA POS by COMBASE","description":"KORONA POS by COMBASE: Custom Point of Sale Software","publisher":{"@id":"https:\/\/koronapos.com\/de\/#organization"},"alternateName":"KORONA POS","potentialAction":[{"@type":"SearchAction","target":{"@type":"EntryPoint","urlTemplate":"https:\/\/koronapos.com\/de\/?s={search_term_string}"},"query-input":{"@type":"PropertyValueSpecification","valueRequired":true,"valueName":"search_term_string"}}],"inLanguage":"de"},{"@type":"Organization","@id":"https:\/\/koronapos.com\/de\/#organization","name":"Korona POS","alternateName":"KORONA POS","url":"https:\/\/koronapos.com\/de\/","logo":{"@type":"ImageObject","inLanguage":"de","@id":"https:\/\/koronapos.com\/de\/#\/schema\/logo\/image\/","url":"https:\/\/koronapos.com\/wp-content\/uploads\/2025\/06\/KORONA-POS-NEW-LOGO-e1750866639197.png","contentUrl":"https:\/\/koronapos.com\/wp-content\/uploads\/2025\/06\/KORONA-POS-NEW-LOGO-e1750866639197.png","width":1198,"height":344,"caption":"Korona POS"},"image":{"@id":"https:\/\/koronapos.com\/de\/#\/schema\/logo\/image\/"},"sameAs":["https:\/\/www.facebook.com\/koronapos","https:\/\/x.com\/CombaseUSA","https:\/\/www.instagram.com\/koronapos\/","https:\/\/www.linkedin.com\/company\/combase-usa-inc-","https:\/\/www.youtube.com\/c\/Combase-usa\/f"],"description":"KORONA POS is a modern cloud point of sale software developed by COMBASE USA with specialized features for retailers, inventory management, event ticketing, quick-service restaurants, and more.","email":"inquiries@combase-usa.com","telephone":"1(833)200-0213","legalName":"COMBASE USA, Inc.","foundingDate":"2012-08-01","taxID":"1014657598","numberOfEmployees":{"@type":"QuantitativeValue","minValue":"11","maxValue":"50"}}]}},"_links":{"self":[{"href":"https:\/\/koronapos.com\/de\/wp-json\/wp\/v2\/pages\/86900","targetHints":{"allow":["GET"]}}],"collection":[{"href":"https:\/\/koronapos.com\/de\/wp-json\/wp\/v2\/pages"}],"about":[{"href":"https:\/\/koronapos.com\/de\/wp-json\/wp\/v2\/types\/page"}],"author":[{"embeddable":true,"href":"https:\/\/koronapos.com\/de\/wp-json\/wp\/v2\/users\/3"}],"replies":[{"embeddable":true,"href":"https:\/\/koronapos.com\/de\/wp-json\/wp\/v2\/comments?post=86900"}],"version-history":[{"count":2,"href":"https:\/\/koronapos.com\/de\/wp-json\/wp\/v2\/pages\/86900\/revisions"}],"predecessor-version":[{"id":96639,"href":"https:\/\/koronapos.com\/de\/wp-json\/wp\/v2\/pages\/86900\/revisions\/96639"}],"wp:attachment":[{"href":"https:\/\/koronapos.com\/de\/wp-json\/wp\/v2\/media?parent=86900"}],"curies":[{"name":"wp","href":"https:\/\/api.w.org\/{rel}","templated":true}]}}