{"id":86874,"date":"2024-12-12T14:15:19","date_gmt":"2024-12-12T22:15:19","guid":{"rendered":"https:\/\/koronapos.com\/preisgestaltung\/hardware-angebot\/"},"modified":"2026-03-31T07:35:09","modified_gmt":"2026-03-31T14:35:09","slug":"hardware-angebot","status":"publish","type":"page","link":"https:\/\/koronapos.com\/de\/preisgestaltung\/hardware-angebot\/","title":{"rendered":"Hardware-Angebot"},"content":{"rendered":"<div class=\"gb-container gb-container-65a0cc05 alignfull\">\n<div class=\"gb-container gb-container-50b58bc2\">\n<div class=\"gb-grid-wrapper gb-grid-wrapper-ce016e2a\">\n<div class=\"gb-grid-column gb-grid-column-90553b17\"><div class=\"gb-container gb-container-90553b17\">\n<div class=\"gb-container gb-container-9fefdaaa\">\n\n<h1 class=\"gb-headline gb-headline-dc6eaaf5 gb-headline-text\">KORONA POS-Hardware  <\/h1>\n\n\n\n<h2 class=\"gb-headline gb-headline-7e1053e4 gb-headline-text\">Bauen Sie Ihr POS-Hardware-System auf<\/h2>\n\n\n\n<p class=\"gb-headline gb-headline-3ee51ad8 gb-headline-text\">Entscheiden Sie sich f\u00fcr erstklassige Point-of-Sale-Hardware, die Ihre Gesch\u00e4ftsprozesse optimal unterst\u00fctzt \u2013 und genie\u00dfen Sie eine ma\u00dfgeschneiderte Komplettl\u00f6sung, die perfekt auf Ihre Anforderungen abgestimmt ist.<\/p>\n\n\n\n<a class=\"gb-button gb-button-1ec2711e gb-button-text\" href=\"https:\/\/shop.korona.de\/\" target=\"_blank\" rel=\"noopener noreferrer\"><strong>ZUM WEBSHOP<\/strong><\/a>\n\n<\/div>\n<\/div><\/div>\n\n<div class=\"gb-grid-column gb-grid-column-f1417afc\"><div class=\"gb-container gb-container-f1417afc\">\n<div class=\"gb-container gb-container-28f00c3c\">\n<div class=\"wp-block-image\">\n<figure class=\"aligncenter size-large\"><img decoding=\"async\" width=\"1024\" height=\"568\" src=\"https:\/\/koronapos.com\/wp-content\/uploads\/2025\/08\/Side_Images_Hardware-w-New-Logo-1024x568.png\" alt=\"\" class=\"wp-image-96277\" style=\"object-fit:cover\" srcset=\"https:\/\/koronapos.com\/wp-content\/uploads\/2025\/08\/Side_Images_Hardware-w-New-Logo-1024x568.png 1024w, https:\/\/koronapos.com\/wp-content\/uploads\/2025\/08\/Side_Images_Hardware-w-New-Logo-300x167.png 300w, https:\/\/koronapos.com\/wp-content\/uploads\/2025\/08\/Side_Images_Hardware-w-New-Logo-768x426.png 768w, https:\/\/koronapos.com\/wp-content\/uploads\/2025\/08\/Side_Images_Hardware-w-New-Logo-1536x853.png 1536w, https:\/\/koronapos.com\/wp-content\/uploads\/2025\/08\/Side_Images_Hardware-w-New-Logo.png 1845w\" sizes=\"(max-width: 1024px) 100vw, 1024px\" \/><\/figure>\n<\/div>\n<\/div>\n<\/div><\/div>\n<\/div>\n<\/div>\n<\/div>\n\n<div class=\"gb-container gb-container-5ca7ee80 alignfull\">\n<div class=\"gb-container gb-container-37fd2718\">\n<div class=\"gb-container gb-container-3cf32b6f\">\n\n<h3 class=\"gb-headline gb-headline-a44880dd gb-headline-text\">Schlie\u00dfen Sie sich den Unternehmen an, die von KORONA POS unterst\u00fctzt werden<\/h3>\n\n<\/div>\n\n<div class=\"gb-container gb-container-544681dd\">\n<div class=\"gb-container gb-container-f9b1fd7d\">\n\n<figure class=\"gb-block-image gb-block-image-0720cdfa\"><img decoding=\"async\" width=\"280\" height=\"200\" class=\"gb-image gb-image-0720cdfa\" src=\"https:\/\/koronapos.com\/wp-content\/uploads\/2025\/01\/ShopGoodwill_G.png\" alt=\"Goodwill.Com shoppen\" title=\"ShopGoodwill_G\"\/><\/figure>\n\n<\/div>\n\n<div class=\"gb-container gb-container-44caf3fe\">\n\n<figure class=\"gb-block-image gb-block-image-08efcbe9\"><img decoding=\"async\" width=\"280\" height=\"200\" class=\"gb-image gb-image-08efcbe9\" src=\"https:\/\/koronapos.com\/wp-content\/uploads\/2025\/01\/Coppola_G.png\" alt=\"Weingut Coppola\" title=\"Coppola_G\"\/><\/figure>\n\n<\/div>\n\n<div class=\"gb-container gb-container-4f07a9d9\">\n\n<figure class=\"gb-block-image gb-block-image-9fb57dac\"><img decoding=\"async\" width=\"280\" height=\"200\" class=\"gb-image gb-image-9fb57dac\" src=\"https:\/\/koronapos.com\/wp-content\/uploads\/2025\/01\/Museum-of-Illusions_G.png\" alt=\"Museum der Illusionen\" title=\"Museum von Illusions_G\"\/><\/figure>\n\n<\/div>\n\n<div class=\"gb-container gb-container-5eac7ccf\">\n\n<figure class=\"gb-block-image gb-block-image-fb077714\"><img decoding=\"async\" width=\"280\" height=\"200\" class=\"gb-image gb-image-fb077714\" src=\"https:\/\/koronapos.com\/wp-content\/uploads\/2025\/01\/Prospect-Butcher_G.png\" alt=\"Prospect Butcher Co\" title=\"Interessent Butcher_G\"\/><\/figure>\n\n<\/div>\n\n<div class=\"gb-container gb-container-46f504d4\">\n\n<figure class=\"gb-block-image gb-block-image-35cbc0ef\"><img decoding=\"async\" width=\"280\" height=\"200\" class=\"gb-image gb-image-35cbc0ef\" src=\"https:\/\/koronapos.com\/wp-content\/uploads\/2025\/01\/Timbavati_G.png\" alt=\"Timbavati Wildpark\" title=\"Timbavati_G\"\/><\/figure>\n\n<\/div>\n\n<div class=\"gb-container gb-container-fa1fb524\">\n\n<figure class=\"gb-block-image gb-block-image-3fa4bc2a\"><img decoding=\"async\" width=\"280\" height=\"200\" class=\"gb-image gb-image-3fa4bc2a\" src=\"https:\/\/koronapos.com\/wp-content\/uploads\/2025\/01\/La-Nube_G.png\" alt=\"La Nube\" title=\"La Nube_G\"\/><\/figure>\n\n<\/div>\n\n<div class=\"gb-container gb-container-82f2e5d4\">\n\n<figure class=\"gb-block-image gb-block-image-a0223183\"><img decoding=\"async\" width=\"280\" height=\"200\" class=\"gb-image gb-image-a0223183\" src=\"https:\/\/koronapos.com\/wp-content\/uploads\/2025\/01\/Skyland-Ranch_G.png\" alt=\"Skyland Ranch\" title=\"Skyland Ranch_G\"\/><\/figure>\n\n<\/div>\n<\/div>\n<\/div>\n<\/div>\n\n<div class=\"gb-container gb-container-6abd4714 wp-embed-aspect-16-9 wp-has-aspect-ratio\">\n<div class=\"gb-container gb-container-b8adca2e wp-embed-aspect-16-9 wp-has-aspect-ratio\">\n\n<h2 class=\"gb-headline gb-headline-722905b4 wp-embed-aspect-16-9 wp-has-aspect-ratio\"><span class=\"gb-icon\"><svg xmlns=\"http:\/\/www.w3.org\/2000\/svg\" viewBox=\"0 0 448 512\">    <path d=\"M432 256c0 17.7-14.3 32-32 32H48c-17.7 0-32-14.3-32-32s14.3-32 32-32h352c17.7 0 32 14.3 32 32z\"><\/path> <\/svg><\/span><span class=\"gb-headline-text\">Was sagen die Benutzer von KORONA POS?<\/span><\/h2>\n\n\n\n<p class=\"wp-embed-aspect-16-9 wp-has-aspect-ratio\">H\u00f6ren Sie von Gesch\u00e4ftsinhabern wie Ihnen. Erfahren Sie mehr, indem Sie noch heute eine Demo mit einem Produktspezialisten vereinbaren. <\/p>\n\n\n\n<a class=\"gb-button gb-button-8206bc2b gb-button-text wp-embed-aspect-16-9 wp-has-aspect-ratio\" href=\"https:\/\/youtu.be\/4lgVz269kZw?si=GRQuiPDK8l1uknTC\"> Referenzen ansehen<\/a>\n\n\n\n<a class=\"gb-button gb-button-91f721db gb-button-text wp-embed-aspect-16-9 wp-has-aspect-ratio\" href=\"https:\/\/koronapos.com\/de\/vereinbaren-sie-eine-demo\/\">Demo vereinbaren<\/a>\n\n\n<div class=\"gb-grid-wrapper gb-grid-wrapper-eadf7c54 wp-embed-aspect-16-9 wp-has-aspect-ratio\">\n<div class=\"gb-grid-column gb-grid-column-a26a11cb\"><div class=\"gb-container gb-container-a26a11cb wp-embed-aspect-16-9 wp-has-aspect-ratio\">\n\n<figure class=\"wp-block-embed is-type-video is-provider-youtube wp-block-embed-youtube wp-embed-aspect-16-9 wp-has-aspect-ratio\"><div class=\"wp-block-embed__wrapper\">\n<iframe title=\"KORONA POS Customer Testimonials: Hear the Experience of 7 Customers\" width=\"1200\" height=\"675\" src=\"https:\/\/www.youtube.com\/embed\/4lgVz269kZw?feature=oembed\" frameborder=\"0\" allow=\"accelerometer; autoplay; clipboard-write; encrypted-media; gyroscope; picture-in-picture; web-share\" referrerpolicy=\"strict-origin-when-cross-origin\" allowfullscreen><\/iframe>\n<\/div><\/figure>\n\n<\/div><\/div>\n\n<div class=\"gb-grid-column gb-grid-column-27f75a4c\"><div class=\"gb-container gb-container-27f75a4c wp-embed-aspect-16-9 wp-has-aspect-ratio\">\n\n<p class=\"gb-headline gb-headline-88c6be5a\"><span class=\"gb-icon\"><svg xmlns=\"http:\/\/www.w3.org\/2000\/svg\" viewBox=\"0 0 448 512\">    <path d=\"M0 216C0 149.7 53.7 96 120 96h8c17.7 0 32 14.3 32 32s-14.3 32-32 32h-8c-30.9 0-56 25.1-56 56v8h64c35.3 0 64 28.7 64 64v64c0 35.3-28.7 64-64 64H64c-35.3 0-64-28.7-64-64V216zm256 0c0-66.3 53.7-120 120-120h8c17.7 0 32 14.3 32 32s-14.3 32-32 32h-8c-30.9 0-56 25.1-56 56v8h64c35.3 0 64 28.7 64 64v64c0 35.3-28.7 64-64 64h-64c-35.3 0-64-28.7-64-64V216z\"><\/path> <\/svg><\/span><span class=\"gb-headline-text\">KORONA POS ist vollgepackt mit Funktionen wie der Verfolgung von Verk\u00e4ufen und Mitarbeitern, und das alles zu einem g\u00fcnstigen Preis! Abrufen von Verk\u00e4ufen, Verfolgen von Finanzen, Inventar und Back-Office-Funktionen. All dies ist mit KORONA POS ganz einfach zu bewerkstelligen.  <\/span><\/p>\n\n\n\n<p class=\"gb-headline gb-headline-b1b4b02e gb-headline-text\"><strong>Troy F.<\/strong><\/p>\n\n\n\n<p><em>Downtown B\u00fccher<\/em><\/p>\n\n\n\n<figure class=\"wp-block-image size-full is-resized\"><img decoding=\"async\" width=\"300\" height=\"62\" src=\"https:\/\/koronapos.com\/wp-content\/uploads\/2023\/03\/Star-Rating.png\" alt=\"\" class=\"wp-image-44268\" style=\"width:150px;height:auto\"\/><\/figure>\n\n<\/div><\/div>\n<\/div>\n<\/div>\n<\/div>","protected":false},"excerpt":{"rendered":"","protected":false},"author":3,"featured_media":0,"parent":86737,"menu_order":0,"comment_status":"closed","ping_status":"closed","template":"","meta":{"footnotes":""},"class_list":{"0":"post-86874","1":"page","2":"type-page","3":"status-publish","5":"infinite-scroll-item","6":"no-featured-image-padding"},"yoast_head":"<!-- This site is optimized with the Yoast SEO Premium plugin v27.3 (Yoast SEO v27.3) - https:\/\/yoast.com\/product\/yoast-seo-premium-wordpress\/ -->\n<title>Stellen Sie Ihr POS-Hardware-Set mit KORONA POS zusammen<\/title>\n<meta name=\"description\" content=\"W\u00e4hlen Sie Ihr Point-of-Sale-Hardware-Kit - Ihr Terminal, Ihren Scanner, Ihre Kasse und vieles mehr. KORONA POS bietet zuverl\u00e4ssige Hardware-Optionen.\" \/>\n<meta name=\"robots\" content=\"index, follow, max-snippet:-1, max-image-preview:large, max-video-preview:-1\" \/>\n<link rel=\"canonical\" href=\"https:\/\/koronapos.com\/de\/preisgestaltung\/hardware-angebot\/\" \/>\n<meta property=\"og:locale\" content=\"de_DE\" \/>\n<meta property=\"og:type\" content=\"article\" \/>\n<meta property=\"og:title\" content=\"Hardware-Angebot\" \/>\n<meta property=\"og:description\" content=\"W\u00e4hlen Sie Ihr Point-of-Sale-Hardware-Kit - Ihr Terminal, Ihren Scanner, Ihre Kasse und vieles mehr. KORONA POS bietet zuverl\u00e4ssige Hardware-Optionen.\" \/>\n<meta property=\"og:url\" content=\"https:\/\/koronapos.com\/de\/preisgestaltung\/hardware-angebot\/\" \/>\n<meta property=\"og:site_name\" content=\"KORONA POS by COMBASE\" \/>\n<meta property=\"article:publisher\" content=\"https:\/\/www.facebook.com\/koronapos\" \/>\n<meta property=\"article:modified_time\" content=\"2026-03-31T14:35:09+00:00\" \/>\n<meta property=\"og:image\" content=\"https:\/\/koronapos.com\/wp-content\/uploads\/2025\/08\/Side_Images_Hardware-w-New-Logo.png\" \/>\n\t<meta property=\"og:image:width\" content=\"1845\" \/>\n\t<meta property=\"og:image:height\" content=\"1024\" \/>\n\t<meta property=\"og:image:type\" content=\"image\/png\" \/>\n<meta name=\"twitter:card\" content=\"summary_large_image\" \/>\n<meta name=\"twitter:site\" content=\"@CombaseUSA\" \/>\n<meta name=\"twitter:label1\" content=\"Gesch\u00e4tzte Lesezeit\" \/>\n\t<meta name=\"twitter:data1\" content=\"3\u00a0Minuten\" \/>\n<script type=\"application\/ld+json\" class=\"yoast-schema-graph\">{\"@context\":\"https:\\\/\\\/schema.org\",\"@graph\":[{\"@type\":\"WebPage\",\"@id\":\"https:\\\/\\\/koronapos.com\\\/de\\\/preisgestaltung\\\/hardware-angebot\\\/\",\"url\":\"https:\\\/\\\/koronapos.com\\\/de\\\/preisgestaltung\\\/hardware-angebot\\\/\",\"name\":\"Stellen Sie Ihr POS-Hardware-Set mit KORONA POS zusammen\",\"isPartOf\":{\"@id\":\"https:\\\/\\\/koronapos.com\\\/de\\\/#website\"},\"primaryImageOfPage\":{\"@id\":\"https:\\\/\\\/koronapos.com\\\/de\\\/preisgestaltung\\\/hardware-angebot\\\/#primaryimage\"},\"image\":{\"@id\":\"https:\\\/\\\/koronapos.com\\\/de\\\/preisgestaltung\\\/hardware-angebot\\\/#primaryimage\"},\"thumbnailUrl\":\"https:\\\/\\\/koronapos.com\\\/wp-content\\\/uploads\\\/2025\\\/08\\\/Side_Images_Hardware-w-New-Logo-1024x568.png\",\"datePublished\":\"2024-12-12T22:15:19+00:00\",\"dateModified\":\"2026-03-31T14:35:09+00:00\",\"description\":\"W\u00e4hlen Sie Ihr Point-of-Sale-Hardware-Kit - Ihr Terminal, Ihren Scanner, Ihre Kasse und vieles mehr. KORONA POS bietet zuverl\u00e4ssige Hardware-Optionen.\",\"breadcrumb\":{\"@id\":\"https:\\\/\\\/koronapos.com\\\/de\\\/preisgestaltung\\\/hardware-angebot\\\/#breadcrumb\"},\"inLanguage\":\"de\",\"potentialAction\":[{\"@type\":\"ReadAction\",\"target\":[\"https:\\\/\\\/koronapos.com\\\/de\\\/preisgestaltung\\\/hardware-angebot\\\/\"]}]},{\"@type\":\"ImageObject\",\"inLanguage\":\"de\",\"@id\":\"https:\\\/\\\/koronapos.com\\\/de\\\/preisgestaltung\\\/hardware-angebot\\\/#primaryimage\",\"url\":\"https:\\\/\\\/koronapos.com\\\/wp-content\\\/uploads\\\/2025\\\/08\\\/Side_Images_Hardware-w-New-Logo-1024x568.png\",\"contentUrl\":\"https:\\\/\\\/koronapos.com\\\/wp-content\\\/uploads\\\/2025\\\/08\\\/Side_Images_Hardware-w-New-Logo-1024x568.png\"},{\"@type\":\"BreadcrumbList\",\"@id\":\"https:\\\/\\\/koronapos.com\\\/de\\\/preisgestaltung\\\/hardware-angebot\\\/#breadcrumb\",\"itemListElement\":[{\"@type\":\"ListItem\",\"position\":1,\"name\":\"Home\",\"item\":\"https:\\\/\\\/koronapos.com\\\/de\\\/startseite\\\/\"},{\"@type\":\"ListItem\",\"position\":2,\"name\":\"Preisgestaltung\",\"item\":\"https:\\\/\\\/koronapos.com\\\/de\\\/preisgestaltung\\\/\"},{\"@type\":\"ListItem\",\"position\":3,\"name\":\"Hardware-Angebot\"}]},{\"@type\":\"WebSite\",\"@id\":\"https:\\\/\\\/koronapos.com\\\/de\\\/#website\",\"url\":\"https:\\\/\\\/koronapos.com\\\/de\\\/\",\"name\":\"KORONA POS by COMBASE\",\"description\":\"KORONA POS by COMBASE: Custom Point of Sale Software\",\"publisher\":{\"@id\":\"https:\\\/\\\/koronapos.com\\\/de\\\/#organization\"},\"alternateName\":\"KORONA POS\",\"potentialAction\":[{\"@type\":\"SearchAction\",\"target\":{\"@type\":\"EntryPoint\",\"urlTemplate\":\"https:\\\/\\\/koronapos.com\\\/de\\\/?s={search_term_string}\"},\"query-input\":{\"@type\":\"PropertyValueSpecification\",\"valueRequired\":true,\"valueName\":\"search_term_string\"}}],\"inLanguage\":\"de\"},{\"@type\":\"Organization\",\"@id\":\"https:\\\/\\\/koronapos.com\\\/de\\\/#organization\",\"name\":\"Korona POS\",\"alternateName\":\"KORONA POS\",\"url\":\"https:\\\/\\\/koronapos.com\\\/de\\\/\",\"logo\":{\"@type\":\"ImageObject\",\"inLanguage\":\"de\",\"@id\":\"https:\\\/\\\/koronapos.com\\\/de\\\/#\\\/schema\\\/logo\\\/image\\\/\",\"url\":\"https:\\\/\\\/koronapos.com\\\/wp-content\\\/uploads\\\/2025\\\/06\\\/KORONA-POS-NEW-LOGO-e1750866639197.png\",\"contentUrl\":\"https:\\\/\\\/koronapos.com\\\/wp-content\\\/uploads\\\/2025\\\/06\\\/KORONA-POS-NEW-LOGO-e1750866639197.png\",\"width\":1198,\"height\":344,\"caption\":\"Korona POS\"},\"image\":{\"@id\":\"https:\\\/\\\/koronapos.com\\\/de\\\/#\\\/schema\\\/logo\\\/image\\\/\"},\"sameAs\":[\"https:\\\/\\\/www.facebook.com\\\/koronapos\",\"https:\\\/\\\/x.com\\\/CombaseUSA\",\"https:\\\/\\\/www.instagram.com\\\/koronapos\\\/\",\"https:\\\/\\\/www.linkedin.com\\\/company\\\/combase-usa-inc-\",\"https:\\\/\\\/www.youtube.com\\\/c\\\/Combase-usa\\\/f\"],\"description\":\"KORONA POS is a modern cloud point of sale software developed by COMBASE USA with specialized features for retailers, inventory management, event ticketing, quick-service restaurants, and more.\",\"email\":\"inquiries@combase-usa.com\",\"telephone\":\"1(833)200-0213\",\"legalName\":\"COMBASE USA, Inc.\",\"foundingDate\":\"2012-08-01\",\"taxID\":\"1014657598\",\"numberOfEmployees\":{\"@type\":\"QuantitativeValue\",\"minValue\":\"11\",\"maxValue\":\"50\"}}]}<\/script>\n<!-- \/ Yoast SEO Premium plugin. -->","yoast_head_json":{"title":"Stellen Sie Ihr POS-Hardware-Set mit KORONA POS zusammen","description":"W\u00e4hlen Sie Ihr Point-of-Sale-Hardware-Kit - Ihr Terminal, Ihren Scanner, Ihre Kasse und vieles mehr. KORONA POS bietet zuverl\u00e4ssige Hardware-Optionen.","robots":{"index":"index","follow":"follow","max-snippet":"max-snippet:-1","max-image-preview":"max-image-preview:large","max-video-preview":"max-video-preview:-1"},"canonical":"https:\/\/koronapos.com\/de\/preisgestaltung\/hardware-angebot\/","og_locale":"de_DE","og_type":"article","og_title":"Hardware-Angebot","og_description":"W\u00e4hlen Sie Ihr Point-of-Sale-Hardware-Kit - Ihr Terminal, Ihren Scanner, Ihre Kasse und vieles mehr. KORONA POS bietet zuverl\u00e4ssige Hardware-Optionen.","og_url":"https:\/\/koronapos.com\/de\/preisgestaltung\/hardware-angebot\/","og_site_name":"KORONA POS by COMBASE","article_publisher":"https:\/\/www.facebook.com\/koronapos","article_modified_time":"2026-03-31T14:35:09+00:00","og_image":[{"width":1845,"height":1024,"url":"https:\/\/koronapos.com\/wp-content\/uploads\/2025\/08\/Side_Images_Hardware-w-New-Logo.png","type":"image\/png"}],"twitter_card":"summary_large_image","twitter_site":"@CombaseUSA","twitter_misc":{"Gesch\u00e4tzte Lesezeit":"3\u00a0Minuten"},"schema":{"@context":"https:\/\/schema.org","@graph":[{"@type":"WebPage","@id":"https:\/\/koronapos.com\/de\/preisgestaltung\/hardware-angebot\/","url":"https:\/\/koronapos.com\/de\/preisgestaltung\/hardware-angebot\/","name":"Stellen Sie Ihr POS-Hardware-Set mit KORONA POS zusammen","isPartOf":{"@id":"https:\/\/koronapos.com\/de\/#website"},"primaryImageOfPage":{"@id":"https:\/\/koronapos.com\/de\/preisgestaltung\/hardware-angebot\/#primaryimage"},"image":{"@id":"https:\/\/koronapos.com\/de\/preisgestaltung\/hardware-angebot\/#primaryimage"},"thumbnailUrl":"https:\/\/koronapos.com\/wp-content\/uploads\/2025\/08\/Side_Images_Hardware-w-New-Logo-1024x568.png","datePublished":"2024-12-12T22:15:19+00:00","dateModified":"2026-03-31T14:35:09+00:00","description":"W\u00e4hlen Sie Ihr Point-of-Sale-Hardware-Kit - Ihr Terminal, Ihren Scanner, Ihre Kasse und vieles mehr. KORONA POS bietet zuverl\u00e4ssige Hardware-Optionen.","breadcrumb":{"@id":"https:\/\/koronapos.com\/de\/preisgestaltung\/hardware-angebot\/#breadcrumb"},"inLanguage":"de","potentialAction":[{"@type":"ReadAction","target":["https:\/\/koronapos.com\/de\/preisgestaltung\/hardware-angebot\/"]}]},{"@type":"ImageObject","inLanguage":"de","@id":"https:\/\/koronapos.com\/de\/preisgestaltung\/hardware-angebot\/#primaryimage","url":"https:\/\/koronapos.com\/wp-content\/uploads\/2025\/08\/Side_Images_Hardware-w-New-Logo-1024x568.png","contentUrl":"https:\/\/koronapos.com\/wp-content\/uploads\/2025\/08\/Side_Images_Hardware-w-New-Logo-1024x568.png"},{"@type":"BreadcrumbList","@id":"https:\/\/koronapos.com\/de\/preisgestaltung\/hardware-angebot\/#breadcrumb","itemListElement":[{"@type":"ListItem","position":1,"name":"Home","item":"https:\/\/koronapos.com\/de\/startseite\/"},{"@type":"ListItem","position":2,"name":"Preisgestaltung","item":"https:\/\/koronapos.com\/de\/preisgestaltung\/"},{"@type":"ListItem","position":3,"name":"Hardware-Angebot"}]},{"@type":"WebSite","@id":"https:\/\/koronapos.com\/de\/#website","url":"https:\/\/koronapos.com\/de\/","name":"KORONA POS by COMBASE","description":"KORONA POS by COMBASE: Custom Point of Sale Software","publisher":{"@id":"https:\/\/koronapos.com\/de\/#organization"},"alternateName":"KORONA POS","potentialAction":[{"@type":"SearchAction","target":{"@type":"EntryPoint","urlTemplate":"https:\/\/koronapos.com\/de\/?s={search_term_string}"},"query-input":{"@type":"PropertyValueSpecification","valueRequired":true,"valueName":"search_term_string"}}],"inLanguage":"de"},{"@type":"Organization","@id":"https:\/\/koronapos.com\/de\/#organization","name":"Korona POS","alternateName":"KORONA POS","url":"https:\/\/koronapos.com\/de\/","logo":{"@type":"ImageObject","inLanguage":"de","@id":"https:\/\/koronapos.com\/de\/#\/schema\/logo\/image\/","url":"https:\/\/koronapos.com\/wp-content\/uploads\/2025\/06\/KORONA-POS-NEW-LOGO-e1750866639197.png","contentUrl":"https:\/\/koronapos.com\/wp-content\/uploads\/2025\/06\/KORONA-POS-NEW-LOGO-e1750866639197.png","width":1198,"height":344,"caption":"Korona POS"},"image":{"@id":"https:\/\/koronapos.com\/de\/#\/schema\/logo\/image\/"},"sameAs":["https:\/\/www.facebook.com\/koronapos","https:\/\/x.com\/CombaseUSA","https:\/\/www.instagram.com\/koronapos\/","https:\/\/www.linkedin.com\/company\/combase-usa-inc-","https:\/\/www.youtube.com\/c\/Combase-usa\/f"],"description":"KORONA POS is a modern cloud point of sale software developed by COMBASE USA with specialized features for retailers, inventory management, event ticketing, quick-service restaurants, and more.","email":"inquiries@combase-usa.com","telephone":"1(833)200-0213","legalName":"COMBASE USA, Inc.","foundingDate":"2012-08-01","taxID":"1014657598","numberOfEmployees":{"@type":"QuantitativeValue","minValue":"11","maxValue":"50"}}]}},"_links":{"self":[{"href":"https:\/\/koronapos.com\/de\/wp-json\/wp\/v2\/pages\/86874","targetHints":{"allow":["GET"]}}],"collection":[{"href":"https:\/\/koronapos.com\/de\/wp-json\/wp\/v2\/pages"}],"about":[{"href":"https:\/\/koronapos.com\/de\/wp-json\/wp\/v2\/types\/page"}],"author":[{"embeddable":true,"href":"https:\/\/koronapos.com\/de\/wp-json\/wp\/v2\/users\/3"}],"replies":[{"embeddable":true,"href":"https:\/\/koronapos.com\/de\/wp-json\/wp\/v2\/comments?post=86874"}],"version-history":[{"count":8,"href":"https:\/\/koronapos.com\/de\/wp-json\/wp\/v2\/pages\/86874\/revisions"}],"predecessor-version":[{"id":96632,"href":"https:\/\/koronapos.com\/de\/wp-json\/wp\/v2\/pages\/86874\/revisions\/96632"}],"up":[{"embeddable":true,"href":"https:\/\/koronapos.com\/de\/wp-json\/wp\/v2\/pages\/86737"}],"wp:attachment":[{"href":"https:\/\/koronapos.com\/de\/wp-json\/wp\/v2\/media?parent=86874"}],"curies":[{"name":"wp","href":"https:\/\/api.w.org\/{rel}","templated":true}]}}