{"id":86862,"date":"2024-11-18T17:57:02","date_gmt":"2024-11-19T01:57:02","guid":{"rendered":"https:\/\/koronapos.com\/feedback-zur-api-integration\/"},"modified":"2026-03-31T08:26:59","modified_gmt":"2026-03-31T15:26:59","slug":"feedback-zur-api-integration","status":"publish","type":"page","link":"https:\/\/koronapos.com\/de\/feedback-zur-api-integration\/","title":{"rendered":"Feedback zur API-Integration"},"content":{"rendered":"<div class=\"gb-container gb-container-65a0cc05 alignfull\">\n<div class=\"gb-container gb-container-50b58bc2\">\n\n<h1 class=\"gb-headline gb-headline-dc6eaaf5 gb-headline-text\">KORONA POS API-Integrationen<\/h1>\n\n\n<div class=\"gb-grid-wrapper gb-grid-wrapper-87439d6a\">\n<div class=\"gb-grid-column gb-grid-column-4e396099\"><div class=\"gb-container gb-container-4e396099\">\n\n<h2 class=\"gb-headline gb-headline-7e1053e4 gb-headline-text\">Brauchen Sie etwas, das wir nicht haben?<\/h2>\n\n\n\n<p>Teilen Sie uns Ihre Gedanken mit, um uns zu helfen, unsere Point-of-Sale-Integration zu verbessern. Wir haben eine offene API und sind immer auf der Suche nach mehr Point-of-Sale-Integrationen f\u00fcr unsere Benutzer.   <\/p>\n\n\n\n<p>Um KORONA POS zu entwickeln und mit ihm zusammenzuarbeiten, besuchen Sie bitte: <a href=\"https:\/\/koronapos.com\/de\/entwickler\/\"><strong>https:\/\/koronapos.com\/de\/entwickler\/<\/strong><\/a><\/p>\n\n\n<div class=\"gb-container gb-container-64bac2dd\">\n<div class=\"gb-container gb-container-ffe8a142\">\n\n<h4 class=\"gb-headline gb-headline-a5ed00d0\"><span class=\"gb-icon\"><svg xmlns=\"http:\/\/www.w3.org\/2000\/svg\" aria-hidden=\"true\" role=\"img\" height=\"1em\" width=\"1em\" viewBox=\"0 0 512 512\"><path fill=\"currentColor\" d=\"M464 64H48C21.49 64 0 85.49 0 112v288c0 26.51 21.49 48 48 48h416c26.51 0 48-21.49 48-48V112c0-26.51-21.49-48-48-48zm0 48v40.805c-22.422 18.259-58.168 46.651-134.587 106.49-16.841 13.247-50.201 45.072-73.413 44.701-23.208.375-56.579-31.459-73.413-44.701C106.18 199.465 70.425 171.067 48 152.805V112h416zM48 400V214.398c22.914 18.251 55.409 43.862 104.938 82.646 21.857 17.205 60.134 55.186 103.062 54.955 42.717.231 80.509-37.199 103.053-54.947 49.528-38.783 82.032-64.401 104.947-82.653V400H48z\"><\/path><\/svg><\/span><span class=\"gb-headline-text\">E-Mail-Vorlage f\u00fcr neue Integrationsanfragen<\/span><\/h4>\n\n\n\n<p style=\"font-size:14px\">Verwenden Sie die E-Mail-Vorlage, um das Drittunternehmen zu kontaktieren, mit dem Sie eine Integration anfordern. Anfragen von gemeinsamen Kunden helfen bei der Priorisierung neuer Integrationen mit KORONA POS. <\/p>\n\n<\/div>\n\n\n<p>Hallo [3rd Party] Team,<\/p>\n\n\n\n<p>Ich m\u00f6chte darum bitten, dass [3rdParty] sich in KORONA POS, unsere aktuelle Point-of-Sale-L\u00f6sung, integriert. Die Integration von [3rdParty] in KORONA POS w\u00fcrde unsere Abl\u00e4ufe erheblich verbessern, und wir w\u00fcrden uns freuen, wenn es als unterst\u00fctzte Integration verf\u00fcgbar w\u00e4re. Konkret suchen wir nach einer Integration, die Folgendes umfasst:<\/p>\n\n\n\n<p>[Beschreiben\/listen Sie die Funktionen der Integration auf, die Sie m\u00f6chten].<\/p>\n\n\n\n<p>Mein KORONA POS-Vertreter erw\u00e4hnte, dass die direkte Bekundung dieses Interesses an Ihrem Team dazu beitragen kann, die Entwicklung solcher Integrationen zu priorisieren. K\u00f6nnte Ihr Team die Entwicklung dieser Integration in Betracht ziehen? Zur Unterst\u00fctzung des Prozesses finden Sie unter <a href=\"https:\/\/koronapos.com\/de\/entwickler\/\"><strong>https:\/\/koronapos.com\/de\/entwickler\/<\/strong><\/a> die KORONA POS Open API-Dokumentation.<\/p>\n\n\n\n<p>Wenn wir Ihnen helfen k\u00f6nnen, lassen Sie es uns bitte wissen. Wir sind begeistert von dem Potenzial dieser Zusammenarbeit und hoffen, dass sie bald Realit\u00e4t wird! <\/p>\n\n\n\n<p>Danke!<br>[Ihr Name]<\/p>\n\n<\/div>\n<\/div><\/div>\n\n<div class=\"gb-grid-column gb-grid-column-9fefdaaa\"><div class=\"gb-container gb-container-9fefdaaa\">\n\n<center><iframe src=\"https:\/\/docs.google.com\/forms\/d\/e\/1FAIpQLSfjWJMcYYOC7py04SzsIyQBgP2KZX_k9KY460J5N9F0H9XP2g\/viewform?embedded=true\" width=\"700\" height=\"1200\" frameborder=\"0\" marginheight=\"0\" marginwidth=\"0\">L\u00e4dt&#8230;<\/iframe><\/center>\n\n<\/div><\/div>\n<\/div>\n\n<div class=\"gb-container gb-container-3c7d5441\">\n<div class=\"gb-container gb-container-620de558\">\n\n<h4 class=\"gb-headline gb-headline-cb2ff939\"><span class=\"gb-icon\"><svg xmlns=\"http:\/\/www.w3.org\/2000\/svg\" aria-hidden=\"true\" role=\"img\" height=\"1em\" width=\"1em\" viewBox=\"0 0 512 512\"><path fill=\"currentColor\" d=\"M464 64H48C21.49 64 0 85.49 0 112v288c0 26.51 21.49 48 48 48h416c26.51 0 48-21.49 48-48V112c0-26.51-21.49-48-48-48zm0 48v40.805c-22.422 18.259-58.168 46.651-134.587 106.49-16.841 13.247-50.201 45.072-73.413 44.701-23.208.375-56.579-31.459-73.413-44.701C106.18 199.465 70.425 171.067 48 152.805V112h416zM48 400V214.398c22.914 18.251 55.409 43.862 104.938 82.646 21.857 17.205 60.134 55.186 103.062 54.955 42.717.231 80.509-37.199 103.053-54.947 49.528-38.783 82.032-64.401 104.947-82.653V400H48z\"><\/path><\/svg><\/span><span class=\"gb-headline-text\">E-Mail-Vorlage f\u00fcr neue Integrationsanfragen<\/span><\/h4>\n\n\n\n<p style=\"font-size:14px\">Verwenden Sie die E-Mail-Vorlage, um das Drittunternehmen zu kontaktieren, mit dem Sie eine Integration anfordern. Anfragen von gemeinsamen Kunden helfen bei der Priorisierung neuer Integrationen mit KORONA POS. <\/p>\n\n<\/div>\n\n\n<p>Hallo [3rd Party] Team,<\/p>\n\n\n\n<p>Ich m\u00f6chte darum bitten, dass [3rdParty] sich in KORONA POS, unsere aktuelle Point-of-Sale-L\u00f6sung, integriert. Die Integration von [3rdParty] in KORONA POS w\u00fcrde unsere Abl\u00e4ufe erheblich verbessern, und wir w\u00fcrden uns freuen, wenn es als unterst\u00fctzte Integration verf\u00fcgbar w\u00e4re. Konkret suchen wir nach einer Integration, die Folgendes umfasst:<\/p>\n\n\n\n<p>[Beschreiben\/listen Sie die Funktionen der Integration auf, die Sie m\u00f6chten].<\/p>\n\n\n\n<p>Mein KORONA POS-Vertreter erw\u00e4hnte, dass die direkte Bekundung dieses Interesses an Ihrem Team dazu beitragen kann, die Entwicklung solcher Integrationen zu priorisieren. K\u00f6nnte Ihr Team die Entwicklung dieser Integration in Betracht ziehen? Zur Unterst\u00fctzung des Prozesses finden Sie unter <a href=\"https:\/\/koronapos.com\/de\/entwickler\/\"><strong>koronapos.com\/developers\/<\/strong><\/a> die KORONA POS Open API-Dokumentation.  <\/p>\n\n\n\n<p>Wenn wir Ihnen helfen k\u00f6nnen, lassen Sie es uns bitte wissen. Wir sind begeistert von dem Potenzial dieser Zusammenarbeit und hoffen, dass sie bald Realit\u00e4t wird! <\/p>\n\n\n\n<p>Danke!<br>[Ihr Name]<\/p>\n\n<\/div>\n<\/div>\n<\/div>\n\n<div class=\"gb-container gb-container-6abd4714 wp-embed-aspect-16-9 wp-has-aspect-ratio\">\n<div class=\"gb-container gb-container-6352be5f wp-embed-aspect-16-9 wp-has-aspect-ratio\">\n<div class=\"gb-grid-wrapper gb-grid-wrapper-e4347113\">\n<div class=\"gb-grid-column gb-grid-column-65f0f5a2\"><div class=\"gb-container gb-container-65f0f5a2\">\n\n<h3 class=\"gb-headline gb-headline-d9c87c46 gb-headline-text wp-embed-aspect-16-9 wp-has-aspect-ratio\">Aktuelle KORONA POS Integrationen<\/h3>\n\n\n\n<p>Wir arbeiten mit verschiedenen Integrationen f\u00fcr Ihre Gesch\u00e4ftsanforderungen zusammen. KORONA POS verf\u00fcgt \u00fcber Arbeitsmanagement, CRM, E-Commerce, Buchhaltung und weitere Integrationen. Sehen Sie sich unten alle unsere Partner an.    <\/p>\n\n\n\n<a class=\"gb-button gb-button-0961beb5 gb-button-text\" href=\"https:\/\/koronapos.com\/de\/partner-und-integrationen\/\">Alle Partner und Integrationen<\/a>\n\n<\/div><\/div>\n\n<div class=\"gb-grid-column gb-grid-column-cca5617f\"><div class=\"gb-container gb-container-cca5617f\">\n<div class=\"gb-grid-wrapper gb-grid-wrapper-a5fdb65f\">\n<div class=\"gb-grid-column gb-grid-column-0dff202e\"><div class=\"gb-container gb-container-0dff202e\">\n\n<figure class=\"gb-block-image gb-block-image-cab90c46\"><img decoding=\"async\" width=\"200\" height=\"60\" class=\"gb-image gb-image-cab90c46\" src=\"https:\/\/koronapos.com\/wp-content\/uploads\/2023\/04\/Time-Forge-Logo.png\"\/><\/figure>\n\n<\/div><\/div>\n\n<div class=\"gb-grid-column gb-grid-column-f6a5f3c3\"><div class=\"gb-container gb-container-f6a5f3c3\">\n\n<figure class=\"gb-block-image gb-block-image-2487fcc1\"><img decoding=\"async\" width=\"811\" height=\"225\" class=\"gb-image gb-image-2487fcc1\" src=\"https:\/\/koronapos.com\/wp-content\/uploads\/2023\/08\/Bookkeep.png\" srcset=\"https:\/\/koronapos.com\/wp-content\/uploads\/2023\/08\/Bookkeep.png 811w, https:\/\/koronapos.com\/wp-content\/uploads\/2023\/08\/Bookkeep-300x83.png 300w, https:\/\/koronapos.com\/wp-content\/uploads\/2023\/08\/Bookkeep-768x213.png 768w\" sizes=\"(max-width: 811px) 100vw, 811px\" \/><\/figure>\n\n<\/div><\/div>\n\n<div class=\"gb-grid-column gb-grid-column-256e49f7\"><div class=\"gb-container gb-container-256e49f7\">\n\n<figure class=\"gb-block-image gb-block-image-38e86974\"><img decoding=\"async\" width=\"1024\" height=\"151\" class=\"gb-image gb-image-38e86974\" src=\"https:\/\/koronapos.com\/wp-content\/uploads\/2023\/09\/Card-Market-Logo-1024x151.png\" srcset=\"https:\/\/koronapos.com\/wp-content\/uploads\/2023\/09\/Card-Market-Logo-1024x151.png 1024w, https:\/\/koronapos.com\/wp-content\/uploads\/2023\/09\/Card-Market-Logo-300x44.png 300w, https:\/\/koronapos.com\/wp-content\/uploads\/2023\/09\/Card-Market-Logo-768x113.png 768w, https:\/\/koronapos.com\/wp-content\/uploads\/2023\/09\/Card-Market-Logo.png 1483w\" sizes=\"(max-width: 1024px) 100vw, 1024px\" \/><\/figure>\n\n<\/div><\/div>\n\n<div class=\"gb-grid-column gb-grid-column-ca9b98b4\"><div class=\"gb-container gb-container-ca9b98b4\">\n\n<figure class=\"gb-block-image gb-block-image-c5d721fb\"><img decoding=\"async\" width=\"300\" height=\"109\" class=\"gb-image gb-image-c5d721fb\" src=\"https:\/\/koronapos.com\/wp-content\/uploads\/2023\/04\/Bloyal-Logo.png\"\/><\/figure>\n\n<\/div><\/div>\n\n<div class=\"gb-grid-column gb-grid-column-18cc409b\"><div class=\"gb-container gb-container-18cc409b\">\n\n<figure class=\"gb-block-image gb-block-image-4bfd37d7\"><img decoding=\"async\" width=\"512\" height=\"101\" class=\"gb-image gb-image-4bfd37d7\" src=\"https:\/\/koronapos.com\/wp-content\/uploads\/2024\/01\/LocalReviews-Logo-1.png\" srcset=\"https:\/\/koronapos.com\/wp-content\/uploads\/2024\/01\/LocalReviews-Logo-1.png 512w, https:\/\/koronapos.com\/wp-content\/uploads\/2024\/01\/LocalReviews-Logo-1-300x59.png 300w\" sizes=\"(max-width: 512px) 100vw, 512px\" \/><\/figure>\n\n<\/div><\/div>\n\n<div class=\"gb-grid-column gb-grid-column-c9aad04d\"><div class=\"gb-container gb-container-c9aad04d\">\n\n<figure class=\"gb-block-image gb-block-image-a7cd436b\"><img decoding=\"async\" class=\"gb-image gb-image-a7cd436b\" src=\"https:\/\/koronapos.com\/wp-content\/uploads\/2024\/07\/Clearent_by_Xplor_Logos_Full_Color_Logo.svg\"\/><\/figure>\n\n<\/div><\/div>\n<\/div>\n<\/div><\/div>\n<\/div>\n<\/div>\n\n<div class=\"gb-container gb-container-b8adca2e wp-embed-aspect-16-9 wp-has-aspect-ratio\">\n\n<h3 class=\"gb-headline gb-headline-722905b4 wp-embed-aspect-16-9 wp-has-aspect-ratio\"><span class=\"gb-icon\"><svg xmlns=\"http:\/\/www.w3.org\/2000\/svg\" viewBox=\"0 0 448 512\">    <path d=\"M432 256c0 17.7-14.3 32-32 32H48c-17.7 0-32-14.3-32-32s14.3-32 32-32h352c17.7 0 32 14.3 32 32z\"><\/path> <\/svg><\/span><span class=\"gb-headline-text\">M\u00f6chten Sie KORONA POS weiterempfehlen?<\/span><\/h3>\n\n\n\n<p class=\"wp-embed-aspect-16-9 wp-has-aspect-ratio\">Empfehlen Sie uns noch heute, und wenn das Unternehmen, das Sie empfehlen, sich bei KORONA POS anmeldet, senden wir Ihnen ein Geschenk.<\/p>\n\n\n\n<a class=\"gb-button gb-button-91f721db gb-button-text wp-embed-aspect-16-9 wp-has-aspect-ratio\" href=\"https:\/\/youtu.be\/4lgVz269kZw?si=GRQuiPDK8l1uknTC\">KORONA POS weiterempfehlen<\/a>\n\n\n\n<a class=\"gb-button gb-button-8206bc2b gb-button-text wp-embed-aspect-16-9 wp-has-aspect-ratio\" href=\"https:\/\/youtu.be\/4lgVz269kZw?si=GRQuiPDK8l1uknTC\">Sehen Sie sich unsere Referenzen an<\/a>\n\n\n<div class=\"gb-grid-wrapper gb-grid-wrapper-eadf7c54 wp-embed-aspect-16-9 wp-has-aspect-ratio\">\n<div class=\"gb-grid-column gb-grid-column-a26a11cb\"><div class=\"gb-container gb-container-a26a11cb wp-embed-aspect-16-9 wp-has-aspect-ratio\">\n\n<figure class=\"wp-block-embed is-type-video is-provider-youtube wp-block-embed-youtube wp-embed-aspect-16-9 wp-has-aspect-ratio\"><div class=\"wp-block-embed__wrapper\">\n<iframe title=\"KORONA POS Customer Testimonials: Hear the Experience of 7 Customers\" width=\"1200\" height=\"675\" src=\"https:\/\/www.youtube.com\/embed\/4lgVz269kZw?feature=oembed\" frameborder=\"0\" allow=\"accelerometer; autoplay; clipboard-write; encrypted-media; gyroscope; picture-in-picture; web-share\" referrerpolicy=\"strict-origin-when-cross-origin\" allowfullscreen><\/iframe>\n<\/div><\/figure>\n\n<\/div><\/div>\n\n<div class=\"gb-grid-column gb-grid-column-27f75a4c\"><div class=\"gb-container gb-container-27f75a4c wp-embed-aspect-16-9 wp-has-aspect-ratio\">\n\n<p class=\"gb-headline gb-headline-88c6be5a\"><span class=\"gb-icon\"><svg xmlns=\"http:\/\/www.w3.org\/2000\/svg\" viewBox=\"0 0 448 512\">    <path d=\"M0 216C0 149.7 53.7 96 120 96h8c17.7 0 32 14.3 32 32s-14.3 32-32 32h-8c-30.9 0-56 25.1-56 56v8h64c35.3 0 64 28.7 64 64v64c0 35.3-28.7 64-64 64H64c-35.3 0-64-28.7-64-64V216zm256 0c0-66.3 53.7-120 120-120h8c17.7 0 32 14.3 32 32s-14.3 32-32 32h-8c-30.9 0-56 25.1-56 56v8h64c35.3 0 64 28.7 64 64v64c0 35.3-28.7 64-64 64h-64c-35.3 0-64-28.7-64-64V216z\"><\/path> <\/svg><\/span><span class=\"gb-headline-text\">KORONA POS ist vollgepackt mit Funktionen wie der Verfolgung von Verk\u00e4ufen und Mitarbeitern, und das alles zu einem g\u00fcnstigen Preis! Abrufen von Verk\u00e4ufen, Verfolgen von Finanzen, Inventar und Back-Office-Funktionen. All dies ist mit KORONA POS ganz einfach zu bewerkstelligen.  <\/span><\/p>\n\n\n\n<p class=\"gb-headline gb-headline-b1b4b02e gb-headline-text\"><strong>Troy F.<\/strong><\/p>\n\n\n\n<p><em>Downtown B\u00fccher<\/em><\/p>\n\n\n\n<figure class=\"wp-block-image size-full is-resized\"><img decoding=\"async\" width=\"300\" height=\"62\" src=\"https:\/\/koronapos.com\/wp-content\/uploads\/2023\/03\/Star-Rating.png\" alt=\"\" class=\"wp-image-44268\" style=\"width:150px;height:auto\"\/><\/figure>\n\n<\/div><\/div>\n<\/div>\n<\/div>\n<\/div>","protected":false},"excerpt":{"rendered":"","protected":false},"author":3,"featured_media":83794,"parent":0,"menu_order":0,"comment_status":"closed","ping_status":"closed","template":"","meta":{"footnotes":""},"class_list":{"0":"post-86862","1":"page","2":"type-page","3":"status-publish","4":"has-post-thumbnail","6":"infinite-scroll-item","7":"no-featured-image-padding"},"yoast_head":"<!-- This site is optimized with the Yoast SEO Premium plugin v27.4 (Yoast SEO v27.4) - https:\/\/yoast.com\/product\/yoast-seo-premium-wordpress\/ -->\n<title>Offene API-Integration mit KORONA POS<\/title>\n<meta name=\"description\" content=\"KORONA POS bietet eine offene API, die in verschiedene L\u00f6sungen integriert werden kann. Teilen Sie uns mit, welche Integrationen Sie mit Ihrem POS w\u00fcnschen.\" \/>\n<meta name=\"robots\" content=\"noindex, nofollow\" \/>\n<meta property=\"og:locale\" content=\"de_DE\" \/>\n<meta property=\"og:type\" content=\"article\" \/>\n<meta property=\"og:title\" content=\"Feedback zur API-Integration\" \/>\n<meta property=\"og:description\" content=\"KORONA POS bietet eine offene API, die in verschiedene L\u00f6sungen integriert werden kann. Teilen Sie uns mit, welche Integrationen Sie mit Ihrem POS w\u00fcnschen.\" \/>\n<meta property=\"og:url\" content=\"https:\/\/koronapos.com\/de\/feedback-zur-api-integration\/\" \/>\n<meta property=\"og:site_name\" content=\"KORONA POS by COMBASE\" \/>\n<meta property=\"article:publisher\" content=\"https:\/\/www.facebook.com\/koronapos\" \/>\n<meta property=\"article:modified_time\" content=\"2026-03-31T15:26:59+00:00\" \/>\n<meta property=\"og:image\" content=\"https:\/\/koronapos.com\/wp-content\/uploads\/2023\/07\/KORONA-POS-Custom-Point-of-Sale-Software-1.png\" \/>\n\t<meta property=\"og:image:width\" content=\"1200\" \/>\n\t<meta property=\"og:image:height\" content=\"675\" \/>\n\t<meta property=\"og:image:type\" content=\"image\/png\" \/>\n<meta name=\"twitter:card\" content=\"summary_large_image\" \/>\n<meta name=\"twitter:site\" content=\"@CombaseUSA\" \/>\n<meta name=\"twitter:label1\" content=\"Gesch\u00e4tzte Lesezeit\" \/>\n\t<meta name=\"twitter:data1\" content=\"1\u00a0Minute\" \/>\n<script type=\"application\/ld+json\" class=\"yoast-schema-graph\">{\"@context\":\"https:\\\/\\\/schema.org\",\"@graph\":[{\"@type\":\"WebPage\",\"@id\":\"https:\\\/\\\/koronapos.com\\\/de\\\/feedback-zur-api-integration\\\/\",\"url\":\"https:\\\/\\\/koronapos.com\\\/de\\\/feedback-zur-api-integration\\\/\",\"name\":\"Offene API-Integration mit KORONA POS\",\"isPartOf\":{\"@id\":\"https:\\\/\\\/koronapos.com\\\/de\\\/#website\"},\"primaryImageOfPage\":{\"@id\":\"https:\\\/\\\/koronapos.com\\\/de\\\/feedback-zur-api-integration\\\/#primaryimage\"},\"image\":{\"@id\":\"https:\\\/\\\/koronapos.com\\\/de\\\/feedback-zur-api-integration\\\/#primaryimage\"},\"thumbnailUrl\":\"https:\\\/\\\/koronapos.com\\\/wp-content\\\/uploads\\\/2023\\\/07\\\/KORONA-POS-Custom-Point-of-Sale-Software-1.png\",\"datePublished\":\"2024-11-19T01:57:02+00:00\",\"dateModified\":\"2026-03-31T15:26:59+00:00\",\"description\":\"KORONA POS bietet eine offene API, die in verschiedene L\u00f6sungen integriert werden kann. Teilen Sie uns mit, welche Integrationen Sie mit Ihrem POS w\u00fcnschen.\",\"breadcrumb\":{\"@id\":\"https:\\\/\\\/koronapos.com\\\/de\\\/feedback-zur-api-integration\\\/#breadcrumb\"},\"inLanguage\":\"de\",\"potentialAction\":[{\"@type\":\"ReadAction\",\"target\":[\"https:\\\/\\\/koronapos.com\\\/de\\\/feedback-zur-api-integration\\\/\"]}]},{\"@type\":\"ImageObject\",\"inLanguage\":\"de\",\"@id\":\"https:\\\/\\\/koronapos.com\\\/de\\\/feedback-zur-api-integration\\\/#primaryimage\",\"url\":\"https:\\\/\\\/koronapos.com\\\/wp-content\\\/uploads\\\/2023\\\/07\\\/KORONA-POS-Custom-Point-of-Sale-Software-1.png\",\"contentUrl\":\"https:\\\/\\\/koronapos.com\\\/wp-content\\\/uploads\\\/2023\\\/07\\\/KORONA-POS-Custom-Point-of-Sale-Software-1.png\",\"width\":1200,\"height\":675},{\"@type\":\"BreadcrumbList\",\"@id\":\"https:\\\/\\\/koronapos.com\\\/de\\\/feedback-zur-api-integration\\\/#breadcrumb\",\"itemListElement\":[{\"@type\":\"ListItem\",\"position\":1,\"name\":\"Home\",\"item\":\"https:\\\/\\\/koronapos.com\\\/de\\\/startseite\\\/\"},{\"@type\":\"ListItem\",\"position\":2,\"name\":\"Feedback zur API-Integration\"}]},{\"@type\":\"WebSite\",\"@id\":\"https:\\\/\\\/koronapos.com\\\/de\\\/#website\",\"url\":\"https:\\\/\\\/koronapos.com\\\/de\\\/\",\"name\":\"KORONA POS by COMBASE\",\"description\":\"KORONA POS by COMBASE: Custom Point of Sale Software\",\"publisher\":{\"@id\":\"https:\\\/\\\/koronapos.com\\\/de\\\/#organization\"},\"alternateName\":\"KORONA POS\",\"potentialAction\":[{\"@type\":\"SearchAction\",\"target\":{\"@type\":\"EntryPoint\",\"urlTemplate\":\"https:\\\/\\\/koronapos.com\\\/de\\\/?s={search_term_string}\"},\"query-input\":{\"@type\":\"PropertyValueSpecification\",\"valueRequired\":true,\"valueName\":\"search_term_string\"}}],\"inLanguage\":\"de\"},{\"@type\":\"Organization\",\"@id\":\"https:\\\/\\\/koronapos.com\\\/de\\\/#organization\",\"name\":\"Korona POS\",\"alternateName\":\"KORONA POS\",\"url\":\"https:\\\/\\\/koronapos.com\\\/de\\\/\",\"logo\":{\"@type\":\"ImageObject\",\"inLanguage\":\"de\",\"@id\":\"https:\\\/\\\/koronapos.com\\\/de\\\/#\\\/schema\\\/logo\\\/image\\\/\",\"url\":\"https:\\\/\\\/koronapos.com\\\/wp-content\\\/uploads\\\/2025\\\/06\\\/KORONA-POS-NEW-LOGO-e1750866639197.png\",\"contentUrl\":\"https:\\\/\\\/koronapos.com\\\/wp-content\\\/uploads\\\/2025\\\/06\\\/KORONA-POS-NEW-LOGO-e1750866639197.png\",\"width\":1198,\"height\":344,\"caption\":\"Korona POS\"},\"image\":{\"@id\":\"https:\\\/\\\/koronapos.com\\\/de\\\/#\\\/schema\\\/logo\\\/image\\\/\"},\"sameAs\":[\"https:\\\/\\\/www.facebook.com\\\/koronapos\",\"https:\\\/\\\/x.com\\\/CombaseUSA\",\"https:\\\/\\\/www.instagram.com\\\/koronapos\\\/\",\"https:\\\/\\\/www.linkedin.com\\\/company\\\/combase-usa-inc-\",\"https:\\\/\\\/www.youtube.com\\\/c\\\/Combase-usa\\\/f\"],\"description\":\"KORONA POS is a modern cloud point of sale software developed by COMBASE USA with specialized features for retailers, inventory management, event ticketing, quick-service restaurants, and more.\",\"email\":\"inquiries@combase-usa.com\",\"telephone\":\"1(833)200-0213\",\"legalName\":\"COMBASE USA, Inc.\",\"foundingDate\":\"2012-08-01\",\"taxID\":\"1014657598\",\"numberOfEmployees\":{\"@type\":\"QuantitativeValue\",\"minValue\":\"11\",\"maxValue\":\"50\"}}]}<\/script>\n<!-- \/ Yoast SEO Premium plugin. -->","yoast_head_json":{"title":"Offene API-Integration mit KORONA POS","description":"KORONA POS bietet eine offene API, die in verschiedene L\u00f6sungen integriert werden kann. Teilen Sie uns mit, welche Integrationen Sie mit Ihrem POS w\u00fcnschen.","robots":{"index":"noindex","follow":"nofollow"},"og_locale":"de_DE","og_type":"article","og_title":"Feedback zur API-Integration","og_description":"KORONA POS bietet eine offene API, die in verschiedene L\u00f6sungen integriert werden kann. Teilen Sie uns mit, welche Integrationen Sie mit Ihrem POS w\u00fcnschen.","og_url":"https:\/\/koronapos.com\/de\/feedback-zur-api-integration\/","og_site_name":"KORONA POS by COMBASE","article_publisher":"https:\/\/www.facebook.com\/koronapos","article_modified_time":"2026-03-31T15:26:59+00:00","og_image":[{"width":1200,"height":675,"url":"https:\/\/koronapos.com\/wp-content\/uploads\/2023\/07\/KORONA-POS-Custom-Point-of-Sale-Software-1.png","type":"image\/png"}],"twitter_card":"summary_large_image","twitter_site":"@CombaseUSA","twitter_misc":{"Gesch\u00e4tzte Lesezeit":"1\u00a0Minute"},"schema":{"@context":"https:\/\/schema.org","@graph":[{"@type":"WebPage","@id":"https:\/\/koronapos.com\/de\/feedback-zur-api-integration\/","url":"https:\/\/koronapos.com\/de\/feedback-zur-api-integration\/","name":"Offene API-Integration mit KORONA POS","isPartOf":{"@id":"https:\/\/koronapos.com\/de\/#website"},"primaryImageOfPage":{"@id":"https:\/\/koronapos.com\/de\/feedback-zur-api-integration\/#primaryimage"},"image":{"@id":"https:\/\/koronapos.com\/de\/feedback-zur-api-integration\/#primaryimage"},"thumbnailUrl":"https:\/\/koronapos.com\/wp-content\/uploads\/2023\/07\/KORONA-POS-Custom-Point-of-Sale-Software-1.png","datePublished":"2024-11-19T01:57:02+00:00","dateModified":"2026-03-31T15:26:59+00:00","description":"KORONA POS bietet eine offene API, die in verschiedene L\u00f6sungen integriert werden kann. Teilen Sie uns mit, welche Integrationen Sie mit Ihrem POS w\u00fcnschen.","breadcrumb":{"@id":"https:\/\/koronapos.com\/de\/feedback-zur-api-integration\/#breadcrumb"},"inLanguage":"de","potentialAction":[{"@type":"ReadAction","target":["https:\/\/koronapos.com\/de\/feedback-zur-api-integration\/"]}]},{"@type":"ImageObject","inLanguage":"de","@id":"https:\/\/koronapos.com\/de\/feedback-zur-api-integration\/#primaryimage","url":"https:\/\/koronapos.com\/wp-content\/uploads\/2023\/07\/KORONA-POS-Custom-Point-of-Sale-Software-1.png","contentUrl":"https:\/\/koronapos.com\/wp-content\/uploads\/2023\/07\/KORONA-POS-Custom-Point-of-Sale-Software-1.png","width":1200,"height":675},{"@type":"BreadcrumbList","@id":"https:\/\/koronapos.com\/de\/feedback-zur-api-integration\/#breadcrumb","itemListElement":[{"@type":"ListItem","position":1,"name":"Home","item":"https:\/\/koronapos.com\/de\/startseite\/"},{"@type":"ListItem","position":2,"name":"Feedback zur API-Integration"}]},{"@type":"WebSite","@id":"https:\/\/koronapos.com\/de\/#website","url":"https:\/\/koronapos.com\/de\/","name":"KORONA POS by COMBASE","description":"KORONA POS by COMBASE: Custom Point of Sale Software","publisher":{"@id":"https:\/\/koronapos.com\/de\/#organization"},"alternateName":"KORONA POS","potentialAction":[{"@type":"SearchAction","target":{"@type":"EntryPoint","urlTemplate":"https:\/\/koronapos.com\/de\/?s={search_term_string}"},"query-input":{"@type":"PropertyValueSpecification","valueRequired":true,"valueName":"search_term_string"}}],"inLanguage":"de"},{"@type":"Organization","@id":"https:\/\/koronapos.com\/de\/#organization","name":"Korona POS","alternateName":"KORONA POS","url":"https:\/\/koronapos.com\/de\/","logo":{"@type":"ImageObject","inLanguage":"de","@id":"https:\/\/koronapos.com\/de\/#\/schema\/logo\/image\/","url":"https:\/\/koronapos.com\/wp-content\/uploads\/2025\/06\/KORONA-POS-NEW-LOGO-e1750866639197.png","contentUrl":"https:\/\/koronapos.com\/wp-content\/uploads\/2025\/06\/KORONA-POS-NEW-LOGO-e1750866639197.png","width":1198,"height":344,"caption":"Korona POS"},"image":{"@id":"https:\/\/koronapos.com\/de\/#\/schema\/logo\/image\/"},"sameAs":["https:\/\/www.facebook.com\/koronapos","https:\/\/x.com\/CombaseUSA","https:\/\/www.instagram.com\/koronapos\/","https:\/\/www.linkedin.com\/company\/combase-usa-inc-","https:\/\/www.youtube.com\/c\/Combase-usa\/f"],"description":"KORONA POS is a modern cloud point of sale software developed by COMBASE USA with specialized features for retailers, inventory management, event ticketing, quick-service restaurants, and more.","email":"inquiries@combase-usa.com","telephone":"1(833)200-0213","legalName":"COMBASE USA, Inc.","foundingDate":"2012-08-01","taxID":"1014657598","numberOfEmployees":{"@type":"QuantitativeValue","minValue":"11","maxValue":"50"}}]}},"_links":{"self":[{"href":"https:\/\/koronapos.com\/de\/wp-json\/wp\/v2\/pages\/86862","targetHints":{"allow":["GET"]}}],"collection":[{"href":"https:\/\/koronapos.com\/de\/wp-json\/wp\/v2\/pages"}],"about":[{"href":"https:\/\/koronapos.com\/de\/wp-json\/wp\/v2\/types\/page"}],"author":[{"embeddable":true,"href":"https:\/\/koronapos.com\/de\/wp-json\/wp\/v2\/users\/3"}],"replies":[{"embeddable":true,"href":"https:\/\/koronapos.com\/de\/wp-json\/wp\/v2\/comments?post=86862"}],"version-history":[{"count":1,"href":"https:\/\/koronapos.com\/de\/wp-json\/wp\/v2\/pages\/86862\/revisions"}],"predecessor-version":[{"id":104533,"href":"https:\/\/koronapos.com\/de\/wp-json\/wp\/v2\/pages\/86862\/revisions\/104533"}],"wp:featuredmedia":[{"embeddable":true,"href":"https:\/\/koronapos.com\/de\/wp-json\/wp\/v2\/media\/83794"}],"wp:attachment":[{"href":"https:\/\/koronapos.com\/de\/wp-json\/wp\/v2\/media?parent=86862"}],"curies":[{"name":"wp","href":"https:\/\/api.w.org\/{rel}","templated":true}]}}