{"id":86696,"date":"2022-08-10T14:32:42","date_gmt":"2022-08-10T21:32:42","guid":{"rendered":"https:\/\/koronapos.com\/entwickler\/"},"modified":"2026-03-31T08:27:34","modified_gmt":"2026-03-31T15:27:34","slug":"entwicklung","status":"publish","type":"page","link":"https:\/\/koronapos.com\/de\/entwicklung\/","title":{"rendered":"Entwickler"},"content":{"rendered":"<div class=\"gb-container gb-container-679b16de\">\n<div class=\"gb-container gb-container-cee5696b\">\n<div class=\"gb-grid-wrapper gb-grid-wrapper-7d356f25\">\n<div class=\"gb-grid-column gb-grid-column-a86f086b\"><div class=\"gb-container gb-container-a86f086b\">\n\n<h2 class=\"gb-headline gb-headline-ce7e5e97 gb-headline-text\">Integrieren und Entwickeln mit KORONA POS<\/h2>\n\n\n\n<h2 class=\"gb-headline gb-headline-b311a88c gb-headline-text\">Helfen Sie uns, Ihr Gesch\u00e4ft zu verbessern, indem Sie einer der f\u00fchrenden Point-of-Sale-L\u00f6sungen auf dem Markt vorantreiben.<\/h2>\n\n\n<div class=\"gb-container gb-container-2f60c9e3\">\n\n<a class=\"gb-button gb-button-59a0ba70\" href=\"#dev-form\"><span class=\"gb-icon\"><svg xmlns=\"http:\/\/www.w3.org\/2000\/svg\" aria-hidden=\"true\" role=\"img\" height=\"1em\" width=\"1em\" viewBox=\"0 0 256 512\"><path fill=\"currentColor\" d=\"M224.3 273l-136 136c-9.4 9.4-24.6 9.4-33.9 0l-22.6-22.6c-9.4-9.4-9.4-24.6 0-33.9l96.4-96.4-96.4-96.4c-9.4-9.4-9.4-24.6 0-33.9L54.3 103c9.4-9.4 24.6-9.4 33.9 0l136 136c9.5 9.4 9.5 24.6.1 34z\"><\/path><\/svg><\/span><span class=\"gb-button-text\">Weitere Informationen<\/span><\/a>\n\n<\/div>\n<\/div><\/div>\n\n<div class=\"gb-grid-column gb-grid-column-74fe4f8e\"><div class=\"gb-container gb-container-74fe4f8e\"><\/div><\/div>\n<\/div>\n<\/div>\n<\/div>\n\n<div class=\"gb-container gb-container-dab9d3d1\">\n<div class=\"gb-container gb-container-d18e17a1\">\n\n<h3 class=\"gb-headline gb-headline-71e2cec8 gb-headline-text\">Wir arbeiten hart, um Ihnen eine schnelle und zuverl\u00e4ssige POS-Plattform zu bieten.<\/h3>\n\n\n\n<h2 class=\"gb-headline gb-headline-30e9718f gb-headline-text\">Vom Einzelhandel \u00fcber Schnellrestaurants bis hin zum Ticketing bedienen wir eine Vielzahl von Kunden und eine F\u00fclle von Optionen f\u00fcr Integrationen.<\/h2>\n\n\n<div class=\"gb-grid-wrapper gb-grid-wrapper-786f2e1e\">\n<div class=\"gb-grid-column gb-grid-column-511d6c2d\"><div class=\"gb-container gb-container-511d6c2d\">\n\n<figure class=\"gb-block-image gb-block-image-609abe99\"><img decoding=\"async\" class=\"gb-image gb-image-609abe99\" src=\"https:\/\/koronapos.com\/wp-content\/uploads\/2022\/06\/KPOS-Icons5-400x400.png.webp\" alt=\"\"\/>\n<figcaption class=\"gb-headline gb-headline-74fd901f gb-headline-text\">Partner<\/figcaption>\n<\/figure>\n\n\n\n<p class=\"has-text-align-center\">Entdecken Sie endlose M\u00f6glichkeiten der Partnerschaft und Entwicklung mit KORONA POS.<\/p>\n\n<\/div><\/div>\n\n<div class=\"gb-grid-column gb-grid-column-ff192166\"><div class=\"gb-container gb-container-ff192166\">\n\n<figure class=\"gb-block-image gb-block-image-6d8961d5\"><img decoding=\"async\" width=\"500\" height=\"500\" class=\"gb-image gb-image-6d8961d5\" src=\"https:\/\/koronapos.com\/wp-content\/uploads\/2023\/02\/Icon-16.png\" alt=\"\" title=\"Icon (16)\" srcset=\"https:\/\/koronapos.com\/wp-content\/uploads\/2023\/02\/Icon-16.png 500w, https:\/\/koronapos.com\/wp-content\/uploads\/2023\/02\/Icon-16-300x300.png 300w, https:\/\/koronapos.com\/wp-content\/uploads\/2023\/02\/Icon-16-150x150.png 150w\" sizes=\"(max-width: 500px) 100vw, 500px\" \/>\n<figcaption class=\"gb-headline gb-headline-d88ee1ce gb-headline-text\">OFFENE API<\/figcaption>\n<\/figure>\n\n\n\n<p class=\"has-text-align-center\">Erstellen Sie Ihre ma\u00dfgeschneiderten L\u00f6sungen \u00fcber unsere offene API f\u00fcr Kunden in verschiedenen Branchen.<\/p>\n\n<\/div><\/div>\n\n<div class=\"gb-grid-column gb-grid-column-aecd52f4\"><div class=\"gb-container gb-container-aecd52f4\">\n\n<figure class=\"gb-block-image gb-block-image-f61f2fab\"><img decoding=\"async\" width=\"500\" height=\"500\" class=\"gb-image gb-image-f61f2fab\" src=\"https:\/\/koronapos.com\/wp-content\/uploads\/2023\/02\/Icon-25.png\" alt=\"\" title=\"Icon (25)\" srcset=\"https:\/\/koronapos.com\/wp-content\/uploads\/2023\/02\/Icon-25.png 500w, https:\/\/koronapos.com\/wp-content\/uploads\/2023\/02\/Icon-25-300x300.png 300w, https:\/\/koronapos.com\/wp-content\/uploads\/2023\/02\/Icon-25-150x150.png 150w\" sizes=\"(max-width: 500px) 100vw, 500px\" \/>\n<figcaption class=\"gb-headline gb-headline-8c8419b7 gb-headline-text\">INTEGRation<\/figcaption>\n<\/figure>\n\n\n\n<p class=\"has-text-align-center\">Profitieren Sie von der Entwicklung von L\u00f6sungen f\u00fcr KORONA POS mit Ihren Ideen und der nahtlosen Integration.<\/p>\n\n<\/div><\/div>\n<\/div>\n<\/div>\n<\/div>\n\n<div class=\"gb-container gb-container-ca780309\">\n<div class=\"gb-grid-wrapper gb-grid-wrapper-ff339483\">\n<div class=\"gb-grid-column gb-grid-column-be00324d\"><div class=\"gb-container gb-container-be00324d\">\n\n<h2 class=\"gb-headline gb-headline-1107008d gb-headline-text\">Aktuelle Partnerintegrationen<\/h2>\n\n\n\n<p class=\"has-base-3-color has-text-color\" style=\"font-size:18px\">Wir haben mit einigen namhaften Unternehmen zusammengearbeitet und haben verschiedene POS-Integrationen mit E-Commerce, Produktmarketing, Kundenbindung und vielem mehr.<\/p>\n\n\n<div class=\"gb-container gb-container-e6ae864f\">\n\n<a class=\"gb-button gb-button-54507acd gb-button-text\" href=\"https:\/\/appcenter.koronacloud.com\/\" target=\"_blank\" rel=\"noopener noreferrer\">Erfahren Sie mehr \u00fcber unsere Partner<\/a>\n\n<\/div>\n<\/div><\/div>\n\n<div class=\"gb-grid-column gb-grid-column-f4591213\"><div class=\"gb-container gb-container-f4591213\">\n\n<figure class=\"gb-block-image gb-block-image-ee0bd73c\"><img decoding=\"async\" class=\"gb-image gb-image-ee0bd73c\" src=\"https:\/\/koronapos.com\/wp-content\/uploads\/2022\/03\/Hardware-with-POS-software-800x800.png.webp\" alt=\"KORONA Kassensoftware\"\/><\/figure>\n\n<\/div><\/div>\n<\/div>\n<\/div>\n\n\n<div style=\"height:30px\" aria-hidden=\"true\" class=\"wp-block-spacer\"><\/div>\n\n\n<div class=\"gb-grid-wrapper gb-grid-wrapper-16b6c602\">\n<div class=\"gb-grid-column gb-grid-column-639427d1\"><div class=\"gb-container gb-container-639427d1\">\n\n<figure class=\"gb-block-image gb-block-image-f4bde54c\"><img decoding=\"async\" class=\"gb-image gb-image-f4bde54c\" src=\"https:\/\/koronapos.com\/wp-content\/uploads\/2021\/12\/bloyal_logotype-outline-1-300x109-1-200x73.png.webp\" alt=\"\"\/><\/figure>\n\n<\/div><\/div>\n\n<div class=\"gb-grid-column gb-grid-column-49bcb1a2\"><div class=\"gb-container gb-container-49bcb1a2\">\n\n<figure class=\"gb-block-image gb-block-image-c6f56151\"><img decoding=\"async\" class=\"gb-image gb-image-c6f56151\" src=\"https:\/\/koronapos.com\/wp-content\/uploads\/2022\/06\/mapAds-Logo-200x120.png.webp\" alt=\"\"\/><\/figure>\n\n<\/div><\/div>\n\n<div class=\"gb-grid-column gb-grid-column-712279d3\"><div class=\"gb-container gb-container-712279d3\">\n\n<figure class=\"gb-block-image gb-block-image-b2f133c2\"><img decoding=\"async\" class=\"gb-image gb-image-b2f133c2\" src=\"https:\/\/koronapos.com\/wp-content\/uploads\/2022\/08\/WooCommerce-Logo-200x46.png.webp\" alt=\"\"\/><\/figure>\n\n<\/div><\/div>\n\n<div class=\"gb-grid-column gb-grid-column-65f1e99a\"><div class=\"gb-container gb-container-65f1e99a\">\n\n<figure class=\"gb-block-image gb-block-image-73471ae5\"><img decoding=\"async\" class=\"gb-image gb-image-73471ae5\" src=\"https:\/\/koronapos.com\/wp-content\/uploads\/2021\/09\/TimeForge-full-whiteoutline-4500x4500-1-e1663181881945-200x78.png\" alt=\"\"\/><\/figure>\n\n<\/div><\/div>\n\n<div class=\"gb-grid-column gb-grid-column-27514b6b\"><div class=\"gb-container gb-container-27514b6b\">\n\n<figure class=\"gb-block-image gb-block-image-7647ec16\"><img decoding=\"async\" class=\"gb-image gb-image-7647ec16\" src=\"https:\/\/koronapos.com\/wp-content\/uploads\/2022\/07\/Mews-Logo-200x133.png.webp\" alt=\"\"\/><\/figure>\n\n<\/div><\/div>\n\n<div class=\"gb-grid-column gb-grid-column-72511a91\"><div class=\"gb-container gb-container-72511a91\">\n\n<figure class=\"gb-block-image gb-block-image-ac19cea1\"><img decoding=\"async\" class=\"gb-image gb-image-ac19cea1\" src=\"https:\/\/koronapos.com\/wp-content\/uploads\/2021\/03\/City-Hive-Logo-Black-Text-Large-200x49.png.webp\" alt=\"\"\/><\/figure>\n\n<\/div><\/div>\n<\/div>\n\n\n<a class=\"gb-button gb-button-413d7668 gb-button-text\" href=\"https:\/\/appcenter.koronacloud.com\/\">Unsere Partner<\/a>\n\n\n<div class=\"gb-container gb-container-ae62de2a\" id=\"dev-form\">\n\n<h2 class=\"gb-headline gb-headline-c064df18 gb-headline-text\">Sehen Sie sich unsere API-Dokumente an und f\u00fcllen Sie das untenstehende Formular aus, um weitere Informationen zu erhalten.<\/h2>\n\n\n<div class=\"gb-grid-wrapper gb-grid-wrapper-9782752b\">\n<div class=\"gb-grid-column gb-grid-column-4df04d8e\"><div class=\"gb-container gb-container-4df04d8e\">\n\n<a class=\"gb-button gb-button-3a777f18 gb-button-text\" href=\"https:\/\/manual.koronapos.com\/korona-ticket-server-api\/\" target=\"_blank\" rel=\"noopener noreferrer\">Korona Ticketserver<\/a>\n\n<\/div><\/div>\n\n<div class=\"gb-grid-column gb-grid-column-5c980dfe\"><div class=\"gb-container gb-container-5c980dfe\">\n\n<a class=\"gb-button gb-button-a2de933f gb-button-text\" href=\"https:\/\/manual.koronapos.com\/korona-cloud-api-v3\/\" target=\"_blank\" rel=\"noopener noreferrer\">korona Cloud API v3<\/a>\n\n<\/div><\/div>\n\n<div class=\"gb-grid-column gb-grid-column-2e8ea1b4\"><div class=\"gb-container gb-container-2e8ea1b4\">\n\n<a class=\"gb-button gb-button-b9fbe380 gb-button-text\" href=\"https:\/\/manual.koronapos.com\/korona-pos-client-api\/\" target=\"_blank\" rel=\"noopener noreferrer\">Korona pos Client Api<\/a>\n\n<\/div><\/div>\n<\/div>\n\n<div class=\"gb-container gb-container-a2031d8b\">\n\n<div style=\"height:50px\" aria-hidden=\"true\" class=\"wp-block-spacer\"><\/div>\n\n\n\n<div class=\"pipedriveWebForms\" data-pd-webforms=\"https:\/\/webforms.pipedrive.com\/f\/1FQA2IMixiaVON0yN6cof62PjLt5CVfQ8PKwC8SjVhMa9N1Pf0QuEIZy45WpO4IbV\"><script src=\"https:\/\/webforms.pipedrive.com\/f\/loader\"><\/script><\/div>\n\n<\/div>\n<\/div>\n\n\n<p><\/p>\n","protected":false},"excerpt":{"rendered":"","protected":false},"author":3,"featured_media":0,"parent":0,"menu_order":0,"comment_status":"closed","ping_status":"closed","template":"","meta":{"footnotes":""},"class_list":{"0":"post-86696","1":"page","2":"type-page","3":"status-publish","5":"infinite-scroll-item","6":"no-featured-image-padding"},"yoast_head":"<!-- This site is optimized with the Yoast SEO Premium plugin v27.3 (Yoast SEO v27.3) - https:\/\/yoast.com\/product\/yoast-seo-premium-wordpress\/ -->\n<title>Entwicklung und Integration | KORONA POS<\/title>\n<meta name=\"description\" content=\"Integrieren Sie Ihre L\u00f6sungen in KORONA POS und helfen Sie uns, Ihr Gesch\u00e4ft zu ihrem und Ihrem Erfolg zu transformieren.\" \/>\n<meta name=\"robots\" content=\"index, follow, max-snippet:-1, max-image-preview:large, max-video-preview:-1\" \/>\n<link rel=\"canonical\" href=\"https:\/\/koronapos.com\/de\/entwicklung\/\" \/>\n<meta property=\"og:locale\" content=\"de_DE\" \/>\n<meta property=\"og:type\" content=\"article\" \/>\n<meta property=\"og:title\" content=\"Entwickler\" \/>\n<meta property=\"og:description\" content=\"Integrieren Sie Ihre L\u00f6sungen in KORONA POS und helfen Sie uns, Ihr Gesch\u00e4ft zu ihrem und Ihrem Erfolg zu transformieren.\" \/>\n<meta property=\"og:url\" content=\"https:\/\/koronapos.com\/de\/entwicklung\/\" \/>\n<meta property=\"og:site_name\" content=\"KORONA POS by COMBASE\" \/>\n<meta property=\"article:publisher\" content=\"https:\/\/www.facebook.com\/koronapos\" \/>\n<meta property=\"article:modified_time\" content=\"2026-03-31T15:27:34+00:00\" \/>\n<meta property=\"og:image\" content=\"https:\/\/koronapos.com\/wp-content\/uploads\/2022\/06\/KPOS-Icons5-400x400.png.webp\" \/>\n<meta name=\"twitter:card\" content=\"summary_large_image\" \/>\n<meta name=\"twitter:site\" content=\"@CombaseUSA\" \/>\n<meta name=\"twitter:label1\" content=\"Gesch\u00e4tzte Lesezeit\" \/>\n\t<meta name=\"twitter:data1\" content=\"3\u00a0Minuten\" \/>\n<script type=\"application\/ld+json\" class=\"yoast-schema-graph\">{\"@context\":\"https:\\\/\\\/schema.org\",\"@graph\":[{\"@type\":\"WebPage\",\"@id\":\"https:\\\/\\\/koronapos.com\\\/de\\\/entwicklung\\\/\",\"url\":\"https:\\\/\\\/koronapos.com\\\/de\\\/entwicklung\\\/\",\"name\":\"Entwicklung und Integration | KORONA POS\",\"isPartOf\":{\"@id\":\"https:\\\/\\\/koronapos.com\\\/de\\\/#website\"},\"primaryImageOfPage\":{\"@id\":\"https:\\\/\\\/koronapos.com\\\/de\\\/entwicklung\\\/#primaryimage\"},\"image\":{\"@id\":\"https:\\\/\\\/koronapos.com\\\/de\\\/entwicklung\\\/#primaryimage\"},\"thumbnailUrl\":\"https:\\\/\\\/koronapos.com\\\/wp-content\\\/uploads\\\/2022\\\/06\\\/KPOS-Icons5-400x400.png.webp\",\"datePublished\":\"2022-08-10T21:32:42+00:00\",\"dateModified\":\"2026-03-31T15:27:34+00:00\",\"description\":\"Integrieren Sie Ihre L\u00f6sungen in KORONA POS und helfen Sie uns, Ihr Gesch\u00e4ft zu ihrem und Ihrem Erfolg zu transformieren.\",\"breadcrumb\":{\"@id\":\"https:\\\/\\\/koronapos.com\\\/de\\\/entwicklung\\\/#breadcrumb\"},\"inLanguage\":\"de\",\"potentialAction\":[{\"@type\":\"ReadAction\",\"target\":[\"https:\\\/\\\/koronapos.com\\\/de\\\/entwicklung\\\/\"]}]},{\"@type\":\"ImageObject\",\"inLanguage\":\"de\",\"@id\":\"https:\\\/\\\/koronapos.com\\\/de\\\/entwicklung\\\/#primaryimage\",\"url\":\"https:\\\/\\\/koronapos.com\\\/wp-content\\\/uploads\\\/2022\\\/06\\\/KPOS-Icons5-400x400.png.webp\",\"contentUrl\":\"https:\\\/\\\/koronapos.com\\\/wp-content\\\/uploads\\\/2022\\\/06\\\/KPOS-Icons5-400x400.png.webp\"},{\"@type\":\"BreadcrumbList\",\"@id\":\"https:\\\/\\\/koronapos.com\\\/de\\\/entwicklung\\\/#breadcrumb\",\"itemListElement\":[{\"@type\":\"ListItem\",\"position\":1,\"name\":\"Home\",\"item\":\"https:\\\/\\\/koronapos.com\\\/de\\\/startseite\\\/\"},{\"@type\":\"ListItem\",\"position\":2,\"name\":\"Entwickler\"}]},{\"@type\":\"WebSite\",\"@id\":\"https:\\\/\\\/koronapos.com\\\/de\\\/#website\",\"url\":\"https:\\\/\\\/koronapos.com\\\/de\\\/\",\"name\":\"KORONA POS by COMBASE\",\"description\":\"KORONA POS by COMBASE: Custom Point of Sale Software\",\"publisher\":{\"@id\":\"https:\\\/\\\/koronapos.com\\\/de\\\/#organization\"},\"alternateName\":\"KORONA POS\",\"potentialAction\":[{\"@type\":\"SearchAction\",\"target\":{\"@type\":\"EntryPoint\",\"urlTemplate\":\"https:\\\/\\\/koronapos.com\\\/de\\\/?s={search_term_string}\"},\"query-input\":{\"@type\":\"PropertyValueSpecification\",\"valueRequired\":true,\"valueName\":\"search_term_string\"}}],\"inLanguage\":\"de\"},{\"@type\":\"Organization\",\"@id\":\"https:\\\/\\\/koronapos.com\\\/de\\\/#organization\",\"name\":\"Korona POS\",\"alternateName\":\"KORONA POS\",\"url\":\"https:\\\/\\\/koronapos.com\\\/de\\\/\",\"logo\":{\"@type\":\"ImageObject\",\"inLanguage\":\"de\",\"@id\":\"https:\\\/\\\/koronapos.com\\\/de\\\/#\\\/schema\\\/logo\\\/image\\\/\",\"url\":\"https:\\\/\\\/koronapos.com\\\/wp-content\\\/uploads\\\/2025\\\/06\\\/KORONA-POS-NEW-LOGO-e1750866639197.png\",\"contentUrl\":\"https:\\\/\\\/koronapos.com\\\/wp-content\\\/uploads\\\/2025\\\/06\\\/KORONA-POS-NEW-LOGO-e1750866639197.png\",\"width\":1198,\"height\":344,\"caption\":\"Korona POS\"},\"image\":{\"@id\":\"https:\\\/\\\/koronapos.com\\\/de\\\/#\\\/schema\\\/logo\\\/image\\\/\"},\"sameAs\":[\"https:\\\/\\\/www.facebook.com\\\/koronapos\",\"https:\\\/\\\/x.com\\\/CombaseUSA\",\"https:\\\/\\\/www.instagram.com\\\/koronapos\\\/\",\"https:\\\/\\\/www.linkedin.com\\\/company\\\/combase-usa-inc-\",\"https:\\\/\\\/www.youtube.com\\\/c\\\/Combase-usa\\\/f\"],\"description\":\"KORONA POS is a modern cloud point of sale software developed by COMBASE USA with specialized features for retailers, inventory management, event ticketing, quick-service restaurants, and more.\",\"email\":\"inquiries@combase-usa.com\",\"telephone\":\"1(833)200-0213\",\"legalName\":\"COMBASE USA, Inc.\",\"foundingDate\":\"2012-08-01\",\"taxID\":\"1014657598\",\"numberOfEmployees\":{\"@type\":\"QuantitativeValue\",\"minValue\":\"11\",\"maxValue\":\"50\"}}]}<\/script>\n<!-- \/ Yoast SEO Premium plugin. -->","yoast_head_json":{"title":"Entwicklung und Integration | KORONA POS","description":"Integrieren Sie Ihre L\u00f6sungen in KORONA POS und helfen Sie uns, Ihr Gesch\u00e4ft zu ihrem und Ihrem Erfolg zu transformieren.","robots":{"index":"index","follow":"follow","max-snippet":"max-snippet:-1","max-image-preview":"max-image-preview:large","max-video-preview":"max-video-preview:-1"},"canonical":"https:\/\/koronapos.com\/de\/entwicklung\/","og_locale":"de_DE","og_type":"article","og_title":"Entwickler","og_description":"Integrieren Sie Ihre L\u00f6sungen in KORONA POS und helfen Sie uns, Ihr Gesch\u00e4ft zu ihrem und Ihrem Erfolg zu transformieren.","og_url":"https:\/\/koronapos.com\/de\/entwicklung\/","og_site_name":"KORONA POS by COMBASE","article_publisher":"https:\/\/www.facebook.com\/koronapos","article_modified_time":"2026-03-31T15:27:34+00:00","og_image":[{"url":"https:\/\/koronapos.com\/wp-content\/uploads\/2022\/06\/KPOS-Icons5-400x400.png.webp","type":"","width":"","height":""}],"twitter_card":"summary_large_image","twitter_site":"@CombaseUSA","twitter_misc":{"Gesch\u00e4tzte Lesezeit":"3\u00a0Minuten"},"schema":{"@context":"https:\/\/schema.org","@graph":[{"@type":"WebPage","@id":"https:\/\/koronapos.com\/de\/entwicklung\/","url":"https:\/\/koronapos.com\/de\/entwicklung\/","name":"Entwicklung und Integration | KORONA POS","isPartOf":{"@id":"https:\/\/koronapos.com\/de\/#website"},"primaryImageOfPage":{"@id":"https:\/\/koronapos.com\/de\/entwicklung\/#primaryimage"},"image":{"@id":"https:\/\/koronapos.com\/de\/entwicklung\/#primaryimage"},"thumbnailUrl":"https:\/\/koronapos.com\/wp-content\/uploads\/2022\/06\/KPOS-Icons5-400x400.png.webp","datePublished":"2022-08-10T21:32:42+00:00","dateModified":"2026-03-31T15:27:34+00:00","description":"Integrieren Sie Ihre L\u00f6sungen in KORONA POS und helfen Sie uns, Ihr Gesch\u00e4ft zu ihrem und Ihrem Erfolg zu transformieren.","breadcrumb":{"@id":"https:\/\/koronapos.com\/de\/entwicklung\/#breadcrumb"},"inLanguage":"de","potentialAction":[{"@type":"ReadAction","target":["https:\/\/koronapos.com\/de\/entwicklung\/"]}]},{"@type":"ImageObject","inLanguage":"de","@id":"https:\/\/koronapos.com\/de\/entwicklung\/#primaryimage","url":"https:\/\/koronapos.com\/wp-content\/uploads\/2022\/06\/KPOS-Icons5-400x400.png.webp","contentUrl":"https:\/\/koronapos.com\/wp-content\/uploads\/2022\/06\/KPOS-Icons5-400x400.png.webp"},{"@type":"BreadcrumbList","@id":"https:\/\/koronapos.com\/de\/entwicklung\/#breadcrumb","itemListElement":[{"@type":"ListItem","position":1,"name":"Home","item":"https:\/\/koronapos.com\/de\/startseite\/"},{"@type":"ListItem","position":2,"name":"Entwickler"}]},{"@type":"WebSite","@id":"https:\/\/koronapos.com\/de\/#website","url":"https:\/\/koronapos.com\/de\/","name":"KORONA POS by COMBASE","description":"KORONA POS by COMBASE: Custom Point of Sale Software","publisher":{"@id":"https:\/\/koronapos.com\/de\/#organization"},"alternateName":"KORONA POS","potentialAction":[{"@type":"SearchAction","target":{"@type":"EntryPoint","urlTemplate":"https:\/\/koronapos.com\/de\/?s={search_term_string}"},"query-input":{"@type":"PropertyValueSpecification","valueRequired":true,"valueName":"search_term_string"}}],"inLanguage":"de"},{"@type":"Organization","@id":"https:\/\/koronapos.com\/de\/#organization","name":"Korona POS","alternateName":"KORONA POS","url":"https:\/\/koronapos.com\/de\/","logo":{"@type":"ImageObject","inLanguage":"de","@id":"https:\/\/koronapos.com\/de\/#\/schema\/logo\/image\/","url":"https:\/\/koronapos.com\/wp-content\/uploads\/2025\/06\/KORONA-POS-NEW-LOGO-e1750866639197.png","contentUrl":"https:\/\/koronapos.com\/wp-content\/uploads\/2025\/06\/KORONA-POS-NEW-LOGO-e1750866639197.png","width":1198,"height":344,"caption":"Korona POS"},"image":{"@id":"https:\/\/koronapos.com\/de\/#\/schema\/logo\/image\/"},"sameAs":["https:\/\/www.facebook.com\/koronapos","https:\/\/x.com\/CombaseUSA","https:\/\/www.instagram.com\/koronapos\/","https:\/\/www.linkedin.com\/company\/combase-usa-inc-","https:\/\/www.youtube.com\/c\/Combase-usa\/f"],"description":"KORONA POS is a modern cloud point of sale software developed by COMBASE USA with specialized features for retailers, inventory management, event ticketing, quick-service restaurants, and more.","email":"inquiries@combase-usa.com","telephone":"1(833)200-0213","legalName":"COMBASE USA, Inc.","foundingDate":"2012-08-01","taxID":"1014657598","numberOfEmployees":{"@type":"QuantitativeValue","minValue":"11","maxValue":"50"}}]}},"_links":{"self":[{"href":"https:\/\/koronapos.com\/de\/wp-json\/wp\/v2\/pages\/86696","targetHints":{"allow":["GET"]}}],"collection":[{"href":"https:\/\/koronapos.com\/de\/wp-json\/wp\/v2\/pages"}],"about":[{"href":"https:\/\/koronapos.com\/de\/wp-json\/wp\/v2\/types\/page"}],"author":[{"embeddable":true,"href":"https:\/\/koronapos.com\/de\/wp-json\/wp\/v2\/users\/3"}],"replies":[{"embeddable":true,"href":"https:\/\/koronapos.com\/de\/wp-json\/wp\/v2\/comments?post=86696"}],"version-history":[{"count":5,"href":"https:\/\/koronapos.com\/de\/wp-json\/wp\/v2\/pages\/86696\/revisions"}],"predecessor-version":[{"id":95814,"href":"https:\/\/koronapos.com\/de\/wp-json\/wp\/v2\/pages\/86696\/revisions\/95814"}],"wp:attachment":[{"href":"https:\/\/koronapos.com\/de\/wp-json\/wp\/v2\/media?parent=86696"}],"curies":[{"name":"wp","href":"https:\/\/api.w.org\/{rel}","templated":true}]}}