{"id":86686,"date":"2023-04-17T16:45:44","date_gmt":"2023-04-17T23:45:44","guid":{"rendered":"https:\/\/koronapos.com\/empfehlungen\/"},"modified":"2026-03-31T08:27:51","modified_gmt":"2026-03-31T15:27:51","slug":"empfehlungen","status":"publish","type":"page","link":"https:\/\/koronapos.com\/de\/empfehlungen\/","title":{"rendered":"Empfehlungen"},"content":{"rendered":"<div class=\"gb-container gb-container-65a0cc05 alignfull\">\n<div class=\"gb-container gb-container-50b58bc2\">\n<div class=\"gb-grid-wrapper gb-grid-wrapper-87439d6a\">\n<div class=\"gb-grid-column gb-grid-column-4e396099\"><div class=\"gb-container gb-container-4e396099\">\n\n<h1 class=\"gb-headline gb-headline-dc6eaaf5 gb-headline-text\">KORONA POS Kundenempfehlungen<\/h1>\n\n\n\n<h2 class=\"gb-headline gb-headline-7e1053e4 gb-headline-text\">Wir freuen uns \u00fcber Ihre Empfehlungen!<\/h2>\n\n\n\n<p>Um uns zu bedanken, senden wir Ihnen ein Geschenk, wenn einer Ihrer Empfehlungen ein KORONA POS-Abonnement erwirbt! Bitte f\u00fcllen Sie das untenstehende Formular mit Ihren Daten und den Unternehmen aus, die Sie an uns verwiesen haben. <\/p>\n\n<\/div><\/div>\n\n<div class=\"gb-grid-column gb-grid-column-9fefdaaa\"><div class=\"gb-container gb-container-9fefdaaa\">\n\n<figure class=\"wp-block-image size-full\"><img decoding=\"async\" width=\"1024\" height=\"1024\" src=\"https:\/\/koronapos.com\/wp-content\/uploads\/2024\/11\/Hardware-Image-15.png\" alt=\"\" class=\"wp-image-76802\" srcset=\"https:\/\/koronapos.com\/wp-content\/uploads\/2024\/11\/Hardware-Image-15.png 1024w, https:\/\/koronapos.com\/wp-content\/uploads\/2024\/11\/Hardware-Image-15-300x300.png 300w, https:\/\/koronapos.com\/wp-content\/uploads\/2024\/11\/Hardware-Image-15-150x150.png 150w, https:\/\/koronapos.com\/wp-content\/uploads\/2024\/11\/Hardware-Image-15-768x768.png 768w\" sizes=\"(max-width: 1024px) 100vw, 1024px\" \/><\/figure>\n\n<\/div><\/div>\n<\/div>\n\n\n<center><iframe src=\"https:\/\/docs.google.com\/forms\/d\/e\/1FAIpQLSecq-U1eO3Z4sxRGgAuHcvmUr_Rz9O70SYPpUtu_zLhnykt_w\/viewform?embedded=true\" width=\"640\" height=\"1050\" frameborder=\"0\" marginheight=\"0\" marginwidth=\"0\">L\u00e4dt&#8230;<\/iframe><\/center>\n\n\n\n<h3 class=\"gb-headline gb-headline-d9c87c46 wp-embed-aspect-16-9 wp-has-aspect-ratio\"><span class=\"gb-icon\"><svg xmlns=\"http:\/\/www.w3.org\/2000\/svg\" viewbox=\"0 0 448 512\">    <path d=\"M432 256c0 17.7-14.3 32-32 32H48c-17.7 0-32-14.3-32-32s14.3-32 32-32h352c17.7 0 32 14.3 32 32z\"><\/path> <\/svg><\/span><span class=\"gb-headline-text\">Haben Sie eine Bewertung hinterlassen?<\/span><\/h3>\n\n\n\n<p class=\"wp-embed-aspect-16-9 wp-has-aspect-ratio\">Vielen Dank, dass Sie Unternehmen empfohlen haben! Lassen Sie uns wissen, wie wir uns machen.  <br\/>Teilen Sie uns Ihr Feedback mit oder sehen Sie sich unten an, was unsere Benutzer \u00fcber KORONA POS zu sagen haben.<\/p>\n\n\n\n<a class=\"gb-button gb-button-0961beb5 gb-button-text\" href=\"https:\/\/koronapos.com\/de\/bewertung-abgeben\/\">Hinterlassen Sie eine Bewertung<\/a>\n\n\n\n<a class=\"gb-button gb-button-f9a9eacf gb-button-text\" href=\"https:\/\/koronapos.com\/de\/bewertungen-und-erfahrungsberichte\/\">Sehen Sie sich unsere Referenzen an<\/a>\n\n\n<div class=\"gb-grid-wrapper gb-grid-wrapper-eadf7c54 wp-embed-aspect-16-9 wp-has-aspect-ratio\">\n<div class=\"gb-grid-column gb-grid-column-a26a11cb\"><div class=\"gb-container gb-container-a26a11cb\">\n\n<figure class=\"wp-block-embed is-type-video is-provider-youtube wp-block-embed-youtube wp-embed-aspect-16-9 wp-has-aspect-ratio\"><div class=\"wp-block-embed__wrapper\">\n<iframe title=\"KORONA POS Customer Testimonials: Hear the Experience of 7 Customers\" width=\"1200\" height=\"675\" src=\"https:\/\/www.youtube.com\/embed\/4lgVz269kZw?feature=oembed\" frameborder=\"0\" allow=\"accelerometer; autoplay; clipboard-write; encrypted-media; gyroscope; picture-in-picture; web-share\" referrerpolicy=\"strict-origin-when-cross-origin\" allowfullscreen><\/iframe>\n<\/div><\/figure>\n\n<\/div><\/div>\n\n<div class=\"gb-grid-column gb-grid-column-27f75a4c\"><div class=\"gb-container gb-container-27f75a4c\">\n\n<p class=\"gb-headline gb-headline-88c6be5a\"><span class=\"gb-icon\"><svg xmlns=\"http:\/\/www.w3.org\/2000\/svg\" viewbox=\"0 0 448 512\">    <path d=\"M0 216C0 149.7 53.7 96 120 96h8c17.7 0 32 14.3 32 32s-14.3 32-32 32h-8c-30.9 0-56 25.1-56 56v8h64c35.3 0 64 28.7 64 64v64c0 35.3-28.7 64-64 64H64c-35.3 0-64-28.7-64-64V216zm256 0c0-66.3 53.7-120 120-120h8c17.7 0 32 14.3 32 32s-14.3 32-32 32h-8c-30.9 0-56 25.1-56 56v8h64c35.3 0 64 28.7 64 64v64c0 35.3-28.7 64-64 64h-64c-35.3 0-64-28.7-64-64V216z\"><\/path> <\/svg><\/span><span class=\"gb-headline-text\">KORONA POS ist vollgepackt mit Funktionen wie der Verfolgung von Verk\u00e4ufen und Mitarbeitern, und das alles zu einem g\u00fcnstigen Preis! Abrufen von Verk\u00e4ufen, Verfolgen von Finanzen, Inventar und Back-Office-Funktionen. All dies ist mit KORONA POS ganz einfach zu bewerkstelligen.  <\/span><\/p>\n\n\n\n<p class=\"gb-headline gb-headline-b1b4b02e gb-headline-text\"><strong>Troy F.<\/strong><br>B\u00fccher in der Innenstadt<\/p>\n\n\n\n<figure class=\"wp-block-image size-full is-resized\"><img decoding=\"async\" width=\"300\" height=\"62\" src=\"https:\/\/koronapos.com\/wp-content\/uploads\/2023\/03\/Star-Rating.png\" alt=\"\" class=\"wp-image-44268\" style=\"width:150px;height:auto\"\/><\/figure>\n\n<\/div><\/div>\n<\/div>\n<\/div>\n<\/div>","protected":false},"excerpt":{"rendered":"","protected":false},"author":3,"featured_media":0,"parent":0,"menu_order":0,"comment_status":"closed","ping_status":"closed","template":"","meta":{"footnotes":""},"class_list":{"0":"post-86686","1":"page","2":"type-page","3":"status-publish","5":"infinite-scroll-item","6":"no-featured-image-padding"},"yoast_head":"<!-- This site is optimized with the Yoast SEO Premium plugin v27.3 (Yoast SEO v27.3) - https:\/\/yoast.com\/product\/yoast-seo-premium-wordpress\/ -->\n<title>Empfehlen Sie KORONA POS an Unternehmen<\/title>\n<meta name=\"description\" content=\"Denken Sie, dass KORONA POS gut zu einem Unternehmen passt, das Sie kennen? F\u00fcllen Sie noch heute unser Empfehlungsformular aus!\" \/>\n<meta name=\"robots\" content=\"noindex, follow\" \/>\n<meta property=\"og:locale\" content=\"de_DE\" \/>\n<meta property=\"og:type\" content=\"article\" \/>\n<meta property=\"og:title\" content=\"Empfehlungen\" \/>\n<meta property=\"og:description\" content=\"Denken Sie, dass KORONA POS gut zu einem Unternehmen passt, das Sie kennen? F\u00fcllen Sie noch heute unser Empfehlungsformular aus!\" \/>\n<meta property=\"og:url\" content=\"https:\/\/koronapos.com\/de\/empfehlungen\/\" \/>\n<meta property=\"og:site_name\" content=\"KORONA POS by COMBASE\" \/>\n<meta property=\"article:publisher\" content=\"https:\/\/www.facebook.com\/koronapos\" \/>\n<meta property=\"article:modified_time\" content=\"2026-03-31T15:27:51+00:00\" \/>\n<meta property=\"og:image\" content=\"https:\/\/koronapos.com\/wp-content\/uploads\/2024\/11\/Hardware-Image-15.png\" \/>\n\t<meta property=\"og:image:width\" content=\"1024\" \/>\n\t<meta property=\"og:image:height\" content=\"1024\" \/>\n\t<meta property=\"og:image:type\" content=\"image\/png\" \/>\n<meta name=\"twitter:card\" content=\"summary_large_image\" \/>\n<meta name=\"twitter:site\" content=\"@CombaseUSA\" \/>\n<meta name=\"twitter:label1\" content=\"Gesch\u00e4tzte Lesezeit\" \/>\n\t<meta name=\"twitter:data1\" content=\"2\u00a0Minuten\" \/>\n<script type=\"application\/ld+json\" class=\"yoast-schema-graph\">{\"@context\":\"https:\\\/\\\/schema.org\",\"@graph\":[{\"@type\":\"WebPage\",\"@id\":\"https:\\\/\\\/koronapos.com\\\/de\\\/empfehlungen\\\/\",\"url\":\"https:\\\/\\\/koronapos.com\\\/de\\\/empfehlungen\\\/\",\"name\":\"Empfehlen Sie KORONA POS an Unternehmen\",\"isPartOf\":{\"@id\":\"https:\\\/\\\/koronapos.com\\\/de\\\/#website\"},\"primaryImageOfPage\":{\"@id\":\"https:\\\/\\\/koronapos.com\\\/de\\\/empfehlungen\\\/#primaryimage\"},\"image\":{\"@id\":\"https:\\\/\\\/koronapos.com\\\/de\\\/empfehlungen\\\/#primaryimage\"},\"thumbnailUrl\":\"https:\\\/\\\/koronapos.com\\\/wp-content\\\/uploads\\\/2024\\\/11\\\/Hardware-Image-15.png\",\"datePublished\":\"2023-04-17T23:45:44+00:00\",\"dateModified\":\"2026-03-31T15:27:51+00:00\",\"description\":\"Denken Sie, dass KORONA POS gut zu einem Unternehmen passt, das Sie kennen? F\u00fcllen Sie noch heute unser Empfehlungsformular aus!\",\"breadcrumb\":{\"@id\":\"https:\\\/\\\/koronapos.com\\\/de\\\/empfehlungen\\\/#breadcrumb\"},\"inLanguage\":\"de\",\"potentialAction\":[{\"@type\":\"ReadAction\",\"target\":[\"https:\\\/\\\/koronapos.com\\\/de\\\/empfehlungen\\\/\"]}]},{\"@type\":\"ImageObject\",\"inLanguage\":\"de\",\"@id\":\"https:\\\/\\\/koronapos.com\\\/de\\\/empfehlungen\\\/#primaryimage\",\"url\":\"https:\\\/\\\/koronapos.com\\\/wp-content\\\/uploads\\\/2024\\\/11\\\/Hardware-Image-15.png\",\"contentUrl\":\"https:\\\/\\\/koronapos.com\\\/wp-content\\\/uploads\\\/2024\\\/11\\\/Hardware-Image-15.png\"},{\"@type\":\"BreadcrumbList\",\"@id\":\"https:\\\/\\\/koronapos.com\\\/de\\\/empfehlungen\\\/#breadcrumb\",\"itemListElement\":[{\"@type\":\"ListItem\",\"position\":1,\"name\":\"Home\",\"item\":\"https:\\\/\\\/koronapos.com\\\/de\\\/startseite\\\/\"},{\"@type\":\"ListItem\",\"position\":2,\"name\":\"Empfehlungen\"}]},{\"@type\":\"WebSite\",\"@id\":\"https:\\\/\\\/koronapos.com\\\/de\\\/#website\",\"url\":\"https:\\\/\\\/koronapos.com\\\/de\\\/\",\"name\":\"KORONA POS by COMBASE\",\"description\":\"KORONA POS by COMBASE: Custom Point of Sale Software\",\"publisher\":{\"@id\":\"https:\\\/\\\/koronapos.com\\\/de\\\/#organization\"},\"alternateName\":\"KORONA POS\",\"potentialAction\":[{\"@type\":\"SearchAction\",\"target\":{\"@type\":\"EntryPoint\",\"urlTemplate\":\"https:\\\/\\\/koronapos.com\\\/de\\\/?s={search_term_string}\"},\"query-input\":{\"@type\":\"PropertyValueSpecification\",\"valueRequired\":true,\"valueName\":\"search_term_string\"}}],\"inLanguage\":\"de\"},{\"@type\":\"Organization\",\"@id\":\"https:\\\/\\\/koronapos.com\\\/de\\\/#organization\",\"name\":\"Korona POS\",\"alternateName\":\"KORONA POS\",\"url\":\"https:\\\/\\\/koronapos.com\\\/de\\\/\",\"logo\":{\"@type\":\"ImageObject\",\"inLanguage\":\"de\",\"@id\":\"https:\\\/\\\/koronapos.com\\\/de\\\/#\\\/schema\\\/logo\\\/image\\\/\",\"url\":\"https:\\\/\\\/koronapos.com\\\/wp-content\\\/uploads\\\/2025\\\/06\\\/KORONA-POS-NEW-LOGO-e1750866639197.png\",\"contentUrl\":\"https:\\\/\\\/koronapos.com\\\/wp-content\\\/uploads\\\/2025\\\/06\\\/KORONA-POS-NEW-LOGO-e1750866639197.png\",\"width\":1198,\"height\":344,\"caption\":\"Korona POS\"},\"image\":{\"@id\":\"https:\\\/\\\/koronapos.com\\\/de\\\/#\\\/schema\\\/logo\\\/image\\\/\"},\"sameAs\":[\"https:\\\/\\\/www.facebook.com\\\/koronapos\",\"https:\\\/\\\/x.com\\\/CombaseUSA\",\"https:\\\/\\\/www.instagram.com\\\/koronapos\\\/\",\"https:\\\/\\\/www.linkedin.com\\\/company\\\/combase-usa-inc-\",\"https:\\\/\\\/www.youtube.com\\\/c\\\/Combase-usa\\\/f\"],\"description\":\"KORONA POS is a modern cloud point of sale software developed by COMBASE USA with specialized features for retailers, inventory management, event ticketing, quick-service restaurants, and more.\",\"email\":\"inquiries@combase-usa.com\",\"telephone\":\"1(833)200-0213\",\"legalName\":\"COMBASE USA, Inc.\",\"foundingDate\":\"2012-08-01\",\"taxID\":\"1014657598\",\"numberOfEmployees\":{\"@type\":\"QuantitativeValue\",\"minValue\":\"11\",\"maxValue\":\"50\"}}]}<\/script>\n<!-- \/ Yoast SEO Premium plugin. -->","yoast_head_json":{"title":"Empfehlen Sie KORONA POS an Unternehmen","description":"Denken Sie, dass KORONA POS gut zu einem Unternehmen passt, das Sie kennen? F\u00fcllen Sie noch heute unser Empfehlungsformular aus!","robots":{"index":"noindex","follow":"follow"},"og_locale":"de_DE","og_type":"article","og_title":"Empfehlungen","og_description":"Denken Sie, dass KORONA POS gut zu einem Unternehmen passt, das Sie kennen? F\u00fcllen Sie noch heute unser Empfehlungsformular aus!","og_url":"https:\/\/koronapos.com\/de\/empfehlungen\/","og_site_name":"KORONA POS by COMBASE","article_publisher":"https:\/\/www.facebook.com\/koronapos","article_modified_time":"2026-03-31T15:27:51+00:00","og_image":[{"width":1024,"height":1024,"url":"https:\/\/koronapos.com\/wp-content\/uploads\/2024\/11\/Hardware-Image-15.png","type":"image\/png"}],"twitter_card":"summary_large_image","twitter_site":"@CombaseUSA","twitter_misc":{"Gesch\u00e4tzte Lesezeit":"2\u00a0Minuten"},"schema":{"@context":"https:\/\/schema.org","@graph":[{"@type":"WebPage","@id":"https:\/\/koronapos.com\/de\/empfehlungen\/","url":"https:\/\/koronapos.com\/de\/empfehlungen\/","name":"Empfehlen Sie KORONA POS an Unternehmen","isPartOf":{"@id":"https:\/\/koronapos.com\/de\/#website"},"primaryImageOfPage":{"@id":"https:\/\/koronapos.com\/de\/empfehlungen\/#primaryimage"},"image":{"@id":"https:\/\/koronapos.com\/de\/empfehlungen\/#primaryimage"},"thumbnailUrl":"https:\/\/koronapos.com\/wp-content\/uploads\/2024\/11\/Hardware-Image-15.png","datePublished":"2023-04-17T23:45:44+00:00","dateModified":"2026-03-31T15:27:51+00:00","description":"Denken Sie, dass KORONA POS gut zu einem Unternehmen passt, das Sie kennen? F\u00fcllen Sie noch heute unser Empfehlungsformular aus!","breadcrumb":{"@id":"https:\/\/koronapos.com\/de\/empfehlungen\/#breadcrumb"},"inLanguage":"de","potentialAction":[{"@type":"ReadAction","target":["https:\/\/koronapos.com\/de\/empfehlungen\/"]}]},{"@type":"ImageObject","inLanguage":"de","@id":"https:\/\/koronapos.com\/de\/empfehlungen\/#primaryimage","url":"https:\/\/koronapos.com\/wp-content\/uploads\/2024\/11\/Hardware-Image-15.png","contentUrl":"https:\/\/koronapos.com\/wp-content\/uploads\/2024\/11\/Hardware-Image-15.png"},{"@type":"BreadcrumbList","@id":"https:\/\/koronapos.com\/de\/empfehlungen\/#breadcrumb","itemListElement":[{"@type":"ListItem","position":1,"name":"Home","item":"https:\/\/koronapos.com\/de\/startseite\/"},{"@type":"ListItem","position":2,"name":"Empfehlungen"}]},{"@type":"WebSite","@id":"https:\/\/koronapos.com\/de\/#website","url":"https:\/\/koronapos.com\/de\/","name":"KORONA POS by COMBASE","description":"KORONA POS by COMBASE: Custom Point of Sale Software","publisher":{"@id":"https:\/\/koronapos.com\/de\/#organization"},"alternateName":"KORONA POS","potentialAction":[{"@type":"SearchAction","target":{"@type":"EntryPoint","urlTemplate":"https:\/\/koronapos.com\/de\/?s={search_term_string}"},"query-input":{"@type":"PropertyValueSpecification","valueRequired":true,"valueName":"search_term_string"}}],"inLanguage":"de"},{"@type":"Organization","@id":"https:\/\/koronapos.com\/de\/#organization","name":"Korona POS","alternateName":"KORONA POS","url":"https:\/\/koronapos.com\/de\/","logo":{"@type":"ImageObject","inLanguage":"de","@id":"https:\/\/koronapos.com\/de\/#\/schema\/logo\/image\/","url":"https:\/\/koronapos.com\/wp-content\/uploads\/2025\/06\/KORONA-POS-NEW-LOGO-e1750866639197.png","contentUrl":"https:\/\/koronapos.com\/wp-content\/uploads\/2025\/06\/KORONA-POS-NEW-LOGO-e1750866639197.png","width":1198,"height":344,"caption":"Korona POS"},"image":{"@id":"https:\/\/koronapos.com\/de\/#\/schema\/logo\/image\/"},"sameAs":["https:\/\/www.facebook.com\/koronapos","https:\/\/x.com\/CombaseUSA","https:\/\/www.instagram.com\/koronapos\/","https:\/\/www.linkedin.com\/company\/combase-usa-inc-","https:\/\/www.youtube.com\/c\/Combase-usa\/f"],"description":"KORONA POS is a modern cloud point of sale software developed by COMBASE USA with specialized features for retailers, inventory management, event ticketing, quick-service restaurants, and more.","email":"inquiries@combase-usa.com","telephone":"1(833)200-0213","legalName":"COMBASE USA, Inc.","foundingDate":"2012-08-01","taxID":"1014657598","numberOfEmployees":{"@type":"QuantitativeValue","minValue":"11","maxValue":"50"}}]}},"_links":{"self":[{"href":"https:\/\/koronapos.com\/de\/wp-json\/wp\/v2\/pages\/86686","targetHints":{"allow":["GET"]}}],"collection":[{"href":"https:\/\/koronapos.com\/de\/wp-json\/wp\/v2\/pages"}],"about":[{"href":"https:\/\/koronapos.com\/de\/wp-json\/wp\/v2\/types\/page"}],"author":[{"embeddable":true,"href":"https:\/\/koronapos.com\/de\/wp-json\/wp\/v2\/users\/3"}],"replies":[{"embeddable":true,"href":"https:\/\/koronapos.com\/de\/wp-json\/wp\/v2\/comments?post=86686"}],"version-history":[{"count":2,"href":"https:\/\/koronapos.com\/de\/wp-json\/wp\/v2\/pages\/86686\/revisions"}],"predecessor-version":[{"id":104532,"href":"https:\/\/koronapos.com\/de\/wp-json\/wp\/v2\/pages\/86686\/revisions\/104532"}],"wp:attachment":[{"href":"https:\/\/koronapos.com\/de\/wp-json\/wp\/v2\/media?parent=86686"}],"curies":[{"name":"wp","href":"https:\/\/api.w.org\/{rel}","templated":true}]}}