{"id":86602,"date":"2018-03-30T15:10:18","date_gmt":"2018-03-30T22:10:18","guid":{"rendered":"https:\/\/koronapos.com\/bewertung-abgeben\/"},"modified":"2026-03-31T07:35:21","modified_gmt":"2026-03-31T14:35:21","slug":"bewertung-abgeben","status":"publish","type":"page","link":"https:\/\/koronapos.com\/de\/bewertung-abgeben\/","title":{"rendered":"Bewertung abgeben"},"content":{"rendered":"<div class=\"gb-container gb-container-5f2a068c alignfull\">\n<div class=\"gb-container gb-container-57446086\">\n\n<h1 class=\"gb-headline gb-headline-023987ec gb-headline-text\">Wir sch\u00e4tzen Ihr Feedback.<\/h1>\n\n\n\n<iframe title=\"Google-Formular\" src=\"https:\/\/docs.google.com\/forms\/d\/e\/1FAIpQLSdgSJ_tlqMH3_-121cDiwUVYBXD3mJDx8tFlfn52Bg4OZoAMQ\/viewform?embedded=true\" width=\"640\" height=\"1652\" frameborder=\"0\" marginheight=\"0\" marginwidth=\"0\">Laden&#8230;<\/iframe>\n\n<\/div>\n<\/div><div class=\"gb-container gb-container-f4ee536a alignfull\">\n<div class=\"gb-container gb-container-bd4798ea\">\n\n<h2 class=\"gb-headline gb-headline-6439f06f gb-headline-text\">Was Unternehmen \u00fcber KORONA POS sagen<\/h2>\n\n\n\n<!-- Begin widget code -->\n<div data-rw-grid=\"30640\"><\/div>\n<script>var script = document.createElement(\"script\");script.type = \"module\";script.src = \"https:\/\/widgets.thereviewsplace.com\/2.0\/rw-widget-grid.js\";document.getElementsByTagName(\"head\")[0].appendChild(script);<\/script>\n<!-- End widget code -->\n\n\n<div class=\"gb-container gb-container-c9db0e4b\">\n\n<a class=\"gb-button gb-button-3dc1df18\" href=\"https:\/\/koronapos.com\/de\/bewertungen-und-erfahrungsberichte\/\" target=\"_blank\" rel=\"noopener noreferrer\"><span class=\"gb-icon\"><svg xmlns=\"http:\/\/www.w3.org\/2000\/svg\" aria-hidden=\"true\" role=\"img\" height=\"1em\" width=\"1em\" viewbox=\"0 0 256 512\"><path fill=\"currentColor\" d=\"M224.3 273l-136 136c-9.4 9.4-24.6 9.4-33.9 0l-22.6-22.6c-9.4-9.4-9.4-24.6 0-33.9l96.4-96.4-96.4-96.4c-9.4-9.4-9.4-24.6 0-33.9L54.3 103c9.4-9.4 24.6-9.4 33.9 0l136 136c9.5 9.4 9.5 24.6.1 34z\"><\/path><\/svg><\/span><span class=\"gb-button-text\">Mehr Bewertungen anzeigen<\/span><\/a>\n\n<\/div>\n<\/div>\n<\/div><div class=\"gb-container gb-container-18ca4a48 alignfull\">\n<div class=\"gb-container gb-container-f01dd74d\">\n<div class=\"gb-grid-wrapper gb-grid-wrapper-daa69c54\">\n<div class=\"gb-grid-column gb-grid-column-d12efb1a\"><div class=\"gb-container gb-container-d12efb1a\">\n<div class=\"wp-block-image is-style-default\">\n<figure class=\"aligncenter size-large is-resized\"><img decoding=\"async\" src=\"https:\/\/koronapos.com\/wp-content\/uploads\/2022\/06\/KPOS-Icons3.png.webp\" alt=\"\" style=\"width:125px;height:125px\"\/><\/figure>\n<\/div>\n\n\n<p class=\"has-text-align-center\"><strong>RUFEN SIE UNS AN<\/strong><br\/><br\/>Rufen Sie uns bei Fragen an oder vereinbaren Sie eine Demo mit einem Spezialisten von Montag bis Freitag von 8:30 bis 18 Uhr. <\/p>\n\n\n\n<h6 class=\"gb-headline gb-headline-6509acbe\"><span class=\"gb-icon\"><svg xmlns=\"http:\/\/www.w3.org\/2000\/svg\" aria-hidden=\"true\" role=\"img\" height=\"1em\" width=\"1em\" viewbox=\"0 0 512 512\"><path fill=\"currentColor\" d=\"M493.4 24.6l-104-24c-11.3-2.6-22.9 3.3-27.5 13.9l-48 112c-4.2 9.8-1.4 21.3 6.9 28l60.6 49.6c-36 76.7-98.9 140.5-177.2 177.2l-49.6-60.6c-6.8-8.3-18.2-11.1-28-6.9l-112 48C3.9 366.5-2 378.1.6 389.4l24 104C27.1 504.2 36.7 512 48 512c256.1 0 464-207.5 464-464 0-11.2-7.7-20.9-18.6-23.4z\"><\/path><\/svg><\/span><span class=\"gb-headline-text\"><a href=\"tel:+49 351 405000\">1 (833) 200-0213<\/a><\/span><\/h6>\n\n<\/div><\/div>\n\n<div class=\"gb-grid-column gb-grid-column-366a2b34\"><div class=\"gb-container gb-container-366a2b34\">\n<div class=\"wp-block-image is-style-default\">\n<figure class=\"aligncenter size-large is-resized\"><img decoding=\"async\" src=\"https:\/\/koronapos.com\/wp-content\/uploads\/2022\/06\/KPOS-Icons14.png.webp\" alt=\"\" style=\"width:125px;height:125px\"\/><\/figure>\n<\/div>\n\n\n<p class=\"has-text-align-center\"><strong>E-MAIL ODER CHAT<\/strong><br\/><br\/>Unsere Produktspezialisten sind f\u00fcr bestehende und potenzielle Kunden da. Senden Sie eine E-Mail oder verwenden Sie die Chat-Nachricht.  <\/p>\n\n\n\n<h6 class=\"gb-headline gb-headline-b8cdf10e\"><span class=\"gb-icon\"><svg xmlns=\"http:\/\/www.w3.org\/2000\/svg\" aria-hidden=\"true\" role=\"img\" height=\"1em\" width=\"1em\" viewbox=\"0 0 512 512\"><path fill=\"currentColor\" d=\"M464 64H48C21.49 64 0 85.49 0 112v288c0 26.51 21.49 48 48 48h416c26.51 0 48-21.49 48-48V112c0-26.51-21.49-48-48-48zm0 48v40.805c-22.422 18.259-58.168 46.651-134.587 106.49-16.841 13.247-50.201 45.072-73.413 44.701-23.208.375-56.579-31.459-73.413-44.701C106.18 199.465 70.425 171.067 48 152.805V112h416zM48 400V214.398c22.914 18.251 55.409 43.862 104.938 82.646 21.857 17.205 60.134 55.186 103.062 54.955 42.717.231 80.509-37.199 103.053-54.947 49.528-38.783 82.032-64.401 104.947-82.653V400H48z\"><\/path><\/svg><\/span><span class=\"gb-headline-text\"><a href=\"mailto:support@combase.de\" target=\"_blank\" rel=\"noreferrer noopener\">support@combase.de<\/a><\/span><\/h6>\n\n<\/div><\/div>\n\n<div class=\"gb-grid-column gb-grid-column-18afe4e3\"><div class=\"gb-container gb-container-18afe4e3\">\n<div class=\"wp-block-image is-style-default\">\n<figure class=\"aligncenter size-large is-resized\"><img decoding=\"async\" src=\"https:\/\/koronapos.com\/wp-content\/uploads\/2022\/06\/KPOS-Icon5-1.png.webp\" alt=\"\" style=\"width:125px;height:125px\"\/><\/figure>\n<\/div>\n\n\n<p class=\"has-text-align-center\"><strong>FOLGEN SIE UNSEREN SOZIALEN NETZWERKEN<\/strong><br\/><br\/>Bitte liken und folgen Sie uns auf unseren sozialen Seiten. Unterst\u00fctzen Sie uns, indem Sie unsere Inhalte teilen. Wir ver\u00f6ffentlichen Updates \u00fcber alles, was mit KORONA POS passiert, Marketingideen und Gesch\u00e4ftstipps!  <\/p>\n\n\n\n<ul class=\"wp-block-social-links has-normal-icon-size has-icon-color is-style-logos-only is-content-justification-center is-nowrap is-layout-flex wp-container-core-social-links-is-layout-1fb9aab6 wp-block-social-links-is-layout-flex\"><li style=\"color:var(--accent-2);\" class=\"wp-social-link wp-social-link-facebook has-accent-2-color wp-block-social-link\"><a rel=\"noopener nofollow\" target=\"_blank\" href=\"https:\/\/www.facebook.com\/koronapos\" class=\"wp-block-social-link-anchor\"><svg width=\"24\" height=\"24\" viewBox=\"0 0 24 24\" version=\"1.1\" xmlns=\"http:\/\/www.w3.org\/2000\/svg\" aria-hidden=\"true\" focusable=\"false\"><path d=\"M12 2C6.5 2 2 6.5 2 12c0 5 3.7 9.1 8.4 9.9v-7H7.9V12h2.5V9.8c0-2.5 1.5-3.9 3.8-3.9 1.1 0 2.2.2 2.2.2v2.5h-1.3c-1.2 0-1.6.8-1.6 1.6V12h2.8l-.4 2.9h-2.3v7C18.3 21.1 22 17 22 12c0-5.5-4.5-10-10-10z\"><\/path><\/svg><span class=\"wp-block-social-link-label screen-reader-text\">Facebook<\/span><\/a><\/li>\n\n<li style=\"color:var(--accent-2);\" class=\"wp-social-link wp-social-link-instagram has-accent-2-color wp-block-social-link\"><a rel=\"noopener nofollow\" target=\"_blank\" href=\"https:\/\/www.instagram.com\/koronapos\" class=\"wp-block-social-link-anchor\"><svg width=\"24\" height=\"24\" viewBox=\"0 0 24 24\" version=\"1.1\" xmlns=\"http:\/\/www.w3.org\/2000\/svg\" aria-hidden=\"true\" focusable=\"false\"><path d=\"M12,4.622c2.403,0,2.688,0.009,3.637,0.052c0.877,0.04,1.354,0.187,1.671,0.31c0.42,0.163,0.72,0.358,1.035,0.673 c0.315,0.315,0.51,0.615,0.673,1.035c0.123,0.317,0.27,0.794,0.31,1.671c0.043,0.949,0.052,1.234,0.052,3.637 s-0.009,2.688-0.052,3.637c-0.04,0.877-0.187,1.354-0.31,1.671c-0.163,0.42-0.358,0.72-0.673,1.035 c-0.315,0.315-0.615,0.51-1.035,0.673c-0.317,0.123-0.794,0.27-1.671,0.31c-0.949,0.043-1.233,0.052-3.637,0.052 s-2.688-0.009-3.637-0.052c-0.877-0.04-1.354-0.187-1.671-0.31c-0.42-0.163-0.72-0.358-1.035-0.673 c-0.315-0.315-0.51-0.615-0.673-1.035c-0.123-0.317-0.27-0.794-0.31-1.671C4.631,14.688,4.622,14.403,4.622,12 s0.009-2.688,0.052-3.637c0.04-0.877,0.187-1.354,0.31-1.671c0.163-0.42,0.358-0.72,0.673-1.035 c0.315-0.315,0.615-0.51,1.035-0.673c0.317-0.123,0.794-0.27,1.671-0.31C9.312,4.631,9.597,4.622,12,4.622 M12,3 C9.556,3,9.249,3.01,8.289,3.054C7.331,3.098,6.677,3.25,6.105,3.472C5.513,3.702,5.011,4.01,4.511,4.511 c-0.5,0.5-0.808,1.002-1.038,1.594C3.25,6.677,3.098,7.331,3.054,8.289C3.01,9.249,3,9.556,3,12c0,2.444,0.01,2.751,0.054,3.711 c0.044,0.958,0.196,1.612,0.418,2.185c0.23,0.592,0.538,1.094,1.038,1.594c0.5,0.5,1.002,0.808,1.594,1.038 c0.572,0.222,1.227,0.375,2.185,0.418C9.249,20.99,9.556,21,12,21s2.751-0.01,3.711-0.054c0.958-0.044,1.612-0.196,2.185-0.418 c0.592-0.23,1.094-0.538,1.594-1.038c0.5-0.5,0.808-1.002,1.038-1.594c0.222-0.572,0.375-1.227,0.418-2.185 C20.99,14.751,21,14.444,21,12s-0.01-2.751-0.054-3.711c-0.044-0.958-0.196-1.612-0.418-2.185c-0.23-0.592-0.538-1.094-1.038-1.594 c-0.5-0.5-1.002-0.808-1.594-1.038c-0.572-0.222-1.227-0.375-2.185-0.418C14.751,3.01,14.444,3,12,3L12,3z M12,7.378 c-2.552,0-4.622,2.069-4.622,4.622S9.448,16.622,12,16.622s4.622-2.069,4.622-4.622S14.552,7.378,12,7.378z M12,15 c-1.657,0-3-1.343-3-3s1.343-3,3-3s3,1.343,3,3S13.657,15,12,15z M16.804,6.116c-0.596,0-1.08,0.484-1.08,1.08 s0.484,1.08,1.08,1.08c0.596,0,1.08-0.484,1.08-1.08S17.401,6.116,16.804,6.116z\"><\/path><\/svg><span class=\"wp-block-social-link-label screen-reader-text\">Instagram<\/span><\/a><\/li>\n\n<li style=\"color:var(--accent-2);\" class=\"wp-social-link wp-social-link-linkedin has-accent-2-color wp-block-social-link\"><a rel=\"noopener nofollow\" target=\"_blank\" href=\"https:\/\/www.linkedin.com\/company\/combase-usa-inc-\" class=\"wp-block-social-link-anchor\"><svg width=\"24\" height=\"24\" viewBox=\"0 0 24 24\" version=\"1.1\" xmlns=\"http:\/\/www.w3.org\/2000\/svg\" aria-hidden=\"true\" focusable=\"false\"><path d=\"M19.7,3H4.3C3.582,3,3,3.582,3,4.3v15.4C3,20.418,3.582,21,4.3,21h15.4c0.718,0,1.3-0.582,1.3-1.3V4.3 C21,3.582,20.418,3,19.7,3z M8.339,18.338H5.667v-8.59h2.672V18.338z M7.004,8.574c-0.857,0-1.549-0.694-1.549-1.548 c0-0.855,0.691-1.548,1.549-1.548c0.854,0,1.547,0.694,1.547,1.548C8.551,7.881,7.858,8.574,7.004,8.574z M18.339,18.338h-2.669 v-4.177c0-0.996-0.017-2.278-1.387-2.278c-1.389,0-1.601,1.086-1.601,2.206v4.249h-2.667v-8.59h2.559v1.174h0.037 c0.356-0.675,1.227-1.387,2.526-1.387c2.703,0,3.203,1.779,3.203,4.092V18.338z\"><\/path><\/svg><span class=\"wp-block-social-link-label screen-reader-text\">LinkedIn<\/span><\/a><\/li>\n\n<li style=\"color:var(--accent-2);\" class=\"wp-social-link wp-social-link-pinterest has-accent-2-color wp-block-social-link\"><a rel=\"noopener nofollow\" target=\"_blank\" href=\"https:\/\/www.pinterest.com\/koronapos\" class=\"wp-block-social-link-anchor\"><svg width=\"24\" height=\"24\" viewBox=\"0 0 24 24\" version=\"1.1\" xmlns=\"http:\/\/www.w3.org\/2000\/svg\" aria-hidden=\"true\" focusable=\"false\"><path d=\"M12.289,2C6.617,2,3.606,5.648,3.606,9.622c0,1.846,1.025,4.146,2.666,4.878c0.25,0.111,0.381,0.063,0.439-0.169 c0.044-0.175,0.267-1.029,0.365-1.428c0.032-0.128,0.017-0.237-0.091-0.362C6.445,11.911,6.01,10.75,6.01,9.668 c0-2.777,2.194-5.464,5.933-5.464c3.23,0,5.49,2.108,5.49,5.122c0,3.407-1.794,5.768-4.13,5.768c-1.291,0-2.257-1.021-1.948-2.277 c0.372-1.495,1.089-3.112,1.089-4.191c0-0.967-0.542-1.775-1.663-1.775c-1.319,0-2.379,1.309-2.379,3.059 c0,1.115,0.394,1.869,0.394,1.869s-1.302,5.279-1.54,6.261c-0.405,1.666,0.053,4.368,0.094,4.604 c0.021,0.126,0.167,0.169,0.25,0.063c0.129-0.165,1.699-2.419,2.142-4.051c0.158-0.59,0.817-2.995,0.817-2.995 c0.43,0.784,1.681,1.446,3.013,1.446c3.963,0,6.822-3.494,6.822-7.833C20.394,5.112,16.849,2,12.289,2\"><\/path><\/svg><span class=\"wp-block-social-link-label screen-reader-text\">Pinterest<\/span><\/a><\/li>\n\n<li style=\"color:var(--accent-2);\" class=\"wp-social-link wp-social-link-twitter has-accent-2-color wp-block-social-link\"><a rel=\"noopener nofollow\" target=\"_blank\" href=\"https:\/\/www.twitter.com\/combaseusa\" class=\"wp-block-social-link-anchor\"><svg width=\"24\" height=\"24\" viewBox=\"0 0 24 24\" version=\"1.1\" xmlns=\"http:\/\/www.w3.org\/2000\/svg\" aria-hidden=\"true\" focusable=\"false\"><path d=\"M22.23,5.924c-0.736,0.326-1.527,0.547-2.357,0.646c0.847-0.508,1.498-1.312,1.804-2.27 c-0.793,0.47-1.671,0.812-2.606,0.996C18.324,4.498,17.257,4,16.077,4c-2.266,0-4.103,1.837-4.103,4.103 c0,0.322,0.036,0.635,0.106,0.935C8.67,8.867,5.647,7.234,3.623,4.751C3.27,5.357,3.067,6.062,3.067,6.814 c0,1.424,0.724,2.679,1.825,3.415c-0.673-0.021-1.305-0.206-1.859-0.513c0,0.017,0,0.034,0,0.052c0,1.988,1.414,3.647,3.292,4.023 c-0.344,0.094-0.707,0.144-1.081,0.144c-0.264,0-0.521-0.026-0.772-0.074c0.522,1.63,2.038,2.816,3.833,2.85 c-1.404,1.1-3.174,1.756-5.096,1.756c-0.331,0-0.658-0.019-0.979-0.057c1.816,1.164,3.973,1.843,6.29,1.843 c7.547,0,11.675-6.252,11.675-11.675c0-0.178-0.004-0.355-0.012-0.531C20.985,7.47,21.68,6.747,22.23,5.924z\"><\/path><\/svg><span class=\"wp-block-social-link-label screen-reader-text\">Twitter<\/span><\/a><\/li>\n\n<li style=\"color:var(--accent-2);\" class=\"wp-social-link wp-social-link-youtube has-accent-2-color wp-block-social-link\"><a rel=\"noopener nofollow\" target=\"_blank\" href=\"https:\/\/www.youtube.com\/c\/Combase-usa\/featured\" class=\"wp-block-social-link-anchor\"><svg width=\"24\" height=\"24\" viewBox=\"0 0 24 24\" version=\"1.1\" xmlns=\"http:\/\/www.w3.org\/2000\/svg\" aria-hidden=\"true\" focusable=\"false\"><path d=\"M21.8,8.001c0,0-0.195-1.378-0.795-1.985c-0.76-0.797-1.613-0.801-2.004-0.847c-2.799-0.202-6.997-0.202-6.997-0.202 h-0.009c0,0-4.198,0-6.997,0.202C4.608,5.216,3.756,5.22,2.995,6.016C2.395,6.623,2.2,8.001,2.2,8.001S2,9.62,2,11.238v1.517 c0,1.618,0.2,3.237,0.2,3.237s0.195,1.378,0.795,1.985c0.761,0.797,1.76,0.771,2.205,0.855c1.6,0.153,6.8,0.201,6.8,0.201 s4.203-0.006,7.001-0.209c0.391-0.047,1.243-0.051,2.004-0.847c0.6-0.607,0.795-1.985,0.795-1.985s0.2-1.618,0.2-3.237v-1.517 C22,9.62,21.8,8.001,21.8,8.001z M9.935,14.594l-0.001-5.62l5.404,2.82L9.935,14.594z\"><\/path><\/svg><span class=\"wp-block-social-link-label screen-reader-text\">YouTube<\/span><\/a><\/li><\/ul>\n\n<\/div><\/div>\n<\/div>\n<\/div>\n\n\n<\/div>","protected":false},"excerpt":{"rendered":"","protected":false},"author":1,"featured_media":0,"parent":0,"menu_order":24,"comment_status":"closed","ping_status":"closed","template":"","meta":{"footnotes":""},"class_list":{"0":"post-86602","1":"page","2":"type-page","3":"status-publish","5":"infinite-scroll-item","6":"no-featured-image-padding"},"yoast_head":"<!-- This site is optimized with the Yoast SEO Premium plugin v27.3 (Yoast SEO v27.3) - https:\/\/yoast.com\/product\/yoast-seo-premium-wordpress\/ -->\n<title>Hinterlassen Sie eine Bewertung | KORONA POS Kassensystem<\/title>\n<meta name=\"description\" content=\"KORONA POS is a reliable point of sale solution designed to meet the needs of small businesses to enterprises. | Bewertung abgeben\" \/>\n<meta name=\"robots\" content=\"noindex, nofollow\" \/>\n<meta property=\"og:locale\" content=\"de_DE\" \/>\n<meta property=\"og:type\" content=\"article\" \/>\n<meta property=\"og:title\" content=\"Bewertung abgeben\" \/>\n<meta property=\"og:description\" content=\"KORONA POS is a reliable point of sale solution designed to meet the needs of small businesses to enterprises. | Bewertung abgeben\" \/>\n<meta property=\"og:url\" content=\"https:\/\/koronapos.com\/de\/bewertung-abgeben\/\" \/>\n<meta property=\"og:site_name\" content=\"KORONA POS by COMBASE\" \/>\n<meta property=\"article:publisher\" content=\"https:\/\/www.facebook.com\/koronapos\" \/>\n<meta property=\"article:modified_time\" content=\"2026-03-31T14:35:21+00:00\" \/>\n<meta property=\"og:image\" content=\"https:\/\/koronapos.com\/wp-content\/uploads\/2022\/06\/KPOS-Icons3.png.webp\" \/>\n<meta name=\"twitter:card\" content=\"summary_large_image\" \/>\n<meta name=\"twitter:site\" content=\"@CombaseUSA\" \/>\n<meta name=\"twitter:label1\" content=\"Gesch\u00e4tzte Lesezeit\" \/>\n\t<meta name=\"twitter:data1\" content=\"3\u00a0Minuten\" \/>\n<script type=\"application\/ld+json\" class=\"yoast-schema-graph\">{\"@context\":\"https:\\\/\\\/schema.org\",\"@graph\":[{\"@type\":\"WebPage\",\"@id\":\"https:\\\/\\\/koronapos.com\\\/de\\\/bewertung-abgeben\\\/\",\"url\":\"https:\\\/\\\/koronapos.com\\\/de\\\/bewertung-abgeben\\\/\",\"name\":\"Hinterlassen Sie eine Bewertung | KORONA POS Kassensystem\",\"isPartOf\":{\"@id\":\"https:\\\/\\\/koronapos.com\\\/de\\\/#website\"},\"primaryImageOfPage\":{\"@id\":\"https:\\\/\\\/koronapos.com\\\/de\\\/bewertung-abgeben\\\/#primaryimage\"},\"image\":{\"@id\":\"https:\\\/\\\/koronapos.com\\\/de\\\/bewertung-abgeben\\\/#primaryimage\"},\"thumbnailUrl\":\"https:\\\/\\\/koronapos.com\\\/wp-content\\\/uploads\\\/2022\\\/06\\\/KPOS-Icons3.png.webp\",\"datePublished\":\"2018-03-30T22:10:18+00:00\",\"dateModified\":\"2026-03-31T14:35:21+00:00\",\"description\":\"KORONA POS is a reliable point of sale solution designed to meet the needs of small businesses to enterprises. | Bewertung abgeben\",\"breadcrumb\":{\"@id\":\"https:\\\/\\\/koronapos.com\\\/de\\\/bewertung-abgeben\\\/#breadcrumb\"},\"inLanguage\":\"de\",\"potentialAction\":[{\"@type\":\"ReadAction\",\"target\":[\"https:\\\/\\\/koronapos.com\\\/de\\\/bewertung-abgeben\\\/\"]}]},{\"@type\":\"ImageObject\",\"inLanguage\":\"de\",\"@id\":\"https:\\\/\\\/koronapos.com\\\/de\\\/bewertung-abgeben\\\/#primaryimage\",\"url\":\"https:\\\/\\\/koronapos.com\\\/wp-content\\\/uploads\\\/2022\\\/06\\\/KPOS-Icons3.png.webp\",\"contentUrl\":\"https:\\\/\\\/koronapos.com\\\/wp-content\\\/uploads\\\/2022\\\/06\\\/KPOS-Icons3.png.webp\"},{\"@type\":\"BreadcrumbList\",\"@id\":\"https:\\\/\\\/koronapos.com\\\/de\\\/bewertung-abgeben\\\/#breadcrumb\",\"itemListElement\":[{\"@type\":\"ListItem\",\"position\":1,\"name\":\"Home\",\"item\":\"https:\\\/\\\/koronapos.com\\\/de\\\/startseite\\\/\"},{\"@type\":\"ListItem\",\"position\":2,\"name\":\"Bewertung abgeben\"}]},{\"@type\":\"WebSite\",\"@id\":\"https:\\\/\\\/koronapos.com\\\/de\\\/#website\",\"url\":\"https:\\\/\\\/koronapos.com\\\/de\\\/\",\"name\":\"KORONA POS by COMBASE\",\"description\":\"KORONA POS by COMBASE: Custom Point of Sale Software\",\"publisher\":{\"@id\":\"https:\\\/\\\/koronapos.com\\\/de\\\/#organization\"},\"alternateName\":\"KORONA POS\",\"potentialAction\":[{\"@type\":\"SearchAction\",\"target\":{\"@type\":\"EntryPoint\",\"urlTemplate\":\"https:\\\/\\\/koronapos.com\\\/de\\\/?s={search_term_string}\"},\"query-input\":{\"@type\":\"PropertyValueSpecification\",\"valueRequired\":true,\"valueName\":\"search_term_string\"}}],\"inLanguage\":\"de\"},{\"@type\":\"Organization\",\"@id\":\"https:\\\/\\\/koronapos.com\\\/de\\\/#organization\",\"name\":\"Korona POS\",\"alternateName\":\"KORONA POS\",\"url\":\"https:\\\/\\\/koronapos.com\\\/de\\\/\",\"logo\":{\"@type\":\"ImageObject\",\"inLanguage\":\"de\",\"@id\":\"https:\\\/\\\/koronapos.com\\\/de\\\/#\\\/schema\\\/logo\\\/image\\\/\",\"url\":\"https:\\\/\\\/koronapos.com\\\/wp-content\\\/uploads\\\/2025\\\/06\\\/KORONA-POS-NEW-LOGO-e1750866639197.png\",\"contentUrl\":\"https:\\\/\\\/koronapos.com\\\/wp-content\\\/uploads\\\/2025\\\/06\\\/KORONA-POS-NEW-LOGO-e1750866639197.png\",\"width\":1198,\"height\":344,\"caption\":\"Korona POS\"},\"image\":{\"@id\":\"https:\\\/\\\/koronapos.com\\\/de\\\/#\\\/schema\\\/logo\\\/image\\\/\"},\"sameAs\":[\"https:\\\/\\\/www.facebook.com\\\/koronapos\",\"https:\\\/\\\/x.com\\\/CombaseUSA\",\"https:\\\/\\\/www.instagram.com\\\/koronapos\\\/\",\"https:\\\/\\\/www.linkedin.com\\\/company\\\/combase-usa-inc-\",\"https:\\\/\\\/www.youtube.com\\\/c\\\/Combase-usa\\\/f\"],\"description\":\"KORONA POS is a modern cloud point of sale software developed by COMBASE USA with specialized features for retailers, inventory management, event ticketing, quick-service restaurants, and more.\",\"email\":\"inquiries@combase-usa.com\",\"telephone\":\"1(833)200-0213\",\"legalName\":\"COMBASE USA, Inc.\",\"foundingDate\":\"2012-08-01\",\"taxID\":\"1014657598\",\"numberOfEmployees\":{\"@type\":\"QuantitativeValue\",\"minValue\":\"11\",\"maxValue\":\"50\"}}]}<\/script>\n<!-- \/ Yoast SEO Premium plugin. -->","yoast_head_json":{"title":"Hinterlassen Sie eine Bewertung | KORONA POS Kassensystem","description":"KORONA POS is a reliable point of sale solution designed to meet the needs of small businesses to enterprises. | Bewertung abgeben","robots":{"index":"noindex","follow":"nofollow"},"og_locale":"de_DE","og_type":"article","og_title":"Bewertung abgeben","og_description":"KORONA POS is a reliable point of sale solution designed to meet the needs of small businesses to enterprises. | Bewertung abgeben","og_url":"https:\/\/koronapos.com\/de\/bewertung-abgeben\/","og_site_name":"KORONA POS by COMBASE","article_publisher":"https:\/\/www.facebook.com\/koronapos","article_modified_time":"2026-03-31T14:35:21+00:00","og_image":[{"url":"https:\/\/koronapos.com\/wp-content\/uploads\/2022\/06\/KPOS-Icons3.png.webp","type":"","width":"","height":""}],"twitter_card":"summary_large_image","twitter_site":"@CombaseUSA","twitter_misc":{"Gesch\u00e4tzte Lesezeit":"3\u00a0Minuten"},"schema":{"@context":"https:\/\/schema.org","@graph":[{"@type":"WebPage","@id":"https:\/\/koronapos.com\/de\/bewertung-abgeben\/","url":"https:\/\/koronapos.com\/de\/bewertung-abgeben\/","name":"Hinterlassen Sie eine Bewertung | KORONA POS Kassensystem","isPartOf":{"@id":"https:\/\/koronapos.com\/de\/#website"},"primaryImageOfPage":{"@id":"https:\/\/koronapos.com\/de\/bewertung-abgeben\/#primaryimage"},"image":{"@id":"https:\/\/koronapos.com\/de\/bewertung-abgeben\/#primaryimage"},"thumbnailUrl":"https:\/\/koronapos.com\/wp-content\/uploads\/2022\/06\/KPOS-Icons3.png.webp","datePublished":"2018-03-30T22:10:18+00:00","dateModified":"2026-03-31T14:35:21+00:00","description":"KORONA POS is a reliable point of sale solution designed to meet the needs of small businesses to enterprises. | Bewertung abgeben","breadcrumb":{"@id":"https:\/\/koronapos.com\/de\/bewertung-abgeben\/#breadcrumb"},"inLanguage":"de","potentialAction":[{"@type":"ReadAction","target":["https:\/\/koronapos.com\/de\/bewertung-abgeben\/"]}]},{"@type":"ImageObject","inLanguage":"de","@id":"https:\/\/koronapos.com\/de\/bewertung-abgeben\/#primaryimage","url":"https:\/\/koronapos.com\/wp-content\/uploads\/2022\/06\/KPOS-Icons3.png.webp","contentUrl":"https:\/\/koronapos.com\/wp-content\/uploads\/2022\/06\/KPOS-Icons3.png.webp"},{"@type":"BreadcrumbList","@id":"https:\/\/koronapos.com\/de\/bewertung-abgeben\/#breadcrumb","itemListElement":[{"@type":"ListItem","position":1,"name":"Home","item":"https:\/\/koronapos.com\/de\/startseite\/"},{"@type":"ListItem","position":2,"name":"Bewertung abgeben"}]},{"@type":"WebSite","@id":"https:\/\/koronapos.com\/de\/#website","url":"https:\/\/koronapos.com\/de\/","name":"KORONA POS by COMBASE","description":"KORONA POS by COMBASE: Custom Point of Sale Software","publisher":{"@id":"https:\/\/koronapos.com\/de\/#organization"},"alternateName":"KORONA POS","potentialAction":[{"@type":"SearchAction","target":{"@type":"EntryPoint","urlTemplate":"https:\/\/koronapos.com\/de\/?s={search_term_string}"},"query-input":{"@type":"PropertyValueSpecification","valueRequired":true,"valueName":"search_term_string"}}],"inLanguage":"de"},{"@type":"Organization","@id":"https:\/\/koronapos.com\/de\/#organization","name":"Korona POS","alternateName":"KORONA POS","url":"https:\/\/koronapos.com\/de\/","logo":{"@type":"ImageObject","inLanguage":"de","@id":"https:\/\/koronapos.com\/de\/#\/schema\/logo\/image\/","url":"https:\/\/koronapos.com\/wp-content\/uploads\/2025\/06\/KORONA-POS-NEW-LOGO-e1750866639197.png","contentUrl":"https:\/\/koronapos.com\/wp-content\/uploads\/2025\/06\/KORONA-POS-NEW-LOGO-e1750866639197.png","width":1198,"height":344,"caption":"Korona POS"},"image":{"@id":"https:\/\/koronapos.com\/de\/#\/schema\/logo\/image\/"},"sameAs":["https:\/\/www.facebook.com\/koronapos","https:\/\/x.com\/CombaseUSA","https:\/\/www.instagram.com\/koronapos\/","https:\/\/www.linkedin.com\/company\/combase-usa-inc-","https:\/\/www.youtube.com\/c\/Combase-usa\/f"],"description":"KORONA POS is a modern cloud point of sale software developed by COMBASE USA with specialized features for retailers, inventory management, event ticketing, quick-service restaurants, and more.","email":"inquiries@combase-usa.com","telephone":"1(833)200-0213","legalName":"COMBASE USA, Inc.","foundingDate":"2012-08-01","taxID":"1014657598","numberOfEmployees":{"@type":"QuantitativeValue","minValue":"11","maxValue":"50"}}]}},"_links":{"self":[{"href":"https:\/\/koronapos.com\/de\/wp-json\/wp\/v2\/pages\/86602","targetHints":{"allow":["GET"]}}],"collection":[{"href":"https:\/\/koronapos.com\/de\/wp-json\/wp\/v2\/pages"}],"about":[{"href":"https:\/\/koronapos.com\/de\/wp-json\/wp\/v2\/types\/page"}],"author":[{"embeddable":true,"href":"https:\/\/koronapos.com\/de\/wp-json\/wp\/v2\/users\/1"}],"replies":[{"embeddable":true,"href":"https:\/\/koronapos.com\/de\/wp-json\/wp\/v2\/comments?post=86602"}],"version-history":[{"count":2,"href":"https:\/\/koronapos.com\/de\/wp-json\/wp\/v2\/pages\/86602\/revisions"}],"predecessor-version":[{"id":104555,"href":"https:\/\/koronapos.com\/de\/wp-json\/wp\/v2\/pages\/86602\/revisions\/104555"}],"wp:attachment":[{"href":"https:\/\/koronapos.com\/de\/wp-json\/wp\/v2\/media?parent=86602"}],"curies":[{"name":"wp","href":"https:\/\/api.w.org\/{rel}","templated":true}]}}