{"id":86196,"date":"2023-02-01T15:31:53","date_gmt":"2023-02-01T23:31:53","guid":{"rendered":"https:\/\/koronapos.com\/karriere\/"},"modified":"2026-03-31T07:39:22","modified_gmt":"2026-03-31T14:39:22","slug":"karriere","status":"publish","type":"page","link":"https:\/\/koronapos.com\/de\/karriere\/","title":{"rendered":"Karriere"},"content":{"rendered":"<div class=\"gb-container gb-container-5c27e0e7\">\n<div class=\"gb-container gb-container-6e28a9c9\">\n<div class=\"gb-grid-wrapper gb-grid-wrapper-7d07b03b\">\n<div class=\"gb-grid-column gb-grid-column-40797388\"><div class=\"gb-container gb-container-40797388\">\n<div class=\"gb-container gb-container-1d412c02\"><\/div>\n<\/div><\/div>\n\n<div class=\"gb-grid-column gb-grid-column-cd951116\"><div class=\"gb-container gb-container-cd951116\">\n\n<h1 class=\"gb-headline gb-headline-f6c525bd gb-headline-text\">Lassen Sie uns gemeinsam wachsen<\/h1>\n\n\n\n<h2 class=\"gb-headline gb-headline-6ccdb742 gb-headline-text\">Schlie\u00dfen Sie sich dem COMBASE Team an und helfen Sie Unternehmen, ihre Ziele zu erreichen.<\/h2>\n\n\n\n<p class=\"gb-headline gb-headline-246cd71c gb-headline-text\">Bei KORONA POS, von <a href=\"https:\/\/koronapos.com\/de\/ueber-uns\/\"><strong>Combase AG<\/strong> <\/a>sind wir bestrebt, eine ehrliche L\u00f6sung zu bieten, indem wir die neuesten Kassentechnologien und Funktionen anbieten, die Unternehmen effizienter und profitabler machen. Unser kundenorientierter Ansatz stellt sicher, dass unsere Kunden stets unterst\u00fctzt werden und dass unsere Software stets aktualisiert wird, um den sich \u00e4ndernden Anforderungen des Einzelhandels gerecht zu werden. <\/p>\n\n\n\n<p class=\"gb-headline gb-headline-c3418eb4 gb-headline-text\">Und unser Engagement f\u00fcr unser Team ist nicht anders. Wir sind stets bestrebt, ein gro\u00dfartiges Arbeitsumfeld zu schaffen, das jedem Einzelnen hilft, sich in seinen F\u00e4higkeiten und seiner Karriere weiterzuentwickeln. Besuchen Sie uns auf <a href=\"https:\/\/www.glassdoor.com\/Reviews\/Combase-USA-Reviews-E1157039.htm\" target=\"_blank\" rel=\"noreferrer noopener\"><strong>Glassdoor<\/strong><\/a>.  <\/p>\n\n\n<div class=\"gb-container gb-container-8d11aa33\">\n\n<a class=\"gb-button gb-button-c2807bfd gbp-button--primary\" href=\"https:\/\/ats.rippling.com\/combase-usa\/jobs\" target=\"_blank\" rel=\"noopener noreferrer\"><span class=\"gb-button-text\">OFFENE STELLEN ANZEIGEN<\/span><span class=\"gb-icon\"><svg xmlns=\"http:\/\/www.w3.org\/2000\/svg\" xml:space=\"preserve\" style=\"enable-background:new 0 0 330 330\" viewBox=\"0 0 330 330\"><path d=\"M15 180h263.787l-49.394 49.394c-5.858 5.857-5.858 15.355 0 21.213C232.322 253.535 236.161 255 240 255s7.678-1.465 10.606-4.394l75-75c5.858-5.857 5.858-15.355 0-21.213l-75-75c-5.857-5.857-15.355-5.857-21.213 0-5.858 5.857-5.858 15.355 0 21.213L278.787 150H15c-8.284 0-15 6.716-15 15s6.716 15 15 15z\"><\/path><\/svg><\/span><\/a>\n\n<\/div>\n\n<div class=\"gb-grid-wrapper gb-grid-wrapper-795200e3\">\n<div class=\"gb-grid-column gb-grid-column-50fc68c6\"><div class=\"gb-container gb-container-50fc68c6\">\n<div class=\"wp-block-image\">\n<figure class=\"aligncenter size-full is-resized\"><img decoding=\"async\" width=\"770\" height=\"1000\" src=\"https:\/\/koronapos.com\/wp-content\/uploads\/2025\/01\/G2-Winter-2025-Badge.png\" alt=\"\" class=\"wp-image-78837\" style=\"width:auto;height:120px\" srcset=\"https:\/\/koronapos.com\/wp-content\/uploads\/2025\/01\/G2-Winter-2025-Badge.png 770w, https:\/\/koronapos.com\/wp-content\/uploads\/2025\/01\/G2-Winter-2025-Badge-231x300.png 231w, https:\/\/koronapos.com\/wp-content\/uploads\/2025\/01\/G2-Winter-2025-Badge-768x997.png 768w\" sizes=\"(max-width: 770px) 100vw, 770px\" \/><\/figure>\n<\/div>\n<\/div><\/div>\n\n<div class=\"gb-grid-column gb-grid-column-406f0ea9\"><div class=\"gb-container gb-container-406f0ea9\">\n\n<figure class=\"wp-block-image size-full is-resized\"><img decoding=\"async\" width=\"500\" height=\"500\" src=\"https:\/\/koronapos.com\/wp-content\/uploads\/2024\/04\/Badges_2024111.png\" alt=\"\" class=\"wp-image-69144\" style=\"width:auto;height:120px\" srcset=\"https:\/\/koronapos.com\/wp-content\/uploads\/2024\/04\/Badges_2024111.png 500w, https:\/\/koronapos.com\/wp-content\/uploads\/2024\/04\/Badges_2024111-300x300.png 300w, https:\/\/koronapos.com\/wp-content\/uploads\/2024\/04\/Badges_2024111-150x150.png 150w\" sizes=\"(max-width: 500px) 100vw, 500px\" \/><\/figure>\n\n<\/div><\/div>\n\n<div class=\"gb-grid-column gb-grid-column-847fb760\"><div class=\"gb-container gb-container-847fb760\">\n\n<figure class=\"wp-block-image size-full is-resized\"><a href=\"https:\/\/koronapos.com\/de\/bewertungen-und-erfahrungsberichte\/\"><img decoding=\"async\" width=\"800\" height=\"625\" src=\"https:\/\/koronapos.com\/wp-content\/uploads\/2024\/05\/ca-shortlist-2024.png\" alt=\"\" class=\"wp-image-70213\" style=\"width:auto;height:120px\" srcset=\"https:\/\/koronapos.com\/wp-content\/uploads\/2024\/05\/ca-shortlist-2024.png 800w, https:\/\/koronapos.com\/wp-content\/uploads\/2024\/05\/ca-shortlist-2024-300x234.png 300w, https:\/\/koronapos.com\/wp-content\/uploads\/2024\/05\/ca-shortlist-2024-768x600.png 768w\" sizes=\"(max-width: 800px) 100vw, 800px\" \/><\/a><\/figure>\n\n<\/div><\/div>\n\n<div class=\"gb-grid-column gb-grid-column-a8447d99\"><div class=\"gb-container gb-container-a8447d99\">\n\n<figure class=\"wp-block-image size-full is-resized\"><img decoding=\"async\" width=\"500\" height=\"500\" src=\"https:\/\/koronapos.com\/wp-content\/uploads\/2024\/04\/Badges_1.png\" alt=\"\" class=\"wp-image-69134\" style=\"width:auto;height:120px\" srcset=\"https:\/\/koronapos.com\/wp-content\/uploads\/2024\/04\/Badges_1.png 500w, https:\/\/koronapos.com\/wp-content\/uploads\/2024\/04\/Badges_1-300x300.png 300w, https:\/\/koronapos.com\/wp-content\/uploads\/2024\/04\/Badges_1-150x150.png 150w\" sizes=\"(max-width: 500px) 100vw, 500px\" \/><\/figure>\n\n<\/div><\/div>\n<\/div>\n<\/div><\/div>\n<\/div>\n<\/div>\n<\/div>\n\n\n<p><\/p>\n","protected":false},"excerpt":{"rendered":"","protected":false},"author":3,"featured_media":0,"parent":0,"menu_order":0,"comment_status":"closed","ping_status":"closed","template":"","meta":{"footnotes":""},"class_list":{"0":"post-86196","1":"page","2":"type-page","3":"status-publish","5":"infinite-scroll-item","6":"no-featured-image-padding"},"yoast_head":"<!-- This site is optimized with the Yoast SEO Premium plugin v27.4 (Yoast SEO v27.4) - https:\/\/yoast.com\/product\/yoast-seo-premium-wordpress\/ -->\n<title>Karriere | KORONA POS<\/title>\n<meta name=\"description\" content=\"M\u00f6chten Sie dem Team beitreten? Finden Sie offene Stellenangebote bei COMBASE, dem Entwickler von KORONA POS.\" \/>\n<meta name=\"robots\" content=\"index, follow, max-snippet:-1, max-image-preview:large, max-video-preview:-1\" \/>\n<link rel=\"canonical\" href=\"https:\/\/koronapos.com\/de\/karriere\/\" \/>\n<meta property=\"og:locale\" content=\"de_DE\" \/>\n<meta property=\"og:type\" content=\"article\" \/>\n<meta property=\"og:title\" content=\"Karriere\" \/>\n<meta property=\"og:description\" content=\"M\u00f6chten Sie dem Team beitreten? Finden Sie offene Stellenangebote bei COMBASE, dem Entwickler von KORONA POS.\" \/>\n<meta property=\"og:url\" content=\"https:\/\/koronapos.com\/de\/karriere\/\" \/>\n<meta property=\"og:site_name\" content=\"KORONA POS by COMBASE\" \/>\n<meta property=\"article:publisher\" content=\"https:\/\/www.facebook.com\/koronapos\" \/>\n<meta property=\"article:modified_time\" content=\"2026-03-31T14:39:22+00:00\" \/>\n<meta property=\"og:image\" content=\"https:\/\/koronapos.com\/wp-content\/uploads\/2025\/01\/G2-Winter-2025-Badge.png\" \/>\n\t<meta property=\"og:image:width\" content=\"770\" \/>\n\t<meta property=\"og:image:height\" content=\"1000\" \/>\n\t<meta property=\"og:image:type\" content=\"image\/png\" \/>\n<meta name=\"twitter:card\" content=\"summary_large_image\" \/>\n<meta name=\"twitter:site\" content=\"@CombaseUSA\" \/>\n<meta name=\"twitter:label1\" content=\"Gesch\u00e4tzte Lesezeit\" \/>\n\t<meta name=\"twitter:data1\" content=\"2\u00a0Minuten\" \/>\n<script type=\"application\/ld+json\" class=\"yoast-schema-graph\">{\"@context\":\"https:\\\/\\\/schema.org\",\"@graph\":[{\"@type\":\"WebPage\",\"@id\":\"https:\\\/\\\/koronapos.com\\\/de\\\/karriere\\\/\",\"url\":\"https:\\\/\\\/koronapos.com\\\/de\\\/karriere\\\/\",\"name\":\"Karriere | KORONA POS\",\"isPartOf\":{\"@id\":\"https:\\\/\\\/koronapos.com\\\/de\\\/#website\"},\"primaryImageOfPage\":{\"@id\":\"https:\\\/\\\/koronapos.com\\\/de\\\/karriere\\\/#primaryimage\"},\"image\":{\"@id\":\"https:\\\/\\\/koronapos.com\\\/de\\\/karriere\\\/#primaryimage\"},\"thumbnailUrl\":\"https:\\\/\\\/koronapos.com\\\/wp-content\\\/uploads\\\/2025\\\/01\\\/G2-Winter-2025-Badge.png\",\"datePublished\":\"2023-02-01T23:31:53+00:00\",\"dateModified\":\"2026-03-31T14:39:22+00:00\",\"description\":\"M\u00f6chten Sie dem Team beitreten? Finden Sie offene Stellenangebote bei COMBASE, dem Entwickler von KORONA POS.\",\"breadcrumb\":{\"@id\":\"https:\\\/\\\/koronapos.com\\\/de\\\/karriere\\\/#breadcrumb\"},\"inLanguage\":\"de\",\"potentialAction\":[{\"@type\":\"ReadAction\",\"target\":[\"https:\\\/\\\/koronapos.com\\\/de\\\/karriere\\\/\"]}]},{\"@type\":\"ImageObject\",\"inLanguage\":\"de\",\"@id\":\"https:\\\/\\\/koronapos.com\\\/de\\\/karriere\\\/#primaryimage\",\"url\":\"https:\\\/\\\/koronapos.com\\\/wp-content\\\/uploads\\\/2025\\\/01\\\/G2-Winter-2025-Badge.png\",\"contentUrl\":\"https:\\\/\\\/koronapos.com\\\/wp-content\\\/uploads\\\/2025\\\/01\\\/G2-Winter-2025-Badge.png\"},{\"@type\":\"BreadcrumbList\",\"@id\":\"https:\\\/\\\/koronapos.com\\\/de\\\/karriere\\\/#breadcrumb\",\"itemListElement\":[{\"@type\":\"ListItem\",\"position\":1,\"name\":\"Home\",\"item\":\"https:\\\/\\\/koronapos.com\\\/de\\\/startseite\\\/\"},{\"@type\":\"ListItem\",\"position\":2,\"name\":\"Karriere\"}]},{\"@type\":\"WebSite\",\"@id\":\"https:\\\/\\\/koronapos.com\\\/de\\\/#website\",\"url\":\"https:\\\/\\\/koronapos.com\\\/de\\\/\",\"name\":\"KORONA POS by COMBASE\",\"description\":\"KORONA POS by COMBASE: Custom Point of Sale Software\",\"publisher\":{\"@id\":\"https:\\\/\\\/koronapos.com\\\/de\\\/#organization\"},\"alternateName\":\"KORONA POS\",\"potentialAction\":[{\"@type\":\"SearchAction\",\"target\":{\"@type\":\"EntryPoint\",\"urlTemplate\":\"https:\\\/\\\/koronapos.com\\\/de\\\/?s={search_term_string}\"},\"query-input\":{\"@type\":\"PropertyValueSpecification\",\"valueRequired\":true,\"valueName\":\"search_term_string\"}}],\"inLanguage\":\"de\"},{\"@type\":\"Organization\",\"@id\":\"https:\\\/\\\/koronapos.com\\\/de\\\/#organization\",\"name\":\"Korona POS\",\"alternateName\":\"KORONA POS\",\"url\":\"https:\\\/\\\/koronapos.com\\\/de\\\/\",\"logo\":{\"@type\":\"ImageObject\",\"inLanguage\":\"de\",\"@id\":\"https:\\\/\\\/koronapos.com\\\/de\\\/#\\\/schema\\\/logo\\\/image\\\/\",\"url\":\"https:\\\/\\\/koronapos.com\\\/wp-content\\\/uploads\\\/2025\\\/06\\\/KORONA-POS-NEW-LOGO-e1750866639197.png\",\"contentUrl\":\"https:\\\/\\\/koronapos.com\\\/wp-content\\\/uploads\\\/2025\\\/06\\\/KORONA-POS-NEW-LOGO-e1750866639197.png\",\"width\":1198,\"height\":344,\"caption\":\"Korona POS\"},\"image\":{\"@id\":\"https:\\\/\\\/koronapos.com\\\/de\\\/#\\\/schema\\\/logo\\\/image\\\/\"},\"sameAs\":[\"https:\\\/\\\/www.facebook.com\\\/koronapos\",\"https:\\\/\\\/x.com\\\/CombaseUSA\",\"https:\\\/\\\/www.instagram.com\\\/koronapos\\\/\",\"https:\\\/\\\/www.linkedin.com\\\/company\\\/combase-usa-inc-\",\"https:\\\/\\\/www.youtube.com\\\/c\\\/Combase-usa\\\/f\"],\"description\":\"KORONA POS is a modern cloud point of sale software developed by COMBASE USA with specialized features for retailers, inventory management, event ticketing, quick-service restaurants, and more.\",\"email\":\"inquiries@combase-usa.com\",\"telephone\":\"1(833)200-0213\",\"legalName\":\"COMBASE USA, Inc.\",\"foundingDate\":\"2012-08-01\",\"taxID\":\"1014657598\",\"numberOfEmployees\":{\"@type\":\"QuantitativeValue\",\"minValue\":\"11\",\"maxValue\":\"50\"}}]}<\/script>\n<!-- \/ Yoast SEO Premium plugin. -->","yoast_head_json":{"title":"Karriere | KORONA POS","description":"M\u00f6chten Sie dem Team beitreten? Finden Sie offene Stellenangebote bei COMBASE, dem Entwickler von KORONA POS.","robots":{"index":"index","follow":"follow","max-snippet":"max-snippet:-1","max-image-preview":"max-image-preview:large","max-video-preview":"max-video-preview:-1"},"canonical":"https:\/\/koronapos.com\/de\/karriere\/","og_locale":"de_DE","og_type":"article","og_title":"Karriere","og_description":"M\u00f6chten Sie dem Team beitreten? Finden Sie offene Stellenangebote bei COMBASE, dem Entwickler von KORONA POS.","og_url":"https:\/\/koronapos.com\/de\/karriere\/","og_site_name":"KORONA POS by COMBASE","article_publisher":"https:\/\/www.facebook.com\/koronapos","article_modified_time":"2026-03-31T14:39:22+00:00","og_image":[{"width":770,"height":1000,"url":"https:\/\/koronapos.com\/wp-content\/uploads\/2025\/01\/G2-Winter-2025-Badge.png","type":"image\/png"}],"twitter_card":"summary_large_image","twitter_site":"@CombaseUSA","twitter_misc":{"Gesch\u00e4tzte Lesezeit":"2\u00a0Minuten"},"schema":{"@context":"https:\/\/schema.org","@graph":[{"@type":"WebPage","@id":"https:\/\/koronapos.com\/de\/karriere\/","url":"https:\/\/koronapos.com\/de\/karriere\/","name":"Karriere | KORONA POS","isPartOf":{"@id":"https:\/\/koronapos.com\/de\/#website"},"primaryImageOfPage":{"@id":"https:\/\/koronapos.com\/de\/karriere\/#primaryimage"},"image":{"@id":"https:\/\/koronapos.com\/de\/karriere\/#primaryimage"},"thumbnailUrl":"https:\/\/koronapos.com\/wp-content\/uploads\/2025\/01\/G2-Winter-2025-Badge.png","datePublished":"2023-02-01T23:31:53+00:00","dateModified":"2026-03-31T14:39:22+00:00","description":"M\u00f6chten Sie dem Team beitreten? Finden Sie offene Stellenangebote bei COMBASE, dem Entwickler von KORONA POS.","breadcrumb":{"@id":"https:\/\/koronapos.com\/de\/karriere\/#breadcrumb"},"inLanguage":"de","potentialAction":[{"@type":"ReadAction","target":["https:\/\/koronapos.com\/de\/karriere\/"]}]},{"@type":"ImageObject","inLanguage":"de","@id":"https:\/\/koronapos.com\/de\/karriere\/#primaryimage","url":"https:\/\/koronapos.com\/wp-content\/uploads\/2025\/01\/G2-Winter-2025-Badge.png","contentUrl":"https:\/\/koronapos.com\/wp-content\/uploads\/2025\/01\/G2-Winter-2025-Badge.png"},{"@type":"BreadcrumbList","@id":"https:\/\/koronapos.com\/de\/karriere\/#breadcrumb","itemListElement":[{"@type":"ListItem","position":1,"name":"Home","item":"https:\/\/koronapos.com\/de\/startseite\/"},{"@type":"ListItem","position":2,"name":"Karriere"}]},{"@type":"WebSite","@id":"https:\/\/koronapos.com\/de\/#website","url":"https:\/\/koronapos.com\/de\/","name":"KORONA POS by COMBASE","description":"KORONA POS by COMBASE: Custom Point of Sale Software","publisher":{"@id":"https:\/\/koronapos.com\/de\/#organization"},"alternateName":"KORONA POS","potentialAction":[{"@type":"SearchAction","target":{"@type":"EntryPoint","urlTemplate":"https:\/\/koronapos.com\/de\/?s={search_term_string}"},"query-input":{"@type":"PropertyValueSpecification","valueRequired":true,"valueName":"search_term_string"}}],"inLanguage":"de"},{"@type":"Organization","@id":"https:\/\/koronapos.com\/de\/#organization","name":"Korona POS","alternateName":"KORONA POS","url":"https:\/\/koronapos.com\/de\/","logo":{"@type":"ImageObject","inLanguage":"de","@id":"https:\/\/koronapos.com\/de\/#\/schema\/logo\/image\/","url":"https:\/\/koronapos.com\/wp-content\/uploads\/2025\/06\/KORONA-POS-NEW-LOGO-e1750866639197.png","contentUrl":"https:\/\/koronapos.com\/wp-content\/uploads\/2025\/06\/KORONA-POS-NEW-LOGO-e1750866639197.png","width":1198,"height":344,"caption":"Korona POS"},"image":{"@id":"https:\/\/koronapos.com\/de\/#\/schema\/logo\/image\/"},"sameAs":["https:\/\/www.facebook.com\/koronapos","https:\/\/x.com\/CombaseUSA","https:\/\/www.instagram.com\/koronapos\/","https:\/\/www.linkedin.com\/company\/combase-usa-inc-","https:\/\/www.youtube.com\/c\/Combase-usa\/f"],"description":"KORONA POS is a modern cloud point of sale software developed by COMBASE USA with specialized features for retailers, inventory management, event ticketing, quick-service restaurants, and more.","email":"inquiries@combase-usa.com","telephone":"1(833)200-0213","legalName":"COMBASE USA, Inc.","foundingDate":"2012-08-01","taxID":"1014657598","numberOfEmployees":{"@type":"QuantitativeValue","minValue":"11","maxValue":"50"}}]}},"_links":{"self":[{"href":"https:\/\/koronapos.com\/de\/wp-json\/wp\/v2\/pages\/86196","targetHints":{"allow":["GET"]}}],"collection":[{"href":"https:\/\/koronapos.com\/de\/wp-json\/wp\/v2\/pages"}],"about":[{"href":"https:\/\/koronapos.com\/de\/wp-json\/wp\/v2\/types\/page"}],"author":[{"embeddable":true,"href":"https:\/\/koronapos.com\/de\/wp-json\/wp\/v2\/users\/3"}],"replies":[{"embeddable":true,"href":"https:\/\/koronapos.com\/de\/wp-json\/wp\/v2\/comments?post=86196"}],"version-history":[{"count":2,"href":"https:\/\/koronapos.com\/de\/wp-json\/wp\/v2\/pages\/86196\/revisions"}],"predecessor-version":[{"id":104590,"href":"https:\/\/koronapos.com\/de\/wp-json\/wp\/v2\/pages\/86196\/revisions\/104590"}],"wp:attachment":[{"href":"https:\/\/koronapos.com\/de\/wp-json\/wp\/v2\/media?parent=86196"}],"curies":[{"name":"wp","href":"https:\/\/api.w.org\/{rel}","templated":true}]}}