{"id":86191,"date":"2022-05-10T20:33:06","date_gmt":"2022-05-11T03:33:06","guid":{"rendered":"https:\/\/koronapos.com\/ueber-uns\/"},"modified":"2026-03-31T07:36:29","modified_gmt":"2026-03-31T14:36:29","slug":"ueber-uns","status":"publish","type":"page","link":"https:\/\/koronapos.com\/de\/ueber-uns\/","title":{"rendered":"\u00dcber uns"},"content":{"rendered":"<div class=\"gb-container gb-container-9c0ade81\">\n<div class=\"gb-container gb-container-35013d09\">\n<div class=\"gb-grid-wrapper gb-grid-wrapper-33864732\">\n<div class=\"gb-grid-column gb-grid-column-1b10f890\"><div class=\"gb-container gb-container-1b10f890\">\n\n<h1 class=\"gb-headline gb-headline-ed900dbb gb-headline-text\">\u00dcber uns<\/h1>\n\n\n\n<h2 class=\"gb-headline gb-headline-0f56f5da gb-headline-text\">KORONA by COMBASE <\/h2>\n\n\n\n<p>COMBASE AG wurde 1994 in Dresden gegr\u00fcndet, und 2011 gr\u00fcndeten wir COMBASE USA, welches die Werte, die Erfahrung und die L\u00f6sungen der Combase AG (Deutschland) nach Nordamerika bringt.<\/p>\n\n\n\n<p>Wir bei COMBASE glauben, dass unser Erfolg direkt mit dem Erfolg unserer Kunden verbunden ist. Deshalb wurde KORONA POS so entwickelt, dass es flexibel und leistungsf\u00e4hig ist und gleichzeitig die einzigartigen Bed\u00fcrfnisse verschiedener Gesch\u00e4ftstypen aller Gr\u00f6\u00dfen erf\u00fcllt.<\/p>\n\n\n<div class=\"gb-grid-wrapper gb-grid-wrapper-795200e3\">\n<div class=\"gb-grid-column gb-grid-column-50fc68c6\"><div class=\"gb-container gb-container-50fc68c6\">\n\n<figure class=\"wp-block-image size-full\"><img decoding=\"async\" width=\"770\" height=\"1000\" src=\"https:\/\/koronapos.com\/wp-content\/uploads\/2025\/01\/G2-Winter-2025-Badge.png\" alt=\"\" class=\"wp-image-78837\" srcset=\"https:\/\/koronapos.com\/wp-content\/uploads\/2025\/01\/G2-Winter-2025-Badge.png 770w, https:\/\/koronapos.com\/wp-content\/uploads\/2025\/01\/G2-Winter-2025-Badge-231x300.png 231w, https:\/\/koronapos.com\/wp-content\/uploads\/2025\/01\/G2-Winter-2025-Badge-768x997.png 768w\" sizes=\"(max-width: 770px) 100vw, 770px\" \/><\/figure>\n\n<\/div><\/div>\n\n<div class=\"gb-grid-column gb-grid-column-406f0ea9\"><div class=\"gb-container gb-container-406f0ea9\">\n\n<!-- Begin SF Tag -->\n<div class=\"sf-root\" data-id=\"2951426\" data-badge=\"customers-love-us-white\" data-variant-id=\"sf\" style=\"width:125px\">\n    <a href=\"https:\/\/sourceforge.net\/software\/product\/KORONA\/\" target=\"_blank\" rel=\"noopener\">KORONA POS Bewertungen<\/a>\n<\/div>\n<script>(function () {var sc=document.createElement('script');sc.async=true;sc.src='https:\/\/b.sf-syn.com\/badge_js?sf_id=2951426&variant_id=sf';var p=document.getElementsByTagName('script')[0];p.parentNode.insertBefore(sc, p);})();\n<\/script>\n<!-- End SF Tag -->\n\n<\/div><\/div>\n\n<div class=\"gb-grid-column gb-grid-column-847fb760\"><div class=\"gb-container gb-container-847fb760\">\n\n<figure class=\"wp-block-image size-full\"><a href=\"https:\/\/koronapos.com\/de\/bewertungen-und-erfahrungsberichte\/\"><img decoding=\"async\" width=\"800\" height=\"625\" src=\"https:\/\/koronapos.com\/wp-content\/uploads\/2024\/05\/ca-shortlist-2024.png\" alt=\"\" class=\"wp-image-70213\" srcset=\"https:\/\/koronapos.com\/wp-content\/uploads\/2024\/05\/ca-shortlist-2024.png 800w, https:\/\/koronapos.com\/wp-content\/uploads\/2024\/05\/ca-shortlist-2024-300x234.png 300w, https:\/\/koronapos.com\/wp-content\/uploads\/2024\/05\/ca-shortlist-2024-768x600.png 768w\" sizes=\"(max-width: 800px) 100vw, 800px\" \/><\/a><\/figure>\n\n<\/div><\/div>\n\n<div class=\"gb-grid-column gb-grid-column-a8447d99\"><div class=\"gb-container gb-container-a8447d99\">\n\n<!-- Begin SF Tag -->\n<div class=\"sf-root\" data-id=\"2951426\" data-badge=\"leader-winter-white\" data-variant-id=\"sd\" data-metadata=\"achievement=leader-seasonal-2024-winter\" style=\"width:125px\">\n    <a href=\"https:\/\/slashdot.org\/software\/p\/KORONA\/\" target=\"_blank\" rel=\"noopener\">KORONA POS Bewertungen<\/a>\n<\/div>\n<script>(function () {var sc=document.createElement('script');sc.async=true;sc.src='https:\/\/b.sf-syn.com\/badge_js?sf_id=2951426&variant_id=sd';var p=document.getElementsByTagName('script')[0];p.parentNode.insertBefore(sc, p);})();\n<\/script>\n<!-- End SF Tag -->\n\n<\/div><\/div>\n<\/div>\n<\/div><\/div>\n\n<div class=\"gb-grid-column gb-grid-column-bd226bff\"><div class=\"gb-container gb-container-bd226bff\">\n<div class=\"gb-container gb-container-1b67d088\"><\/div>\n<\/div><\/div>\n<\/div>\n<\/div>\n<\/div>\n\n<div class=\"gb-container gb-container-5c27e0e7 alignfull\">\n<div class=\"gb-container gb-container-6e28a9c9\">\n<div class=\"gb-grid-wrapper gb-grid-wrapper-7d07b03b\">\n<div class=\"gb-grid-column gb-grid-column-40797388\"><div class=\"gb-container gb-container-40797388\">\n<div class=\"gb-container gb-container-1d412c02\"><\/div>\n<\/div><\/div>\n\n<div class=\"gb-grid-column gb-grid-column-cd951116\"><div class=\"gb-container gb-container-cd951116\">\n\n<h2 class=\"gb-headline gb-headline-f6c525bd gb-headline-text\">Warum Sie uns w\u00e4hlen sollten<\/h2>\n\n\n\n<h3 class=\"gb-headline gb-headline-6ccdb742 gb-headline-text\">Wir m\u00f6chten, dass Sie Erfolg haben!<\/h3>\n\n\n\n<p class=\"gb-headline gb-headline-246cd71c gb-headline-text\">Wir sind stolz darauf, zukunftsorientiert und innovativ zu sein. Unsere Softwarel\u00f6sungen haben unseren Kunden wiederholt geholfen, ihre Wettbewerbsf\u00e4higkeit, Rentabilit\u00e4t und Mitarbeitermotivation zu verbessern. <\/p>\n\n\n<div class=\"gb-grid-wrapper gb-grid-wrapper-e848adc2\">\n<div class=\"gb-grid-column gb-grid-column-1affe92f\"><div class=\"gb-container gb-container-1affe92f\">\n\n<p class=\"gb-headline gb-headline-206e7ed7\"><span class=\"gb-icon\"><svg xmlns=\"http:\/\/www.w3.org\/2000\/svg\" aria-hidden=\"true\" role=\"img\" height=\"1em\" width=\"1em\" viewBox=\"0 0 512 512\"><path fill=\"currentColor\" d=\"M256 8C119.033 8 8 119.033 8 256s111.033 248 248 248 248-111.033 248-248S392.967 8 256 8zm80 248c0 44.112-35.888 80-80 80s-80-35.888-80-80 35.888-80 80-80 80 35.888 80 80z\"><\/path><\/svg><\/span><span class=\"gb-headline-text\">Wir bef\u00e4higen Unternehmen zum Erfolg<\/span><\/p>\n\n\n\n<p class=\"gb-headline gb-headline-947bee19\"><span class=\"gb-icon\"><svg xmlns=\"http:\/\/www.w3.org\/2000\/svg\" aria-hidden=\"true\" role=\"img\" height=\"1em\" width=\"1em\" viewBox=\"0 0 512 512\"><path fill=\"currentColor\" d=\"M256 8C119.033 8 8 119.033 8 256s111.033 248 248 248 248-111.033 248-248S392.967 8 256 8zm80 248c0 44.112-35.888 80-80 80s-80-35.888-80-80 35.888-80 80-80 80 35.888 80 80z\"><\/path><\/svg><\/span><span class=\"gb-headline-text\">Wir bieten flexible und leistungsstarke Software<\/span><\/p>\n\n\n\n<p class=\"gb-headline gb-headline-bf67a6d3\"><span class=\"gb-icon\"><svg xmlns=\"http:\/\/www.w3.org\/2000\/svg\" aria-hidden=\"true\" role=\"img\" height=\"1em\" width=\"1em\" viewBox=\"0 0 512 512\"><path fill=\"currentColor\" d=\"M256 8C119.033 8 8 119.033 8 256s111.033 248 248 248 248-111.033 248-248S392.967 8 256 8zm80 248c0 44.112-35.888 80-80 80s-80-35.888-80-80 35.888-80 80-80 80 35.888 80 80z\"><\/path><\/svg><\/span><span class=\"gb-headline-text\">Wir bieten innovative L\u00f6sungen<\/span><\/p>\n\n<\/div><\/div>\n<\/div>\n<\/div><\/div>\n<\/div>\n<\/div>\n<\/div>\n\n<div class=\"gb-container gb-container-47c4bf84\">\n<div class=\"gb-container gb-container-6453c58d\">\n<div class=\"gb-grid-wrapper gb-grid-wrapper-f3281b31\">\n<div class=\"gb-grid-column gb-grid-column-f4f95654\"><div class=\"gb-container gb-container-f4f95654\">\n\n<h2 class=\"gb-headline gb-headline-6899be10 gb-headline-text\">Wir stellen ein<\/h2>\n\n\n\n<h3 class=\"gb-headline gb-headline-b312b4be gb-headline-text\">Werden Sie Teil des Teams<\/h3>\n\n\n\n<p class=\"gb-headline gb-headline-0e669882 gb-headline-text\">Sind Sie daran interessiert, Unternehmen zum Erfolg zu verhelfen? Arbeiten Sie mit uns zusammen und werden Sie Teil der am schnellsten wachsenden Point-of-Sale-L\u00f6sung der Branche.   <\/p>\n\n\n<div class=\"gb-container gb-container-057f9d0a\">\n\n<a class=\"gb-button gb-button-66ec2dba gb-button-text gbp-button--primary\" href=\"https:\/\/ats.rippling.com\/combase-usa\/jobs\" target=\"_blank\" rel=\"noopener noreferrer\">SIEHE OFFENE STELLEN<\/a>\n\n<\/div>\n<\/div><\/div>\n\n<div class=\"gb-grid-column gb-grid-column-b26689cd\"><div class=\"gb-container gb-container-b26689cd\"><\/div><\/div>\n<\/div>\n<\/div>\n<\/div>\n\n\n<p><\/p>\n","protected":false},"excerpt":{"rendered":"","protected":false},"author":1,"featured_media":0,"parent":0,"menu_order":0,"comment_status":"closed","ping_status":"closed","template":"","meta":{"footnotes":""},"class_list":{"0":"post-86191","1":"page","2":"type-page","3":"status-publish","5":"infinite-scroll-item","6":"no-featured-image-padding"},"yoast_head":"<!-- This site is optimized with the Yoast SEO Premium plugin v27.3 (Yoast SEO v27.3) - https:\/\/yoast.com\/product\/yoast-seo-premium-wordpress\/ -->\n<title>\u00dcber uns | KORONA POS by COMBASE<\/title>\n<meta name=\"description\" content=\"Erfahren sie mehr \u00fcber uns - KORONA POS by COMBASE\" \/>\n<meta name=\"robots\" content=\"index, follow, max-snippet:-1, max-image-preview:large, max-video-preview:-1\" \/>\n<link rel=\"canonical\" href=\"https:\/\/koronapos.com\/de\/ueber-uns\/\" \/>\n<meta property=\"og:locale\" content=\"de_DE\" \/>\n<meta property=\"og:type\" content=\"article\" \/>\n<meta property=\"og:title\" content=\"\u00dcber uns\" \/>\n<meta property=\"og:description\" content=\"Erfahren sie mehr \u00fcber uns - KORONA POS by COMBASE\" \/>\n<meta property=\"og:url\" content=\"https:\/\/koronapos.com\/de\/ueber-uns\/\" \/>\n<meta property=\"og:site_name\" content=\"KORONA POS by COMBASE\" \/>\n<meta property=\"article:publisher\" content=\"https:\/\/www.facebook.com\/koronapos\" \/>\n<meta property=\"article:modified_time\" content=\"2026-03-31T14:36:29+00:00\" \/>\n<meta property=\"og:image\" content=\"https:\/\/koronapos.com\/wp-content\/uploads\/2025\/01\/G2-Winter-2025-Badge.png\" \/>\n\t<meta property=\"og:image:width\" content=\"770\" \/>\n\t<meta property=\"og:image:height\" content=\"1000\" \/>\n\t<meta property=\"og:image:type\" content=\"image\/png\" \/>\n<meta name=\"twitter:card\" content=\"summary_large_image\" \/>\n<meta name=\"twitter:site\" content=\"@CombaseUSA\" \/>\n<meta name=\"twitter:label1\" content=\"Gesch\u00e4tzte Lesezeit\" \/>\n\t<meta name=\"twitter:data1\" content=\"2\u00a0Minuten\" \/>\n<script type=\"application\/ld+json\" class=\"yoast-schema-graph\">{\"@context\":\"https:\\\/\\\/schema.org\",\"@graph\":[{\"@type\":\"WebPage\",\"@id\":\"https:\\\/\\\/koronapos.com\\\/de\\\/ueber-uns\\\/\",\"url\":\"https:\\\/\\\/koronapos.com\\\/de\\\/ueber-uns\\\/\",\"name\":\"\u00dcber uns | KORONA POS by COMBASE\",\"isPartOf\":{\"@id\":\"https:\\\/\\\/koronapos.com\\\/de\\\/#website\"},\"primaryImageOfPage\":{\"@id\":\"https:\\\/\\\/koronapos.com\\\/de\\\/ueber-uns\\\/#primaryimage\"},\"image\":{\"@id\":\"https:\\\/\\\/koronapos.com\\\/de\\\/ueber-uns\\\/#primaryimage\"},\"thumbnailUrl\":\"https:\\\/\\\/koronapos.com\\\/wp-content\\\/uploads\\\/2025\\\/01\\\/G2-Winter-2025-Badge.png\",\"datePublished\":\"2022-05-11T03:33:06+00:00\",\"dateModified\":\"2026-03-31T14:36:29+00:00\",\"description\":\"Erfahren sie mehr \u00fcber uns - KORONA POS by COMBASE\",\"breadcrumb\":{\"@id\":\"https:\\\/\\\/koronapos.com\\\/de\\\/ueber-uns\\\/#breadcrumb\"},\"inLanguage\":\"de\",\"potentialAction\":[{\"@type\":\"ReadAction\",\"target\":[\"https:\\\/\\\/koronapos.com\\\/de\\\/ueber-uns\\\/\"]}]},{\"@type\":\"ImageObject\",\"inLanguage\":\"de\",\"@id\":\"https:\\\/\\\/koronapos.com\\\/de\\\/ueber-uns\\\/#primaryimage\",\"url\":\"https:\\\/\\\/koronapos.com\\\/wp-content\\\/uploads\\\/2025\\\/01\\\/G2-Winter-2025-Badge.png\",\"contentUrl\":\"https:\\\/\\\/koronapos.com\\\/wp-content\\\/uploads\\\/2025\\\/01\\\/G2-Winter-2025-Badge.png\"},{\"@type\":\"BreadcrumbList\",\"@id\":\"https:\\\/\\\/koronapos.com\\\/de\\\/ueber-uns\\\/#breadcrumb\",\"itemListElement\":[{\"@type\":\"ListItem\",\"position\":1,\"name\":\"Home\",\"item\":\"https:\\\/\\\/koronapos.com\\\/de\\\/startseite\\\/\"},{\"@type\":\"ListItem\",\"position\":2,\"name\":\"\u00dcber uns\"}]},{\"@type\":\"WebSite\",\"@id\":\"https:\\\/\\\/koronapos.com\\\/de\\\/#website\",\"url\":\"https:\\\/\\\/koronapos.com\\\/de\\\/\",\"name\":\"KORONA POS by COMBASE\",\"description\":\"KORONA POS by COMBASE: Custom Point of Sale Software\",\"publisher\":{\"@id\":\"https:\\\/\\\/koronapos.com\\\/de\\\/#organization\"},\"alternateName\":\"KORONA POS\",\"potentialAction\":[{\"@type\":\"SearchAction\",\"target\":{\"@type\":\"EntryPoint\",\"urlTemplate\":\"https:\\\/\\\/koronapos.com\\\/de\\\/?s={search_term_string}\"},\"query-input\":{\"@type\":\"PropertyValueSpecification\",\"valueRequired\":true,\"valueName\":\"search_term_string\"}}],\"inLanguage\":\"de\"},{\"@type\":\"Organization\",\"@id\":\"https:\\\/\\\/koronapos.com\\\/de\\\/#organization\",\"name\":\"Korona POS\",\"alternateName\":\"KORONA POS\",\"url\":\"https:\\\/\\\/koronapos.com\\\/de\\\/\",\"logo\":{\"@type\":\"ImageObject\",\"inLanguage\":\"de\",\"@id\":\"https:\\\/\\\/koronapos.com\\\/de\\\/#\\\/schema\\\/logo\\\/image\\\/\",\"url\":\"https:\\\/\\\/koronapos.com\\\/wp-content\\\/uploads\\\/2025\\\/06\\\/KORONA-POS-NEW-LOGO-e1750866639197.png\",\"contentUrl\":\"https:\\\/\\\/koronapos.com\\\/wp-content\\\/uploads\\\/2025\\\/06\\\/KORONA-POS-NEW-LOGO-e1750866639197.png\",\"width\":1198,\"height\":344,\"caption\":\"Korona POS\"},\"image\":{\"@id\":\"https:\\\/\\\/koronapos.com\\\/de\\\/#\\\/schema\\\/logo\\\/image\\\/\"},\"sameAs\":[\"https:\\\/\\\/www.facebook.com\\\/koronapos\",\"https:\\\/\\\/x.com\\\/CombaseUSA\",\"https:\\\/\\\/www.instagram.com\\\/koronapos\\\/\",\"https:\\\/\\\/www.linkedin.com\\\/company\\\/combase-usa-inc-\",\"https:\\\/\\\/www.youtube.com\\\/c\\\/Combase-usa\\\/f\"],\"description\":\"KORONA POS is a modern cloud point of sale software developed by COMBASE USA with specialized features for retailers, inventory management, event ticketing, quick-service restaurants, and more.\",\"email\":\"inquiries@combase-usa.com\",\"telephone\":\"1(833)200-0213\",\"legalName\":\"COMBASE USA, Inc.\",\"foundingDate\":\"2012-08-01\",\"taxID\":\"1014657598\",\"numberOfEmployees\":{\"@type\":\"QuantitativeValue\",\"minValue\":\"11\",\"maxValue\":\"50\"}}]}<\/script>\n<!-- \/ Yoast SEO Premium plugin. -->","yoast_head_json":{"title":"\u00dcber uns | KORONA POS by COMBASE","description":"Erfahren sie mehr \u00fcber uns - KORONA POS by COMBASE","robots":{"index":"index","follow":"follow","max-snippet":"max-snippet:-1","max-image-preview":"max-image-preview:large","max-video-preview":"max-video-preview:-1"},"canonical":"https:\/\/koronapos.com\/de\/ueber-uns\/","og_locale":"de_DE","og_type":"article","og_title":"\u00dcber uns","og_description":"Erfahren sie mehr \u00fcber uns - KORONA POS by COMBASE","og_url":"https:\/\/koronapos.com\/de\/ueber-uns\/","og_site_name":"KORONA POS by COMBASE","article_publisher":"https:\/\/www.facebook.com\/koronapos","article_modified_time":"2026-03-31T14:36:29+00:00","og_image":[{"width":770,"height":1000,"url":"https:\/\/koronapos.com\/wp-content\/uploads\/2025\/01\/G2-Winter-2025-Badge.png","type":"image\/png"}],"twitter_card":"summary_large_image","twitter_site":"@CombaseUSA","twitter_misc":{"Gesch\u00e4tzte Lesezeit":"2\u00a0Minuten"},"schema":{"@context":"https:\/\/schema.org","@graph":[{"@type":"WebPage","@id":"https:\/\/koronapos.com\/de\/ueber-uns\/","url":"https:\/\/koronapos.com\/de\/ueber-uns\/","name":"\u00dcber uns | KORONA POS by COMBASE","isPartOf":{"@id":"https:\/\/koronapos.com\/de\/#website"},"primaryImageOfPage":{"@id":"https:\/\/koronapos.com\/de\/ueber-uns\/#primaryimage"},"image":{"@id":"https:\/\/koronapos.com\/de\/ueber-uns\/#primaryimage"},"thumbnailUrl":"https:\/\/koronapos.com\/wp-content\/uploads\/2025\/01\/G2-Winter-2025-Badge.png","datePublished":"2022-05-11T03:33:06+00:00","dateModified":"2026-03-31T14:36:29+00:00","description":"Erfahren sie mehr \u00fcber uns - KORONA POS by COMBASE","breadcrumb":{"@id":"https:\/\/koronapos.com\/de\/ueber-uns\/#breadcrumb"},"inLanguage":"de","potentialAction":[{"@type":"ReadAction","target":["https:\/\/koronapos.com\/de\/ueber-uns\/"]}]},{"@type":"ImageObject","inLanguage":"de","@id":"https:\/\/koronapos.com\/de\/ueber-uns\/#primaryimage","url":"https:\/\/koronapos.com\/wp-content\/uploads\/2025\/01\/G2-Winter-2025-Badge.png","contentUrl":"https:\/\/koronapos.com\/wp-content\/uploads\/2025\/01\/G2-Winter-2025-Badge.png"},{"@type":"BreadcrumbList","@id":"https:\/\/koronapos.com\/de\/ueber-uns\/#breadcrumb","itemListElement":[{"@type":"ListItem","position":1,"name":"Home","item":"https:\/\/koronapos.com\/de\/startseite\/"},{"@type":"ListItem","position":2,"name":"\u00dcber uns"}]},{"@type":"WebSite","@id":"https:\/\/koronapos.com\/de\/#website","url":"https:\/\/koronapos.com\/de\/","name":"KORONA POS by COMBASE","description":"KORONA POS by COMBASE: Custom Point of Sale Software","publisher":{"@id":"https:\/\/koronapos.com\/de\/#organization"},"alternateName":"KORONA POS","potentialAction":[{"@type":"SearchAction","target":{"@type":"EntryPoint","urlTemplate":"https:\/\/koronapos.com\/de\/?s={search_term_string}"},"query-input":{"@type":"PropertyValueSpecification","valueRequired":true,"valueName":"search_term_string"}}],"inLanguage":"de"},{"@type":"Organization","@id":"https:\/\/koronapos.com\/de\/#organization","name":"Korona POS","alternateName":"KORONA POS","url":"https:\/\/koronapos.com\/de\/","logo":{"@type":"ImageObject","inLanguage":"de","@id":"https:\/\/koronapos.com\/de\/#\/schema\/logo\/image\/","url":"https:\/\/koronapos.com\/wp-content\/uploads\/2025\/06\/KORONA-POS-NEW-LOGO-e1750866639197.png","contentUrl":"https:\/\/koronapos.com\/wp-content\/uploads\/2025\/06\/KORONA-POS-NEW-LOGO-e1750866639197.png","width":1198,"height":344,"caption":"Korona POS"},"image":{"@id":"https:\/\/koronapos.com\/de\/#\/schema\/logo\/image\/"},"sameAs":["https:\/\/www.facebook.com\/koronapos","https:\/\/x.com\/CombaseUSA","https:\/\/www.instagram.com\/koronapos\/","https:\/\/www.linkedin.com\/company\/combase-usa-inc-","https:\/\/www.youtube.com\/c\/Combase-usa\/f"],"description":"KORONA POS is a modern cloud point of sale software developed by COMBASE USA with specialized features for retailers, inventory management, event ticketing, quick-service restaurants, and more.","email":"inquiries@combase-usa.com","telephone":"1(833)200-0213","legalName":"COMBASE USA, Inc.","foundingDate":"2012-08-01","taxID":"1014657598","numberOfEmployees":{"@type":"QuantitativeValue","minValue":"11","maxValue":"50"}}]}},"_links":{"self":[{"href":"https:\/\/koronapos.com\/de\/wp-json\/wp\/v2\/pages\/86191","targetHints":{"allow":["GET"]}}],"collection":[{"href":"https:\/\/koronapos.com\/de\/wp-json\/wp\/v2\/pages"}],"about":[{"href":"https:\/\/koronapos.com\/de\/wp-json\/wp\/v2\/types\/page"}],"author":[{"embeddable":true,"href":"https:\/\/koronapos.com\/de\/wp-json\/wp\/v2\/users\/1"}],"replies":[{"embeddable":true,"href":"https:\/\/koronapos.com\/de\/wp-json\/wp\/v2\/comments?post=86191"}],"version-history":[{"count":1,"href":"https:\/\/koronapos.com\/de\/wp-json\/wp\/v2\/pages\/86191\/revisions"}],"predecessor-version":[{"id":104548,"href":"https:\/\/koronapos.com\/de\/wp-json\/wp\/v2\/pages\/86191\/revisions\/104548"}],"wp:attachment":[{"href":"https:\/\/koronapos.com\/de\/wp-json\/wp\/v2\/media?parent=86191"}],"curies":[{"name":"wp","href":"https:\/\/api.w.org\/{rel}","templated":true}]}}